{"id":10,"date":"2010-10-18T14:32:51","date_gmt":"2010-10-18T12:32:51","guid":{"rendered":"http:\/\/www.tugtowing.cz\/?page_id=10"},"modified":"2023-02-02T19:48:46","modified_gmt":"2023-02-02T18:48:46","slug":"pravidla","status":"publish","type":"page","link":"https:\/\/www.tugtowing.cz\/?page_id=10","title":{"rendered":"Pravidla"},"content":{"rendered":"<p><a class=\"shutterset_\" title=\" \" href=\"https:\/\/www.tugtowing.cz\/wp-content\/uploads\/default\/pravidla.jpg\" data-image-id=\"249\"><img loading=\"lazy\" decoding=\"async\" class=\"ngg-singlepic ngg-left alignleft\" src=\"https:\/\/www.tugtowing.cz\/wp-content\/uploads\/default\/thumbs\/thumbs_pravidla.jpg\" alt=\"pravidla\" width=\"100\" height=\"75\"><\/a>P\u0159ehled pravidel a v\u0161e co s nimi souvis\u00ed. Pravidla pro tug towing se mohou zd\u00e1t po prvn\u00edm p\u0159e\u010dten\u00ed slo\u017eit\u00e1 a komplikovan\u00e1. Ve skute\u010dnosti podrobn\u011b popisuj\u00ed jednoduch\u00e9 situace, kter\u00e9 mohou b\u011bhem sout\u011b\u017en\u00ed plavby nastat.<\/p>\n<p>Svoje dotazy t\u00fdkaj\u00edc\u00ed se pravidel m\u016f\u017eete pos\u00edlat na adresu:<br \/>\n<a href=\"mailto:tugtowing@gmail.com\"><strong>tugtowing@gmail.com<\/strong><\/a><br \/>\nVa\u0161e dotazy budou zve\u0159ejny i s odpov\u011bd\u00ed na t\u00e9to str\u00e1nce.<\/p>\n<p>Pravidla pro tug towing byly stanoveny podle anglick\u00fdch pravidel a postupn\u011b dopln\u011bny a up\u0159esn\u011bny podle vlastn\u00ed pot\u0159eby na z\u00e1klad\u011b z\u00edskan\u00fdch zku\u0161enost\u00ed ze sout\u011b\u017en\u00edch plaveb. B\u011bhem sout\u011b\u017en\u00ed sez\u00f3ny se pravidla nem\u011bn\u00ed, jen ve v\u00fdjime\u010dn\u00fdch p\u0159\u00edpadech. Jedinou \u010d\u00e1st\u00ed pravidel, kter\u00e1 se m\u016f\u017ee b\u011bhem jedn\u00e9 sez\u00f3ny m\u011bnit \u010dast\u011bji je katalog p\u0159ek\u00e1\u017eek v p\u0159\u00edpad\u011b, \u017ee vznikne nov\u00e1 p\u0159ek\u00e1\u017eka a je pot\u0159eba stanovit jej\u00ed proplouv\u00e1n\u00ed.<\/p>\n<p>Pravidla pro tug towing spravuje a vyd\u00e1v\u00e1 ob\u010dansk\u00e9 sdru\u017een\u00ed <a href=\"?page_id=52\" target=\"_self\" rel=\"noopener noreferrer\"><strong>Spolek NAMOLO!<\/strong><\/a> konkr\u00e9tn\u011b <a href=\"?page_id=35\" target=\"_self\" rel=\"noopener noreferrer\">skupina rozhod\u010d\u00edch<\/a>. Pokud m\u00e1 b\u00fdt regata za\u0159azena do seri\u00e1lu <strong>Tug Towing Cup<\/strong>, mus\u00ed prob\u011bhnout podle platn\u00fdch pravidel, kter\u00e1 jsou zde zve\u0159ejn\u011bna v pln\u00e9m zn\u011bn\u00ed.<\/p>\n<p>P\u0159ed zah\u00e1jen\u00edm ka\u017ed\u00e9 regaty je doporu\u010deno svolat poradu <a href=\"?page_id=35\" target=\"_self\" rel=\"noopener noreferrer\">rozhod\u010d\u00edch<\/a>. Na porad\u011b prob\u011bhne ujasn\u011bn\u00ed hodnocen\u00ed proplouv\u00e1n\u00ed trat\u011b a ujednocen\u00ed v\u00fdkladu pravidel vzhledem k postaven\u00e9 trati. Sout\u011b\u017e\u00edc\u00ed by pak m\u011bli b\u00fdt sezn\u00e1meni se zp\u016fsobem proplut\u00ed slo\u017eit\u011bj\u0161\u00edch p\u0159ek\u00e1\u017eek a zp\u016fsobem jak budou rozhod\u010d\u00ed jejich proplouv\u00e1n\u00ed hodnotit.<\/p>\n<p><strong>Dal\u0161\u00ed rubriky:<\/strong><\/p>\n<ul>\n<li><a title=\"TT 1,7\" href=\"https:\/\/www.tugtowing.cz\/?page_id=66\">Tug Towing ver. 1.7<\/a><\/li>\n<li><a title=\"TT ver. 1.8\" href=\"https:\/\/www.tugtowing.cz\/?page_id=74\">Tug Towing ver. 1.8<\/a><\/li>\n<li><a title=\"TT ver. 1,9\" href=\"https:\/\/www.tugtowing.cz\/?page_id=2276\">Tug Towing ver. 1.9<\/a><\/li>\n<li><a title=\"Tug Towing ver. 1.10\" href=\"https:\/\/www.tugtowing.cz\/?page_id=4203\">Tug Towing ver. 1.10<\/a><\/li>\n<li><a href=\"https:\/\/www.tugtowing.cz\/?page_id=7530\">Tug Towing ver. 3.0<\/a><\/li>\n<li><a href=\"https:\/\/www.tugtowing.cz\/?page_id=10426\">Tug Towing ver. 3.1<\/a><\/li>\n<li><a title=\"TTC 2010\" href=\"https:\/\/www.tugtowing.cz\/?page_id=152\">Tug Towing Cup 2010<\/a><\/li>\n<li><a title=\"TTC 2011\" href=\"https:\/\/www.tugtowing.cz\/?page_id=13\">Tug Towing Cup 2011<\/a><\/li>\n<li><a title=\"TTC 2012\" href=\"https:\/\/www.tugtowing.cz\/?page_id=2126\">Tug Towing Cup 2012<\/a><\/li>\n<li><a title=\"Pravidla TTC 2013\" href=\"https:\/\/www.tugtowing.cz\/?page_id=3022\">Tug Towing Cup 2013<\/a><\/li>\n<li><a title=\"Tug Towing Cup 2014\" href=\"https:\/\/www.tugtowing.cz\/?page_id=4034\">Tug Towing Cup 2014<\/a><\/li>\n<li><a title=\"TTC 2015\" href=\"https:\/\/www.tugtowing.cz\/?page_id=5860\">Tug Towing Cup 2015<\/a><\/li>\n<li><a href=\"https:\/\/www.tugtowing.cz\/?page_id=7565\">Tug Towing Cup 2016<\/a><\/li>\n<li><a href=\"https:\/\/www.tugtowing.cz\/?page_id=8447\">Tug Towing Cup 2017<\/a><\/li>\n<li><a href=\"https:\/\/www.tugtowing.cz\/?page_id=9234\">Tug Towing Cup 2018<\/a><\/li>\n<li><a href=\"https:\/\/www.tugtowing.cz\/?page_id=9715\">Tug Towing Cup 2019<\/a><\/li>\n<li><a href=\"https:\/\/www.tugtowing.cz\/?page_id=10118\">Tug <\/a>Towing <a href=\"https:\/\/www.tugtowing.cz\/?page_id=10118\">Cup 2020<\/a><\/li>\n<li><a href=\"https:\/\/www.tugtowing.cz\/?page_id=10435\">Tug Towing Cup 2021<\/a><\/li>\n<li><a href=\"https:\/\/www.tugtowing.cz\/?page_id=10669\">Tug Towing Cup 2022<\/a><\/li>\n<li><a href=\"https:\/\/www.tugtowing.cz\/?page_id=10817\">Tug Towing Cup 2023<\/a><\/li>\n<li><a title=\"M\u011b\u0159en\u00ed tahu remork\u00e9ru\" href=\"https:\/\/www.tugtowing.cz\/?page_id=19\">M\u011b\u0159en\u00ed tahu remork\u00e9ru<\/a><\/li>\n<li><a title=\"No\u010dn\u00ed plavby\" href=\"https:\/\/www.tugtowing.cz\/?page_id=15\">No\u010dn\u00ed plavby<\/a><\/li>\n<li><a title=\"Z\u00e1pisy j\u00edzd\" href=\"https:\/\/www.tugtowing.cz\/?page_id=17\">Z\u00e1pisy j\u00edzd<\/a><\/li>\n<\/ul>\n<p><span style=\"border-radius: 2px; text-indent: 20px; width: auto; padding: 0px 4px 0px 0px; text-align: center; font: bold 11px\/20px 'Helvetica Neue',Helvetica,sans-serif; color: #ffffff; background: #bd081c no-repeat scroll 3px 50% \/ 14px 14px; position: absolute; opacity: 1; z-index: 8675309; display: none; cursor: pointer;\">Ulo\u017eit<\/span><\/p>\n<p><span style=\"border-radius: 2px; text-indent: 20px; width: auto; padding: 0px 4px 0px 0px; text-align: center; font: bold 11px\/20px 'Helvetica Neue',Helvetica,sans-serif; color: #ffffff; background: #bd081c no-repeat scroll 3px 50% \/ 14px 14px; position: absolute; opacity: 1; z-index: 8675309; display: none; cursor: pointer;\">Ulo\u017eit<\/span><\/p>\n","protected":false},"excerpt":{"rendered":"<p>P\u0159ehled pravidel a v\u0161e co s nimi souvis\u00ed. Pravidla pro tug towing se mohou zd\u00e1t po prvn\u00edm p\u0159e\u010dten\u00ed slo\u017eit\u00e1 a komplikovan\u00e1. Ve skute\u010dnosti podrobn\u011b popisuj\u00ed jednoduch\u00e9 situace, kter\u00e9 mohou b\u011bhem sout\u011b\u017en\u00ed plavby nastat. Svoje dotazy t\u00fdkaj\u00edc\u00ed se pravidel m\u016f\u017eete pos\u00edlat na adresu: tugtowing@gmail.com Va\u0161e dotazy budou zve\u0159ejny i s odpov\u011bd\u00ed na t\u00e9to str\u00e1nce. Pravidla pro [&hellip;]<\/p>\n","protected":false},"author":1,"featured_media":0,"parent":0,"menu_order":4,"comment_status":"closed","ping_status":"closed","template":"","meta":{"footnotes":""},"class_list":["post-10","page","type-page","status-publish","hentry"],"_links":{"self":[{"href":"https:\/\/www.tugtowing.cz\/index.php?rest_route=\/wp\/v2\/pages\/10","targetHints":{"allow":["GET"]}}],"collection":[{"href":"https:\/\/www.tugtowing.cz\/index.php?rest_route=\/wp\/v2\/pages"}],"about":[{"href":"https:\/\/www.tugtowing.cz\/index.php?rest_route=\/wp\/v2\/types\/page"}],"author":[{"embeddable":true,"href":"https:\/\/www.tugtowing.cz\/index.php?rest_route=\/wp\/v2\/users\/1"}],"replies":[{"embeddable":true,"href":"https:\/\/www.tugtowing.cz\/index.php?rest_route=%2Fwp%2Fv2%2Fcomments&post=10"}],"version-history":[{"count":9,"href":"https:\/\/www.tugtowing.cz\/index.php?rest_route=\/wp\/v2\/pages\/10\/revisions"}],"predecessor-version":[{"id":10863,"href":"https:\/\/www.tugtowing.cz\/index.php?rest_route=\/wp\/v2\/pages\/10\/revisions\/10863"}],"wp:attachment":[{"href":"https:\/\/www.tugtowing.cz\/index.php?rest_route=%2Fwp%2Fv2%2Fmedia&parent=10"}],"curies":[{"name":"wp","href":"https:\/\/api.w.org\/{rel}","templated":true}]}}