{"id":10056,"date":"2019-09-25T20:50:09","date_gmt":"2019-09-25T19:50:09","guid":{"rendered":"http:\/\/www.tugtowing.cz\/?page_id=10056"},"modified":"2023-01-29T16:56:21","modified_gmt":"2023-01-29T15:56:21","slug":"zapis-z-clenske-schuze-dne-05-06-2016-1-1-1","status":"publish","type":"page","link":"https:\/\/www.tugtowing.cz\/?page_id=10056","title":{"rendered":"Z\u00e1pis z \u010dlensk\u00e9 sch\u016fze 2019"},"content":{"rendered":"<p>Z\u00e1pis ze zased\u00e1n\u00ed \u010clensk\u00e9 sch\u016fze<\/p>\n<p><strong>Spolku NAMOLO!<\/strong><\/p>\n<p>konan\u00e9 dne&nbsp; <strong>15. \u010dervna 2019<\/strong>, ve 20:00 hod<\/p>\n<p><strong>M\u00edsto jedn\u00e1n\u00ed: <\/strong>Protivanov, Rekrea\u010dn\u00ed st\u0159edisko<\/p>\n<p><strong>Hlavn\u00ed body jedn\u00e1n\u00ed:<\/strong><\/p>\n<ol>\n<li>Finan\u010dn\u00ed zpr\u00e1va za rok 2018<\/li>\n<li>\u010cinnost Spolku NAMOLO! v roce 2020<\/li>\n<li>Nov\u00fd form\u00e1t regat v roce 2020<\/li>\n<li>N\u00e1bor nov\u00fdch \u010dlen\u016f<\/li>\n<li>Ud\u011blov\u00e1n\u00ed cen v rove 2020<\/li>\n<li>Stavba nov\u00e9ho vleku pro tla\u010dn\u00e9 remork\u00e9ry<\/li>\n<li>Klubov\u00e1 brig\u00e1da<\/li>\n<\/ol>\n<p><strong>Prezen\u010dn\u00ed listina \u2013 <\/strong>viz p\u0159\u00edloha<\/p>\n<p>Zased\u00e1n\u00ed \u010clensk\u00e9 sch\u016fze spolku se z\u00fa\u010dastnilo 14 z&nbsp;19-ti \u010dlen\u016f spolku, hlasovac\u00ed pr\u00e1vo m\u011blo 13 \u010dlen\u016f.<\/p>\n<p>Tato \u010dlensk\u00e1 sch\u016fze tedy dle \u010dl. 5\/4 platn\u00fdch Stanov JE&nbsp; usn\u00e1\u0161en\u00edschopn\u00e1<\/p>\n<p><strong>\u00davod<\/strong><\/p>\n<p>\u0158\u00edzen\u00ed zased\u00e1n\u00ed \u010clensk\u00e9 sch\u016fze se ujal a \u00favodn\u00ed slovo p\u0159ednesl p. Jaroslav Va\u0161keba, kter\u00fd zah\u00e1jil zased\u00e1n\u00ed a p\u0159ednesl zdravici od p\u0159edsedkyn\u011b Spolku NAMOLO! Moniky Va\u0161kebov\u00e9.<\/p>\n<p><strong>add bod 1.)<br \/>\n<\/strong><\/p>\n<p>Pan Jaroslav Va\u0161keba, p\u0159ednesl finan\u010dn\u00ed zpr\u00e1vu za rok 2018 a p\u0159edb\u011b\u017enou zpr\u00e1vu za rok 2019. Bylo konstatov\u00e1no, \u017ee finan\u010dn\u00ed opat\u0159en\u00ed p\u0159ijat\u00e1 v lo\u0148sk\u00e9m roce, p\u0159inesla zlep\u0161en\u00ed finan\u010dn\u00ed situace &nbsp; Spoleku NAMOLO! a v sez\u00f3n\u011b 2020 finan\u010dn\u00edch \u0161krt\u016f nebude ji\u017e z\u0159ejm\u011b t\u0159eba.<\/p>\n<p><strong>add bod 2.)<\/strong><\/p>\n<p>Jaroslav Va\u0161keba p\u0159ednesl pl\u00e1novanou \u010dinnost Spolku NAMOLO! Budou op\u011bt uspo\u0159\u00e1d\u00e1ny \u010dty\u0159i regaty, kter\u00e9 budou zapo\u010d\u00edt\u00e1ny do Tug Towing Cupu 2020. Prvn\u00ed se uskute\u010dn\u00ed tradi\u010dn\u011b v Most\u011b, druh\u00e1 pravd\u011bpodobn\u011b v Bu\u0148kov\u011b, t\u0159et\u00ed v Protivanov\u011b a \u010dtvrt\u00e1 op\u011bt pravd\u011bpodobn\u011b v P\u0159\u00edbrami.<\/p>\n<p><strong>add bod 3.)<\/strong><\/p>\n<p>Byl p\u0159edstaven nov\u00fd form\u00e1t regat, kdy by byly zru\u0161eny jednotliv\u00e9 kategorie lehk\u00fd a t\u011b\u017ek\u00fd tug towing. Po\u010det sout\u011b\u017en\u00edch plaveb by z\u016fstal prakticky stejn\u00fd, jen by se plulo s v\u00edce vleky na r\u016fzn\u00fdch trat\u00edch. Bude zpracov\u00e1n p\u00edsemn\u00fd n\u00e1vrh ke konkr\u00e9tn\u00ed diskusi.<\/p>\n<p><strong>add bod 4.)<\/strong><\/p>\n<p>V diskusi byly probr\u00e1ny v\u0161echny mo\u017enosti jak z\u00edskat nov\u00e9 z\u00e1jemce o tug towing. \u017d\u00e1dn\u00fd konkr\u00e9tn\u00ed z\u00e1v\u011br nebyl p\u0159ijat.<\/p>\n<p><strong>add bod 5.)<\/strong><\/p>\n<p>Vzhledem k zlep\u0161en\u00e9 finan\u010dn\u00ed situaci bude mo\u017en\u00e9 op\u011bt ud\u011blovat v\u011bcn\u00e9 ceny.<\/p>\n<p><strong>add bod 6.)<\/strong><\/p>\n<p>Nov\u00fd vlek pro kategori tla\u010dn\u00e9 remork\u00e9ry bude postaven op\u011bt z forexu. Stavbu provede Ivan \u010cerven\u00fd a Martin \u0158eh\u016f\u017eek. Budou tedy postaveny celkem dva identick\u00e9 vleky.<\/p>\n<p><strong>add bod 7.)<\/strong><\/p>\n<p>Letos na podzim prob\u011bhne klubov\u00e1 brig\u00e1da, kter\u00e1 m\u00e1 za c\u00edl opravu klubov\u00e9ho vybaven\u00ed a inventarizaci klubov\u00e9ho majetku. Term\u00edn brig\u00e1dy bude je\u0161t\u011b up\u0159esn\u011bn.<\/p>\n<p><strong>Z\u00e1v\u011br.<\/strong><\/p>\n<p>Z\u00e1v\u011bre\u010dn\u00e9 slovo p\u0159ednesla p\u0159edsedkyn\u011b Spolku NAMOLO! pan\u00ed Monika Va\u0161kebov\u00e1. Pot\u00e9 p. Jaroslav Va\u0161keba \u010dlenskou sch\u016fzi ukon\u010dil.<\/p>\n<p>P\u0159\u00edloha:&nbsp;&nbsp;&nbsp;&nbsp;&nbsp;&nbsp;&nbsp;&nbsp;&nbsp;&nbsp; 1\u0445 origin\u00e1l prezen\u010dn\u00ed listiny<\/p>\n<p>V Protivanov\u011b dne&nbsp; 15. \u010dervna v 22:00 hod.<\/p>\n<p>&nbsp;<\/p>\n","protected":false},"excerpt":{"rendered":"<p>Z\u00e1pis ze zased\u00e1n\u00ed \u010clensk\u00e9 sch\u016fze Spolku NAMOLO! konan\u00e9 dne&nbsp; 15. \u010dervna 2019, ve 20:00 hod M\u00edsto jedn\u00e1n\u00ed: Protivanov, Rekrea\u010dn\u00ed st\u0159edisko Hlavn\u00ed body jedn\u00e1n\u00ed: Finan\u010dn\u00ed zpr\u00e1va za rok 2018 \u010cinnost Spolku NAMOLO! v roce 2020 Nov\u00fd form\u00e1t regat v roce 2020 N\u00e1bor nov\u00fdch \u010dlen\u016f Ud\u011blov\u00e1n\u00ed cen v rove 2020 Stavba nov\u00e9ho vleku pro tla\u010dn\u00e9 remork\u00e9ry Klubov\u00e1 [&hellip;]<\/p>\n","protected":false},"author":2,"featured_media":0,"parent":52,"menu_order":16,"comment_status":"closed","ping_status":"closed","template":"","meta":{"footnotes":""},"class_list":["post-10056","page","type-page","status-publish","hentry"],"_links":{"self":[{"href":"https:\/\/www.tugtowing.cz\/index.php?rest_route=\/wp\/v2\/pages\/10056","targetHints":{"allow":["GET"]}}],"collection":[{"href":"https:\/\/www.tugtowing.cz\/index.php?rest_route=\/wp\/v2\/pages"}],"about":[{"href":"https:\/\/www.tugtowing.cz\/index.php?rest_route=\/wp\/v2\/types\/page"}],"author":[{"embeddable":true,"href":"https:\/\/www.tugtowing.cz\/index.php?rest_route=\/wp\/v2\/users\/2"}],"replies":[{"embeddable":true,"href":"https:\/\/www.tugtowing.cz\/index.php?rest_route=%2Fwp%2Fv2%2Fcomments&post=10056"}],"version-history":[{"count":1,"href":"https:\/\/www.tugtowing.cz\/index.php?rest_route=\/wp\/v2\/pages\/10056\/revisions"}],"predecessor-version":[{"id":10833,"href":"https:\/\/www.tugtowing.cz\/index.php?rest_route=\/wp\/v2\/pages\/10056\/revisions\/10833"}],"up":[{"embeddable":true,"href":"https:\/\/www.tugtowing.cz\/index.php?rest_route=\/wp\/v2\/pages\/52"}],"wp:attachment":[{"href":"https:\/\/www.tugtowing.cz\/index.php?rest_route=%2Fwp%2Fv2%2Fmedia&parent=10056"}],"curies":[{"name":"wp","href":"https:\/\/api.w.org\/{rel}","templated":true}]}}