{"id":1007,"date":"2010-11-26T16:01:17","date_gmt":"2010-11-26T14:01:17","guid":{"rendered":"http:\/\/www.tugtowing.cz\/?page_id=1007"},"modified":"2010-12-07T16:49:51","modified_gmt":"2010-12-07T14:49:51","slug":"sezona-2011","status":"publish","type":"page","link":"https:\/\/www.tugtowing.cz\/?page_id=1007","title":{"rendered":"Sez\u00f3na 2011"},"content":{"rendered":"<p>[singlepic id=299 w=100 h=68 float=left]<strong>Tug Towing Work shop 2011<\/strong><\/p>\n<p>Term\u00edn 5.-7.8.2011<\/p>\n<p>M\u00edsto: P\u0159\u00edbram<\/p>\n<p>Program: tug towing a po\u017e\u00e1rn\u00ed lod\u011b<\/p>\n<p>Op\u011bt bude pe\u010den\u00fd \u010dun\u00edk (\u0161\u00edpkovou a zel\u00ed nech\u0165 si dovezou z\u00e1jemci vlastn\u00ed) s pivkem. P\u0159ipraven\u00e1 tra\u0165, p\u0159\u00edst\u0159e\u0161\u00ed pro p\u0159\u00edpad nedokonal\u00e9ho po\u010das\u00ed a WC. Pokud  n\u011bkdo z V\u00e1s ryba\u0159\u00ed je mo\u017en\u00e9 se domluvit s majitelem rybn\u00edku (kr\u00e1sn\u00ed  kap\u0159i \u2013 kolem 5 hodiny r\u00e1no \u017eerou rohl\u00edk z ruky. \ud83d\ude42 Sou\u010d\u00e1st\u00ed workshopu bude i sout\u011b\u017e po\u017e\u00e1rn\u00edch lod\u00ed (tak nazbrojte svoje st\u0159\u00edka\u010dky ! ). N\u00e1m\u011bty na p\u0159ek\u00e1\u017eky a sout\u011b\u017en\u00ed discipl\u00edny pros\u00edm na mail: <strong>rais.ludek@seznam.cz<\/strong><\/p>\n","protected":false},"excerpt":{"rendered":"<p>[singlepic id=299 w=100 h=68 float=left]Tug Towing Work shop 2011 Term\u00edn 5.-7.8.2011 M\u00edsto: P\u0159\u00edbram Program: tug towing a po\u017e\u00e1rn\u00ed lod\u011b Op\u011bt bude pe\u010den\u00fd \u010dun\u00edk (\u0161\u00edpkovou a zel\u00ed nech\u0165 si dovezou z\u00e1jemci vlastn\u00ed) s pivkem. P\u0159ipraven\u00e1 tra\u0165, p\u0159\u00edst\u0159e\u0161\u00ed pro p\u0159\u00edpad nedokonal\u00e9ho po\u010das\u00ed a WC. Pokud n\u011bkdo z V\u00e1s ryba\u0159\u00ed je mo\u017en\u00e9 se domluvit s majitelem rybn\u00edku (kr\u00e1sn\u00ed [&hellip;]<\/p>\n","protected":false},"author":2,"featured_media":0,"parent":2,"menu_order":9,"comment_status":"open","ping_status":"open","template":"","meta":{"footnotes":""},"class_list":["post-1007","page","type-page","status-publish","hentry"],"_links":{"self":[{"href":"https:\/\/www.tugtowing.cz\/index.php?rest_route=\/wp\/v2\/pages\/1007","targetHints":{"allow":["GET"]}}],"collection":[{"href":"https:\/\/www.tugtowing.cz\/index.php?rest_route=\/wp\/v2\/pages"}],"about":[{"href":"https:\/\/www.tugtowing.cz\/index.php?rest_route=\/wp\/v2\/types\/page"}],"author":[{"embeddable":true,"href":"https:\/\/www.tugtowing.cz\/index.php?rest_route=\/wp\/v2\/users\/2"}],"replies":[{"embeddable":true,"href":"https:\/\/www.tugtowing.cz\/index.php?rest_route=%2Fwp%2Fv2%2Fcomments&post=1007"}],"version-history":[{"count":0,"href":"https:\/\/www.tugtowing.cz\/index.php?rest_route=\/wp\/v2\/pages\/1007\/revisions"}],"up":[{"embeddable":true,"href":"https:\/\/www.tugtowing.cz\/index.php?rest_route=\/wp\/v2\/pages\/2"}],"wp:attachment":[{"href":"https:\/\/www.tugtowing.cz\/index.php?rest_route=%2Fwp%2Fv2%2Fmedia&parent=1007"}],"curies":[{"name":"wp","href":"https:\/\/api.w.org\/{rel}","templated":true}]}}