{"id":10111,"date":"2020-01-22T21:08:28","date_gmt":"2020-01-22T20:08:28","guid":{"rendered":"http:\/\/www.tugtowing.cz\/?page_id=10111"},"modified":"2020-10-11T14:46:45","modified_gmt":"2020-10-11T13:46:45","slug":"tug-towing-cup-2019-1","status":"publish","type":"page","link":"https:\/\/www.tugtowing.cz\/?page_id=10111","title":{"rendered":"Tug Towing Cup 2020"},"content":{"rendered":"<p>Tug Towing Cup je seri\u00e1l vybran\u00fdch regat v tug towingu. V\u00fdsledky t\u011bchto regat se zapo\u010d\u00edt\u00e1vaj\u00ed do tzv. <em>\u201epoh\u00e1ru\u201c<\/em>. T\u00fdm, kter\u00fd z t\u011bchto regat z\u00edsk\u00e1 nejv\u00edce bod\u016f, z\u00edsk\u00e1v\u00e1 presti\u017en\u00ed titul <strong>\u201e\u0160ampi\u00f3n v Tug Towingu\u201c<\/strong> a putovn\u00ed poh\u00e1r.<\/p>\n<p><a href=\"https:\/\/www.tugtowing.cz\/?page_id=10118\">Pravidla TTC 2020<\/a><\/p>\n<p style=\"text-align: center;\">&nbsp;<br \/>\n<img decoding=\"async\" class=\"ngg-singlepic ngg-center aligncenter\" src=\"https:\/\/www.tugtowing.cz\/wp-content\/uploads\/loga\/logoTTC2020.png\" alt=\"logoTTC2020\"><br \/>\n<em>Logo Tug Towing Cup 2020<\/em><\/p>\n<p><strong>Regaty zapo\u010d\u00edt\u00e1van\u00e9 do poh\u00e1ru<\/strong><\/p>\n<p>22.02.2020 \u2013 23.02.2020 \u2013 1. regata: <a href=\"https:\/\/www.tugtowing.cz\/?page_id=10114\"><strong>Zimn\u00ed regata<\/strong><\/a>, Most (potvrzeno v\u010detn\u011b ubytov\u00e1n\u00ed)<br \/>\ndd.mm.2020 \u2013 dd.mm.2020 \u2013 2. regata: <a href=\"https:\/\/www.tugtowing.cz\/?page_id=10222\"><strong>V\u00edkend s Tug Towingem<\/strong><\/a>, (nestanoveno) &#8211; <span style=\"color: #ff0000;\">zru\u0161ena z d\u016fvodu Covid 19<\/span><br \/>\n19.06.2020 &#8211; 21.06.2020 \u2013 3. regata: <a href=\"https:\/\/www.tugtowing.cz\/?page_id=10219\"><strong>Cab\u016fv memori\u00e1l<\/strong><\/a>, Protivanov (potvrzeno v\u010detn\u011b ubytov\u00e1n\u00ed)<br \/>\n11.09.2020 \u2013 13.09.2020 \u2013 4. regata: <a href=\"https:\/\/www.tugtowing.cz\/?page_id=10284\"><strong>P\u0159\u00edbramsk\u00fd soudek<\/strong><\/a>, P\u0159\u00edbram (potvrzeno v\u010detn\u011b ubytov\u00e1n\u00ed)<\/p>\n<p><strong><span style=\"color: #ff0000;\">V\u00edt\u011bzi poh\u00e1ru za rok 2020 nebyli stanoveni z d\u016fvodu nedostate\u010dn\u00e9ho po\u010dtu platn\u00fdch regat.<\/span><\/strong><\/p>\n<p>[nggallery id=13]<br \/>\n&nbsp;<\/p>\n","protected":false},"excerpt":{"rendered":"<p>Tug Towing Cup je seri\u00e1l vybran\u00fdch regat v tug towingu. V\u00fdsledky t\u011bchto regat se zapo\u010d\u00edt\u00e1vaj\u00ed do tzv. \u201epoh\u00e1ru\u201c. T\u00fdm, kter\u00fd z t\u011bchto regat z\u00edsk\u00e1 nejv\u00edce bod\u016f, z\u00edsk\u00e1v\u00e1 presti\u017en\u00ed titul \u201e\u0160ampi\u00f3n v Tug Towingu\u201c a putovn\u00ed poh\u00e1r. Pravidla TTC 2020 &nbsp; Logo Tug Towing Cup 2020 Regaty zapo\u010d\u00edt\u00e1van\u00e9 do poh\u00e1ru 22.02.2020 \u2013 23.02.2020 \u2013 1. regata: [&hellip;]<\/p>\n","protected":false},"author":2,"featured_media":0,"parent":2,"menu_order":38,"comment_status":"closed","ping_status":"closed","template":"","meta":{"footnotes":""},"class_list":["post-10111","page","type-page","status-publish","hentry"],"_links":{"self":[{"href":"https:\/\/www.tugtowing.cz\/index.php?rest_route=\/wp\/v2\/pages\/10111","targetHints":{"allow":["GET"]}}],"collection":[{"href":"https:\/\/www.tugtowing.cz\/index.php?rest_route=\/wp\/v2\/pages"}],"about":[{"href":"https:\/\/www.tugtowing.cz\/index.php?rest_route=\/wp\/v2\/types\/page"}],"author":[{"embeddable":true,"href":"https:\/\/www.tugtowing.cz\/index.php?rest_route=\/wp\/v2\/users\/2"}],"replies":[{"embeddable":true,"href":"https:\/\/www.tugtowing.cz\/index.php?rest_route=%2Fwp%2Fv2%2Fcomments&post=10111"}],"version-history":[{"count":1,"href":"https:\/\/www.tugtowing.cz\/index.php?rest_route=\/wp\/v2\/pages\/10111\/revisions"}],"predecessor-version":[{"id":10398,"href":"https:\/\/www.tugtowing.cz\/index.php?rest_route=\/wp\/v2\/pages\/10111\/revisions\/10398"}],"up":[{"embeddable":true,"href":"https:\/\/www.tugtowing.cz\/index.php?rest_route=\/wp\/v2\/pages\/2"}],"wp:attachment":[{"href":"https:\/\/www.tugtowing.cz\/index.php?rest_route=%2Fwp%2Fv2%2Fmedia&parent=10111"}],"curies":[{"name":"wp","href":"https:\/\/api.w.org\/{rel}","templated":true}]}}