{"id":10219,"date":"2020-05-21T09:37:22","date_gmt":"2020-05-21T08:37:22","guid":{"rendered":"http:\/\/www.tugtowing.cz\/?page_id=10219"},"modified":"2020-06-26T09:17:18","modified_gmt":"2020-06-26T08:17:18","slug":"cabuv-memorial-protivanov-1-1","status":"publish","type":"page","link":"https:\/\/www.tugtowing.cz\/?page_id=10219","title":{"rendered":"Cab\u016fv memori\u00e1l"},"content":{"rendered":"<p><img decoding=\"async\" class=\"ngg-singlepic ngg-center aligncenter\" src=\"https:\/\/www.tugtowing.cz\/wp-content\/uploads\/bannery\/banCabuvMemorial2020.jpg\" alt=\"banCabuvMemorial2020\"><\/p>\n<p style=\"text-align: center;\"><a href=\"https:\/\/www.tugtowing.cz\/?p=10217\">Propozice<\/a><\/p>\n<p style=\"text-align: center;\"><a href=\"https:\/\/www.tugtowing.cz\/?p=10249\">Pl\u00e1nky trat\u00ed<\/a><\/p>\n<p style=\"text-align: center;\">V\u00fdsledky &#8211; regata pro nep\u0159\u00edze\u0148 po\u010das\u00ed neprob\u011bhla<\/p>\n<p style=\"text-align: center;\">Report\u00e1\u017e<\/p>\n<p style=\"text-align: center;\">Foto<\/p>\n<p style=\"text-align: center;\">Video<\/p>\n<p style=\"text-align: center;\">Z\u00e1pisy j\u00edzd: LTT, TTT, TR1, TR2, TTC03<\/p>\n","protected":false},"excerpt":{"rendered":"<p>Propozice Pl\u00e1nky trat\u00ed V\u00fdsledky &#8211; regata pro nep\u0159\u00edze\u0148 po\u010das\u00ed neprob\u011bhla Report\u00e1\u017e Foto Video Z\u00e1pisy j\u00edzd: LTT, TTT, TR1, TR2, TTC03<\/p>\n","protected":false},"author":2,"featured_media":0,"parent":10111,"menu_order":6,"comment_status":"closed","ping_status":"closed","template":"","meta":{"footnotes":""},"class_list":["post-10219","page","type-page","status-publish","hentry"],"_links":{"self":[{"href":"https:\/\/www.tugtowing.cz\/index.php?rest_route=\/wp\/v2\/pages\/10219","targetHints":{"allow":["GET"]}}],"collection":[{"href":"https:\/\/www.tugtowing.cz\/index.php?rest_route=\/wp\/v2\/pages"}],"about":[{"href":"https:\/\/www.tugtowing.cz\/index.php?rest_route=\/wp\/v2\/types\/page"}],"author":[{"embeddable":true,"href":"https:\/\/www.tugtowing.cz\/index.php?rest_route=\/wp\/v2\/users\/2"}],"replies":[{"embeddable":true,"href":"https:\/\/www.tugtowing.cz\/index.php?rest_route=%2Fwp%2Fv2%2Fcomments&post=10219"}],"version-history":[{"count":0,"href":"https:\/\/www.tugtowing.cz\/index.php?rest_route=\/wp\/v2\/pages\/10219\/revisions"}],"up":[{"embeddable":true,"href":"https:\/\/www.tugtowing.cz\/index.php?rest_route=\/wp\/v2\/pages\/10111"}],"wp:attachment":[{"href":"https:\/\/www.tugtowing.cz\/index.php?rest_route=%2Fwp%2Fv2%2Fmedia&parent=10219"}],"curies":[{"name":"wp","href":"https:\/\/api.w.org\/{rel}","templated":true}]}}