{"id":10396,"date":"2020-10-11T14:37:51","date_gmt":"2020-10-11T13:37:51","guid":{"rendered":"http:\/\/www.tugtowing.cz\/?page_id=10396"},"modified":"2021-09-22T09:57:52","modified_gmt":"2021-09-22T08:57:52","slug":"tug-towing-cup-2021","status":"publish","type":"page","link":"https:\/\/www.tugtowing.cz\/?page_id=10396","title":{"rendered":"Tug Towing Cup 2021"},"content":{"rendered":"<p>Tug Towing Cup je seri\u00e1l vybran\u00fdch regat v tug towingu. V\u00fdsledky t\u011bchto regat se zapo\u010d\u00edt\u00e1vaj\u00ed do tzv. <em>\u201epoh\u00e1ru\u201c<\/em>. T\u00fdm, kter\u00fd z t\u011bchto regat z\u00edsk\u00e1 nejv\u00edce bod\u016f, z\u00edsk\u00e1v\u00e1 presti\u017en\u00ed titul <strong>\u201e\u0160ampi\u00f3n v Tug Towingu\u201c<\/strong> a putovn\u00ed poh\u00e1r.<\/p>\n<p><a href=\"https:\/\/www.tugtowing.cz\/?page_id=10435\">Pravidla TTC 2021<\/a><\/p>\n<p><img decoding=\"async\" class=\"ngg-singlepic alignnone\" src=\"https:\/\/www.tugtowing.cz\/wp-content\/uploads\/loga\/logoTTC2021.png\" alt=\"logoTTC2021\"><\/p>\n<p><em>Logo Tug Towing Cup 2021<\/em><\/p>\n<p><strong>Regaty zapo\u010d\u00edt\u00e1van\u00e9 do poh\u00e1ru<\/strong><\/p>\n<p>20.02.2021 \u2013 21.02.2021 \u2013 1. regata: <a href=\"https:\/\/www.tugtowing.cz\/?page_id=10399\"><strong>Zimn\u00ed regata<\/strong><\/a>, Most &#8211; <span style=\"color: #ff0000;\"><strong>zru\u0161eno!<\/strong><\/span><br \/>\ndd.mm.2021 \u2013 dd.mm.2021 \u2013 2. regata: <a href=\"https:\/\/www.tugtowing.cz\/?page_id=10401\"><strong>V\u00edkend s Tug Towingem<\/strong><\/a>, <span style=\"color: #ff0000;\"><strong>zru\u0161eno!<\/strong><\/span><br \/>\ndd.mm.2021 \u2013 dd.mm.2021 \u2013 3. regata: <a href=\"https:\/\/www.tugtowing.cz\/?page_id=10403\"><strong>Cab\u016fv memori\u00e1l<\/strong><\/a>, Protivanov <span style=\"color: #ff0000;\"><strong>zru\u0161eno!<\/strong><\/span><br \/>\n03.09.2021 \u2013 05.09.2021 \u2013 4. regata: <a href=\"https:\/\/www.tugtowing.cz\/?page_id=10405\"><strong>O soudek Panist\u00e1vky<\/strong><\/a>, \u017dirovnice<\/p>\n<p>[nggallery id=13]<br \/>\n&nbsp;<\/p>\n","protected":false},"excerpt":{"rendered":"<p>Tug Towing Cup je seri\u00e1l vybran\u00fdch regat v tug towingu. V\u00fdsledky t\u011bchto regat se zapo\u010d\u00edt\u00e1vaj\u00ed do tzv. \u201epoh\u00e1ru\u201c. T\u00fdm, kter\u00fd z t\u011bchto regat z\u00edsk\u00e1 nejv\u00edce bod\u016f, z\u00edsk\u00e1v\u00e1 presti\u017en\u00ed titul \u201e\u0160ampi\u00f3n v Tug Towingu\u201c a putovn\u00ed poh\u00e1r. Pravidla TTC 2021 Logo Tug Towing Cup 2021 Regaty zapo\u010d\u00edt\u00e1van\u00e9 do poh\u00e1ru 20.02.2021 \u2013 21.02.2021 \u2013 1. regata: Zimn\u00ed [&hellip;]<\/p>\n","protected":false},"author":2,"featured_media":0,"parent":2,"menu_order":40,"comment_status":"closed","ping_status":"closed","template":"","meta":{"footnotes":""},"class_list":["post-10396","page","type-page","status-publish","hentry"],"_links":{"self":[{"href":"https:\/\/www.tugtowing.cz\/index.php?rest_route=\/wp\/v2\/pages\/10396","targetHints":{"allow":["GET"]}}],"collection":[{"href":"https:\/\/www.tugtowing.cz\/index.php?rest_route=\/wp\/v2\/pages"}],"about":[{"href":"https:\/\/www.tugtowing.cz\/index.php?rest_route=\/wp\/v2\/types\/page"}],"author":[{"embeddable":true,"href":"https:\/\/www.tugtowing.cz\/index.php?rest_route=\/wp\/v2\/users\/2"}],"replies":[{"embeddable":true,"href":"https:\/\/www.tugtowing.cz\/index.php?rest_route=%2Fwp%2Fv2%2Fcomments&post=10396"}],"version-history":[{"count":17,"href":"https:\/\/www.tugtowing.cz\/index.php?rest_route=\/wp\/v2\/pages\/10396\/revisions"}],"predecessor-version":[{"id":10649,"href":"https:\/\/www.tugtowing.cz\/index.php?rest_route=\/wp\/v2\/pages\/10396\/revisions\/10649"}],"up":[{"embeddable":true,"href":"https:\/\/www.tugtowing.cz\/index.php?rest_route=\/wp\/v2\/pages\/2"}],"wp:attachment":[{"href":"https:\/\/www.tugtowing.cz\/index.php?rest_route=%2Fwp%2Fv2%2Fmedia&parent=10396"}],"curies":[{"name":"wp","href":"https:\/\/api.w.org\/{rel}","templated":true}]}}