{"id":10399,"date":"2020-10-11T14:40:32","date_gmt":"2020-10-11T13:40:32","guid":{"rendered":"http:\/\/www.tugtowing.cz\/?page_id=10399"},"modified":"2021-02-01T17:27:34","modified_gmt":"2021-02-01T16:27:34","slug":"zimni-regata","status":"publish","type":"page","link":"https:\/\/www.tugtowing.cz\/?page_id=10399","title":{"rendered":"Zimn\u00ed regata"},"content":{"rendered":"<p><img decoding=\"async\" class=\"ngg-singlepic ngg-center aligncenter\" src=\"https:\/\/www.tugtowing.cz\/wp-content\/uploads\/bannery\/banZimniRegataMost2021-odklad.jpg\" alt=\"banZimniRegataMost2021\"><\/p>\n<p style=\"text-align: center;\"><a href=\"https:\/\/www.tugtowing.cz\/?p=10422\">Propozice<\/a><\/p>\n<p style=\"text-align: center;\">Pl\u00e1nky trat\u00ed<\/p>\n<p style=\"text-align: center;\">Report\u00e1\u017e<\/p>\n<p style=\"text-align: center;\">Foto<\/p>\n<p style=\"text-align: center;\">V\u00fdsledky<\/p>\n<p style=\"text-align: center;\">Video<\/p>\n<p style=\"text-align: center;\">Z\u00e1pisy j\u00edzd:<\/p>\n<p>&nbsp;<\/p>\n","protected":false},"excerpt":{"rendered":"<p>Propozice Pl\u00e1nky trat\u00ed Report\u00e1\u017e Foto V\u00fdsledky Video Z\u00e1pisy j\u00edzd: &nbsp;<\/p>\n","protected":false},"author":2,"featured_media":0,"parent":10396,"menu_order":2,"comment_status":"closed","ping_status":"closed","template":"","meta":{"footnotes":""},"class_list":["post-10399","page","type-page","status-publish","hentry"],"_links":{"self":[{"href":"https:\/\/www.tugtowing.cz\/index.php?rest_route=\/wp\/v2\/pages\/10399","targetHints":{"allow":["GET"]}}],"collection":[{"href":"https:\/\/www.tugtowing.cz\/index.php?rest_route=\/wp\/v2\/pages"}],"about":[{"href":"https:\/\/www.tugtowing.cz\/index.php?rest_route=\/wp\/v2\/types\/page"}],"author":[{"embeddable":true,"href":"https:\/\/www.tugtowing.cz\/index.php?rest_route=\/wp\/v2\/users\/2"}],"replies":[{"embeddable":true,"href":"https:\/\/www.tugtowing.cz\/index.php?rest_route=%2Fwp%2Fv2%2Fcomments&post=10399"}],"version-history":[{"count":6,"href":"https:\/\/www.tugtowing.cz\/index.php?rest_route=\/wp\/v2\/pages\/10399\/revisions"}],"predecessor-version":[{"id":10474,"href":"https:\/\/www.tugtowing.cz\/index.php?rest_route=\/wp\/v2\/pages\/10399\/revisions\/10474"}],"up":[{"embeddable":true,"href":"https:\/\/www.tugtowing.cz\/index.php?rest_route=\/wp\/v2\/pages\/10396"}],"wp:attachment":[{"href":"https:\/\/www.tugtowing.cz\/index.php?rest_route=%2Fwp%2Fv2%2Fmedia&parent=10399"}],"curies":[{"name":"wp","href":"https:\/\/api.w.org\/{rel}","templated":true}]}}