{"id":10401,"date":"2020-10-11T14:41:04","date_gmt":"2020-10-11T13:41:04","guid":{"rendered":"http:\/\/www.tugtowing.cz\/?page_id=10401"},"modified":"2020-10-11T14:44:44","modified_gmt":"2020-10-11T13:44:44","slug":"vikend-s-tt","status":"publish","type":"page","link":"https:\/\/www.tugtowing.cz\/?page_id=10401","title":{"rendered":"V\u00edkend s TT"},"content":{"rendered":"<p style=\"text-align: center;\">Propozice<\/p>\n<p style=\"text-align: center;\">Pl\u00e1nky trat\u00ed<\/p>\n<p style=\"text-align: center;\">Report\u00e1\u017e<\/p>\n<p style=\"text-align: center;\">Foto<\/p>\n<p style=\"text-align: center;\">V\u00fdsledky<\/p>\n<p style=\"text-align: center;\">Video<\/p>\n<p style=\"text-align: center;\">Z\u00e1pisy j\u00edzd:<\/p>\n<p>&nbsp;<\/p>\n","protected":false},"excerpt":{"rendered":"<p>Propozice Pl\u00e1nky trat\u00ed Report\u00e1\u017e Foto V\u00fdsledky Video Z\u00e1pisy j\u00edzd: &nbsp;<\/p>\n","protected":false},"author":2,"featured_media":0,"parent":10396,"menu_order":4,"comment_status":"closed","ping_status":"closed","template":"","meta":{"footnotes":""},"class_list":["post-10401","page","type-page","status-publish","hentry"],"_links":{"self":[{"href":"https:\/\/www.tugtowing.cz\/index.php?rest_route=\/wp\/v2\/pages\/10401","targetHints":{"allow":["GET"]}}],"collection":[{"href":"https:\/\/www.tugtowing.cz\/index.php?rest_route=\/wp\/v2\/pages"}],"about":[{"href":"https:\/\/www.tugtowing.cz\/index.php?rest_route=\/wp\/v2\/types\/page"}],"author":[{"embeddable":true,"href":"https:\/\/www.tugtowing.cz\/index.php?rest_route=\/wp\/v2\/users\/2"}],"replies":[{"embeddable":true,"href":"https:\/\/www.tugtowing.cz\/index.php?rest_route=%2Fwp%2Fv2%2Fcomments&post=10401"}],"version-history":[{"count":2,"href":"https:\/\/www.tugtowing.cz\/index.php?rest_route=\/wp\/v2\/pages\/10401\/revisions"}],"predecessor-version":[{"id":10409,"href":"https:\/\/www.tugtowing.cz\/index.php?rest_route=\/wp\/v2\/pages\/10401\/revisions\/10409"}],"up":[{"embeddable":true,"href":"https:\/\/www.tugtowing.cz\/index.php?rest_route=\/wp\/v2\/pages\/10396"}],"wp:attachment":[{"href":"https:\/\/www.tugtowing.cz\/index.php?rest_route=%2Fwp%2Fv2%2Fmedia&parent=10401"}],"curies":[{"name":"wp","href":"https:\/\/api.w.org\/{rel}","templated":true}]}}