{"id":10416,"date":"2020-10-11T16:18:00","date_gmt":"2020-10-11T15:18:00","guid":{"rendered":"http:\/\/www.tugtowing.cz\/?page_id=10416"},"modified":"2023-01-29T16:56:30","modified_gmt":"2023-01-29T15:56:30","slug":"zapis-z-clenske-schuze-2020","status":"publish","type":"page","link":"https:\/\/www.tugtowing.cz\/?page_id=10416","title":{"rendered":"Z\u00e1pis z \u010dlensk\u00e9 sch\u016fze 2020"},"content":{"rendered":"<p>P\u0159ipravjeme.<\/p>\n","protected":false},"excerpt":{"rendered":"<p>P\u0159ipravjeme.<\/p>\n","protected":false},"author":2,"featured_media":0,"parent":52,"menu_order":17,"comment_status":"closed","ping_status":"closed","template":"","meta":{"footnotes":""},"class_list":["post-10416","page","type-page","status-publish","hentry"],"_links":{"self":[{"href":"https:\/\/www.tugtowing.cz\/index.php?rest_route=\/wp\/v2\/pages\/10416","targetHints":{"allow":["GET"]}}],"collection":[{"href":"https:\/\/www.tugtowing.cz\/index.php?rest_route=\/wp\/v2\/pages"}],"about":[{"href":"https:\/\/www.tugtowing.cz\/index.php?rest_route=\/wp\/v2\/types\/page"}],"author":[{"embeddable":true,"href":"https:\/\/www.tugtowing.cz\/index.php?rest_route=\/wp\/v2\/users\/2"}],"replies":[{"embeddable":true,"href":"https:\/\/www.tugtowing.cz\/index.php?rest_route=%2Fwp%2Fv2%2Fcomments&post=10416"}],"version-history":[{"count":1,"href":"https:\/\/www.tugtowing.cz\/index.php?rest_route=\/wp\/v2\/pages\/10416\/revisions"}],"predecessor-version":[{"id":10417,"href":"https:\/\/www.tugtowing.cz\/index.php?rest_route=\/wp\/v2\/pages\/10416\/revisions\/10417"}],"up":[{"embeddable":true,"href":"https:\/\/www.tugtowing.cz\/index.php?rest_route=\/wp\/v2\/pages\/52"}],"wp:attachment":[{"href":"https:\/\/www.tugtowing.cz\/index.php?rest_route=%2Fwp%2Fv2%2Fmedia&parent=10416"}],"curies":[{"name":"wp","href":"https:\/\/api.w.org\/{rel}","templated":true}]}}