{"id":10419,"date":"2020-10-11T16:20:03","date_gmt":"2020-10-11T15:20:03","guid":{"rendered":"http:\/\/www.tugtowing.cz\/?page_id=10419"},"modified":"2023-01-29T17:15:30","modified_gmt":"2023-01-29T16:15:30","slug":"vyuctovani-roku-2020","status":"publish","type":"page","link":"https:\/\/www.tugtowing.cz\/?page_id=10419","title":{"rendered":"Vy\u00fa\u010dtov\u00e1n\u00ed roku 2020"},"content":{"rendered":"<p>P\u0159ipravujeme.<\/p>\n","protected":false},"excerpt":{"rendered":"<p>P\u0159ipravujeme.<\/p>\n","protected":false},"author":2,"featured_media":0,"parent":52,"menu_order":60,"comment_status":"closed","ping_status":"closed","template":"","meta":{"footnotes":""},"class_list":["post-10419","page","type-page","status-publish","hentry"],"_links":{"self":[{"href":"https:\/\/www.tugtowing.cz\/index.php?rest_route=\/wp\/v2\/pages\/10419","targetHints":{"allow":["GET"]}}],"collection":[{"href":"https:\/\/www.tugtowing.cz\/index.php?rest_route=\/wp\/v2\/pages"}],"about":[{"href":"https:\/\/www.tugtowing.cz\/index.php?rest_route=\/wp\/v2\/types\/page"}],"author":[{"embeddable":true,"href":"https:\/\/www.tugtowing.cz\/index.php?rest_route=\/wp\/v2\/users\/2"}],"replies":[{"embeddable":true,"href":"https:\/\/www.tugtowing.cz\/index.php?rest_route=%2Fwp%2Fv2%2Fcomments&post=10419"}],"version-history":[{"count":1,"href":"https:\/\/www.tugtowing.cz\/index.php?rest_route=\/wp\/v2\/pages\/10419\/revisions"}],"predecessor-version":[{"id":10848,"href":"https:\/\/www.tugtowing.cz\/index.php?rest_route=\/wp\/v2\/pages\/10419\/revisions\/10848"}],"up":[{"embeddable":true,"href":"https:\/\/www.tugtowing.cz\/index.php?rest_route=\/wp\/v2\/pages\/52"}],"wp:attachment":[{"href":"https:\/\/www.tugtowing.cz\/index.php?rest_route=%2Fwp%2Fv2%2Fmedia&parent=10419"}],"curies":[{"name":"wp","href":"https:\/\/api.w.org\/{rel}","templated":true}]}}