{"id":10426,"date":"2021-01-10T18:19:51","date_gmt":"2021-01-10T17:19:51","guid":{"rendered":"http:\/\/www.tugtowing.cz\/?page_id=10426"},"modified":"2023-01-29T17:19:20","modified_gmt":"2023-01-29T16:19:20","slug":"tug-towing-ver-2-01-1","status":"publish","type":"page","link":"https:\/\/www.tugtowing.cz\/?page_id=10426","title":{"rendered":"Tug Towing ver. 3.10 (2021)"},"content":{"rendered":"<p>Pravidla ve <strong>verzi 3.10<\/strong> jsou <strong>platn\u00e1 od 1. \u00fanora 2021!<\/strong><br \/>\nTato pravidla pro tug towing jsou neofici\u00e1ln\u00ed. Vyd\u00e1v\u00e1 a spravuje je <a title=\"Klub NAMOLO! o.s.\" href=\"https:\/\/www.tugtowing.cz\/?page_id=52\">Spolek NAMOLO!<\/a>, konkr\u00e9tn\u011b rozhod\u010d\u00ed, kte\u0159\u00ed jsou uvedeni v <a title=\"Seznam rozhod\u010d\u00edch pro tug towing\" href=\"?page_id=35\" target=\"_self\" rel=\"noopener noreferrer\">seznamu rozhod\u010d\u00edch<\/a>.<\/p>\n<p><img decoding=\"async\" src=\"https:\/\/www.tugtowing.cz\/wp-content\/uploads\/icons\/icopdf.gif\" alt=\"icopdf\"><a href=\"https:\/\/www.tugtowing.cz\/doc\/Pravidla\/2021_Pravidla_TT_ver3-1.pdf\">St\u00e1hn\u011bte si dokument<\/a><\/p>\n<p><span style=\"border-radius: 2px; text-indent: 20px; width: auto; padding: 0px 4px 0px 0px; text-align: center; font: bold 11px\/20px 'Helvetica Neue',Helvetica,sans-serif; color: #ffffff; background: #bd081c no-repeat scroll 3px 50% \/ 14px 14px; position: absolute; opacity: 1; z-index: 8675309; display: none; cursor: pointer;\">Ulo\u017eit<\/span><\/p>\n","protected":false},"excerpt":{"rendered":"<p>Pravidla ve verzi 3.10 jsou platn\u00e1 od 1. \u00fanora 2021! Tato pravidla pro tug towing jsou neofici\u00e1ln\u00ed. Vyd\u00e1v\u00e1 a spravuje je Spolek NAMOLO!, konkr\u00e9tn\u011b rozhod\u010d\u00ed, kte\u0159\u00ed jsou uvedeni v seznamu rozhod\u010d\u00edch. St\u00e1hn\u011bte si dokument Ulo\u017eit<\/p>\n","protected":false},"author":2,"featured_media":0,"parent":10,"menu_order":6,"comment_status":"open","ping_status":"closed","template":"","meta":{"footnotes":""},"class_list":["post-10426","page","type-page","status-publish","hentry"],"_links":{"self":[{"href":"https:\/\/www.tugtowing.cz\/index.php?rest_route=\/wp\/v2\/pages\/10426","targetHints":{"allow":["GET"]}}],"collection":[{"href":"https:\/\/www.tugtowing.cz\/index.php?rest_route=\/wp\/v2\/pages"}],"about":[{"href":"https:\/\/www.tugtowing.cz\/index.php?rest_route=\/wp\/v2\/types\/page"}],"author":[{"embeddable":true,"href":"https:\/\/www.tugtowing.cz\/index.php?rest_route=\/wp\/v2\/users\/2"}],"replies":[{"embeddable":true,"href":"https:\/\/www.tugtowing.cz\/index.php?rest_route=%2Fwp%2Fv2%2Fcomments&post=10426"}],"version-history":[{"count":8,"href":"https:\/\/www.tugtowing.cz\/index.php?rest_route=\/wp\/v2\/pages\/10426\/revisions"}],"predecessor-version":[{"id":10849,"href":"https:\/\/www.tugtowing.cz\/index.php?rest_route=\/wp\/v2\/pages\/10426\/revisions\/10849"}],"up":[{"embeddable":true,"href":"https:\/\/www.tugtowing.cz\/index.php?rest_route=\/wp\/v2\/pages\/10"}],"wp:attachment":[{"href":"https:\/\/www.tugtowing.cz\/index.php?rest_route=%2Fwp%2Fv2%2Fmedia&parent=10426"}],"curies":[{"name":"wp","href":"https:\/\/api.w.org\/{rel}","templated":true}]}}