{"id":10667,"date":"2022-05-21T19:28:11","date_gmt":"2022-05-21T18:28:11","guid":{"rendered":"http:\/\/www.tugtowing.cz\/?page_id=10667"},"modified":"2022-08-31T20:21:36","modified_gmt":"2022-08-31T19:21:36","slug":"tug-towing-cup-2017-1-1-1-1-1","status":"publish","type":"page","link":"https:\/\/www.tugtowing.cz\/?page_id=10667","title":{"rendered":"Tug Towing Cup 2022"},"content":{"rendered":"<p>Tug Towing Cup je seri\u00e1l vybran\u00fdch regat v tug towingu. V\u00fdsledky t\u011bchto regat se zapo\u010d\u00edt\u00e1vaj\u00ed do tzv. <em>\u201epoh\u00e1ru\u201c<\/em>. T\u00fdm, kter\u00fd z t\u011bchto regat z\u00edsk\u00e1 nejv\u00edce bod\u016f, z\u00edsk\u00e1v\u00e1 presti\u017en\u00ed titul <strong>\u201e\u0160ampi\u00f3n v Tug Towingu\u201c<\/strong> a putovn\u00ed poh\u00e1r.<\/p>\n<p><a href=\"https:\/\/www.tugtowing.cz\/?page_id=10669\">Pravidla TTC 2022<\/a><\/p>\n<p><img loading=\"lazy\" decoding=\"async\" class=\"size-full wp-image-10700 alignnone\" src=\"https:\/\/www.tugtowing.cz\/wp-content\/uploads\/2022\/05\/logoTTC2022.jpg\" alt=\"\" width=\"120\" height=\"120\"><\/p>\n<p><em>Logo Tug Towing Cup 2022<\/em><\/p>\n<p><strong>Regaty zapo\u010d\u00edt\u00e1van\u00e9 do poh\u00e1ru<\/strong><\/p>\n<p>&#8212;&#8212;&#8212;&#8212;&#8212;&#8212;&#8212;&#8212;&#8212;&#8212;&#8212;&#8212;&#8212;&#8212;&#8212;&#8212;&#8212;&#8212;&#8212;-<br \/>\n26.02.2022 &#8211; 27.02.2022 &#8211; <a href=\"https:\/\/www.tugtowing.cz\/?page_id=10671\">Zimn\u00ed regata<\/a>, Most,<br \/>\n27.05.2022 &#8211; 29.05.2022 &#8211; <a href=\"https:\/\/www.tugtowing.cz\/?page_id=10673\">Cab\u016fv memori\u00e1l<\/a>, Protivanov,<br \/>\n09.09.2022 &#8211; 11.09.2022 &#8211; <a href=\"https:\/\/www.tugtowing.cz\/?page_id=10675\">O soudek Panist\u00e1vky<\/a>, \u017dirovnice<br \/>\n23.09.2022 &#8211; 25.09.2022 &#8211; <a href=\"https:\/\/www.tugtowing.cz\/?page_id=10677\">V\u00edkend s tug towingem<\/a>, P\u0159\u00edbram<\/p>\n<p>Zm\u011bna m\u00edsta a term\u00ednu je mo\u017en\u00e1!<\/p>\n<p>&nbsp;<\/p>\n<p><span style=\"background: no-repeat 3px 50% \/ 14px 14px #bd081c; font: bold 11px\/20px 'Helvetica Neue', Helvetica, sans-serif; padding: 0px 4px 0px 0px; border-radius: 2px; width: auto; text-align: center; color: #ffffff; text-indent: 20px; display: none; position: absolute; z-index: 8675309; cursor: pointer; font-size-adjust: none; font-stretch: normal; opacity: 1;\">Ulo\u017eit<\/span><\/p>\n<p><span style=\"background: no-repeat 3px 50% \/ 14px 14px #bd081c; font: bold 11px\/20px 'Helvetica Neue', Helvetica, sans-serif; padding: 0px 4px 0px 0px; border-radius: 2px; width: auto; text-align: center; color: #ffffff; text-indent: 20px; display: none; position: absolute; z-index: 8675309; cursor: pointer; font-size-adjust: none; font-stretch: normal; opacity: 1;\">Ulo\u017eit<\/span><\/p>\n<p><span style=\"background: no-repeat 3px 50% \/ 14px 14px #bd081c; font: bold 11px\/20px 'Helvetica Neue', Helvetica, sans-serif; padding: 0px 4px 0px 0px; border-radius: 2px; width: auto; text-align: center; color: #ffffff; text-indent: 20px; display: none; position: absolute; z-index: 8675309; cursor: pointer; font-size-adjust: none; font-stretch: normal; opacity: 1;\">Ulo\u017eit<\/span><\/p>\n<p><span style=\"background: no-repeat 3px 50% \/ 14px 14px #bd081c; font: bold 11px\/20px 'Helvetica Neue', Helvetica, sans-serif; padding: 0px 4px 0px 0px; border-radius: 2px; width: auto; text-align: center; color: #ffffff; text-indent: 20px; display: none; position: absolute; z-index: 8675309; cursor: pointer; font-size-adjust: none; font-stretch: normal; opacity: 1;\">Ulo\u017eit<\/span><\/p>\n<p><span style=\"background: no-repeat 3px 50% \/ 14px 14px #bd081c; font: bold 11px\/20px 'Helvetica Neue', Helvetica, sans-serif; padding: 0px 4px 0px 0px; border-radius: 2px; width: auto; text-align: center; color: #ffffff; text-indent: 20px; display: none; position: absolute; z-index: 8675309; cursor: pointer; font-size-adjust: none; font-stretch: normal; opacity: 1;\">Ulo\u017eit<\/span><\/p>\n<p><span style=\"background: no-repeat 3px 50% \/ 14px 14px #bd081c; font: bold 11px\/20px 'Helvetica Neue', Helvetica, sans-serif; padding: 0px 4px 0px 0px; border-radius: 2px; width: auto; text-align: center; color: #ffffff; text-indent: 20px; display: none; position: absolute; z-index: 8675309; cursor: pointer; font-size-adjust: none; font-stretch: normal; opacity: 1;\">Ulo\u017eit<\/span><\/p>\n<p><span style=\"background: no-repeat 3px 50% \/ 14px 14px #bd081c; font: bold 11px\/20px 'Helvetica Neue', Helvetica, sans-serif; padding: 0px 4px 0px 0px; border-radius: 2px; width: auto; text-align: center; color: #ffffff; text-indent: 20px; display: none; position: absolute; z-index: 8675309; cursor: pointer; font-size-adjust: none; font-stretch: normal; opacity: 1;\">Ulo\u017eit<\/span><\/p>\n","protected":false},"excerpt":{"rendered":"<p>Tug Towing Cup je seri\u00e1l vybran\u00fdch regat v tug towingu. V\u00fdsledky t\u011bchto regat se zapo\u010d\u00edt\u00e1vaj\u00ed do tzv. \u201epoh\u00e1ru\u201c. T\u00fdm, kter\u00fd z t\u011bchto regat z\u00edsk\u00e1 nejv\u00edce bod\u016f, z\u00edsk\u00e1v\u00e1 presti\u017en\u00ed titul \u201e\u0160ampi\u00f3n v Tug Towingu\u201c a putovn\u00ed poh\u00e1r. Pravidla TTC 2022 Logo Tug Towing Cup 2022 Regaty zapo\u010d\u00edt\u00e1van\u00e9 do poh\u00e1ru &#8212;&#8212;&#8212;&#8212;&#8212;&#8212;&#8212;&#8212;&#8212;&#8212;&#8212;&#8212;&#8212;&#8212;&#8212;&#8212;&#8212;&#8212;&#8212;- 26.02.2022 &#8211; 27.02.2022 &#8211; Zimn\u00ed regata, [&hellip;]<\/p>\n","protected":false},"author":2,"featured_media":0,"parent":2,"menu_order":50,"comment_status":"closed","ping_status":"closed","template":"","meta":{"footnotes":""},"class_list":["post-10667","page","type-page","status-publish","hentry"],"_links":{"self":[{"href":"https:\/\/www.tugtowing.cz\/index.php?rest_route=\/wp\/v2\/pages\/10667","targetHints":{"allow":["GET"]}}],"collection":[{"href":"https:\/\/www.tugtowing.cz\/index.php?rest_route=\/wp\/v2\/pages"}],"about":[{"href":"https:\/\/www.tugtowing.cz\/index.php?rest_route=\/wp\/v2\/types\/page"}],"author":[{"embeddable":true,"href":"https:\/\/www.tugtowing.cz\/index.php?rest_route=\/wp\/v2\/users\/2"}],"replies":[{"embeddable":true,"href":"https:\/\/www.tugtowing.cz\/index.php?rest_route=%2Fwp%2Fv2%2Fcomments&post=10667"}],"version-history":[{"count":9,"href":"https:\/\/www.tugtowing.cz\/index.php?rest_route=\/wp\/v2\/pages\/10667\/revisions"}],"predecessor-version":[{"id":10734,"href":"https:\/\/www.tugtowing.cz\/index.php?rest_route=\/wp\/v2\/pages\/10667\/revisions\/10734"}],"up":[{"embeddable":true,"href":"https:\/\/www.tugtowing.cz\/index.php?rest_route=\/wp\/v2\/pages\/2"}],"wp:attachment":[{"href":"https:\/\/www.tugtowing.cz\/index.php?rest_route=%2Fwp%2Fv2%2Fmedia&parent=10667"}],"curies":[{"name":"wp","href":"https:\/\/api.w.org\/{rel}","templated":true}]}}