{"id":10800,"date":"2023-01-29T16:29:01","date_gmt":"2023-01-29T15:29:01","guid":{"rendered":"https:\/\/www.tugtowing.cz\/?page_id=10800"},"modified":"2023-01-29T17:15:37","modified_gmt":"2023-01-29T16:15:37","slug":"vyuctovani-roku-2021","status":"publish","type":"page","link":"https:\/\/www.tugtowing.cz\/?page_id=10800","title":{"rendered":"Vy\u00fa\u010dtov\u00e1n\u00ed roku 2021"},"content":{"rendered":"<p>P\u0159ipravujeme.<\/p>\n","protected":false},"excerpt":{"rendered":"<p>P\u0159ipravujeme.<\/p>\n","protected":false},"author":2,"featured_media":0,"parent":52,"menu_order":61,"comment_status":"closed","ping_status":"closed","template":"","meta":{"footnotes":""},"class_list":["post-10800","page","type-page","status-publish","hentry"],"_links":{"self":[{"href":"https:\/\/www.tugtowing.cz\/index.php?rest_route=\/wp\/v2\/pages\/10800","targetHints":{"allow":["GET"]}}],"collection":[{"href":"https:\/\/www.tugtowing.cz\/index.php?rest_route=\/wp\/v2\/pages"}],"about":[{"href":"https:\/\/www.tugtowing.cz\/index.php?rest_route=\/wp\/v2\/types\/page"}],"author":[{"embeddable":true,"href":"https:\/\/www.tugtowing.cz\/index.php?rest_route=\/wp\/v2\/users\/2"}],"replies":[{"embeddable":true,"href":"https:\/\/www.tugtowing.cz\/index.php?rest_route=%2Fwp%2Fv2%2Fcomments&post=10800"}],"version-history":[{"count":1,"href":"https:\/\/www.tugtowing.cz\/index.php?rest_route=\/wp\/v2\/pages\/10800\/revisions"}],"predecessor-version":[{"id":10801,"href":"https:\/\/www.tugtowing.cz\/index.php?rest_route=\/wp\/v2\/pages\/10800\/revisions\/10801"}],"up":[{"embeddable":true,"href":"https:\/\/www.tugtowing.cz\/index.php?rest_route=\/wp\/v2\/pages\/52"}],"wp:attachment":[{"href":"https:\/\/www.tugtowing.cz\/index.php?rest_route=%2Fwp%2Fv2%2Fmedia&parent=10800"}],"curies":[{"name":"wp","href":"https:\/\/api.w.org\/{rel}","templated":true}]}}