{"id":10804,"date":"2023-01-29T16:31:10","date_gmt":"2023-01-29T15:31:10","guid":{"rendered":"https:\/\/www.tugtowing.cz\/?page_id=10804"},"modified":"2023-01-29T16:45:39","modified_gmt":"2023-01-29T15:45:39","slug":"tug-towing-cup-2023","status":"publish","type":"page","link":"https:\/\/www.tugtowing.cz\/?page_id=10804","title":{"rendered":"Tug Towing Cup 2023"},"content":{"rendered":"<p>Tug Towing Cup je seri\u00e1l vybran\u00fdch regat v tug towingu. V\u00fdsledky t\u011bchto regat se zapo\u010d\u00edt\u00e1vaj\u00ed do tzv. <em>\u201epoh\u00e1ru\u201c<\/em>. T\u00fdm, kter\u00fd z t\u011bchto regat z\u00edsk\u00e1 nejv\u00edce bod\u016f, z\u00edsk\u00e1v\u00e1 presti\u017en\u00ed titul <strong>\u201e\u0160ampi\u00f3n v Tug Towingu\u201c<\/strong> a putovn\u00ed poh\u00e1r.<\/p>\n<p><a href=\"https:\/\/www.tugtowing.cz\/?page_id=10817\">Pravidla TTC 2023<\/a><\/p>\n<p>&nbsp;<\/p>\n<p><em>Logo Tug Towing Cup 2023<\/em><\/p>\n<p><strong>Regaty zapo\u010d\u00edt\u00e1van\u00e9 do poh\u00e1ru<\/strong><\/p>\n<p>&#8212;&#8212;&#8212;&#8212;&#8212;&#8212;&#8212;&#8212;&#8212;&#8212;&#8212;&#8212;&#8212;&#8212;&#8212;&#8212;&#8212;&#8212;&#8212;-<br \/>\n25.02.2023 &#8211; 26.02.2023 &#8211; Zimn\u00ed regata, Most,<br \/>\n??.05.2023 &#8211; ??.05.2023 &#8211; O soudek Panist\u00e1vky, \u017dirovnice<br \/>\n20.09.2023 &#8211; 22.09.2023 &#8211; Cab\u016fv memori\u00e1l, P\u0159\u00edbram<\/p>\n<p>Zm\u011bna m\u00edsta a term\u00ednu je mo\u017en\u00e1!<\/p>\n","protected":false},"excerpt":{"rendered":"<p>Tug Towing Cup je seri\u00e1l vybran\u00fdch regat v tug towingu. V\u00fdsledky t\u011bchto regat se zapo\u010d\u00edt\u00e1vaj\u00ed do tzv. \u201epoh\u00e1ru\u201c. T\u00fdm, kter\u00fd z t\u011bchto regat z\u00edsk\u00e1 nejv\u00edce bod\u016f, z\u00edsk\u00e1v\u00e1 presti\u017en\u00ed titul \u201e\u0160ampi\u00f3n v Tug Towingu\u201c a putovn\u00ed poh\u00e1r. Pravidla TTC 2023 &nbsp; Logo Tug Towing Cup 2023 Regaty zapo\u010d\u00edt\u00e1van\u00e9 do poh\u00e1ru &#8212;&#8212;&#8212;&#8212;&#8212;&#8212;&#8212;&#8212;&#8212;&#8212;&#8212;&#8212;&#8212;&#8212;&#8212;&#8212;&#8212;&#8212;&#8212;- 25.02.2023 &#8211; 26.02.2023 &#8211; Zimn\u00ed [&hellip;]<\/p>\n","protected":false},"author":2,"featured_media":0,"parent":2,"menu_order":55,"comment_status":"closed","ping_status":"closed","template":"","meta":{"footnotes":""},"class_list":["post-10804","page","type-page","status-publish","hentry"],"_links":{"self":[{"href":"https:\/\/www.tugtowing.cz\/index.php?rest_route=\/wp\/v2\/pages\/10804","targetHints":{"allow":["GET"]}}],"collection":[{"href":"https:\/\/www.tugtowing.cz\/index.php?rest_route=\/wp\/v2\/pages"}],"about":[{"href":"https:\/\/www.tugtowing.cz\/index.php?rest_route=\/wp\/v2\/types\/page"}],"author":[{"embeddable":true,"href":"https:\/\/www.tugtowing.cz\/index.php?rest_route=\/wp\/v2\/users\/2"}],"replies":[{"embeddable":true,"href":"https:\/\/www.tugtowing.cz\/index.php?rest_route=%2Fwp%2Fv2%2Fcomments&post=10804"}],"version-history":[{"count":6,"href":"https:\/\/www.tugtowing.cz\/index.php?rest_route=\/wp\/v2\/pages\/10804\/revisions"}],"predecessor-version":[{"id":10819,"href":"https:\/\/www.tugtowing.cz\/index.php?rest_route=\/wp\/v2\/pages\/10804\/revisions\/10819"}],"up":[{"embeddable":true,"href":"https:\/\/www.tugtowing.cz\/index.php?rest_route=\/wp\/v2\/pages\/2"}],"wp:attachment":[{"href":"https:\/\/www.tugtowing.cz\/index.php?rest_route=%2Fwp%2Fv2%2Fmedia&parent=10804"}],"curies":[{"name":"wp","href":"https:\/\/api.w.org\/{rel}","templated":true}]}}