{"id":10810,"date":"2023-01-29T16:37:29","date_gmt":"2023-01-29T15:37:29","guid":{"rendered":"https:\/\/www.tugtowing.cz\/?page_id=10810"},"modified":"2023-02-20T20:55:31","modified_gmt":"2023-02-20T19:55:31","slug":"zimni-regata-2023","status":"publish","type":"page","link":"https:\/\/www.tugtowing.cz\/?page_id=10810","title":{"rendered":"Zimn\u00ed regata 2023"},"content":{"rendered":"<p><a href=\"https:\/\/www.tugtowing.cz\/wp-content\/uploads\/2023\/01\/bbZimniRegata2023.jpg\"><img loading=\"lazy\" decoding=\"async\" class=\"size-full wp-image-10757 aligncenter\" src=\"https:\/\/www.tugtowing.cz\/wp-content\/uploads\/2023\/01\/bbZimniRegata2023.jpg\" alt=\"\" width=\"670\" height=\"150\" srcset=\"https:\/\/www.tugtowing.cz\/wp-content\/uploads\/2023\/01\/bbZimniRegata2023.jpg 670w, https:\/\/www.tugtowing.cz\/wp-content\/uploads\/2023\/01\/bbZimniRegata2023-300x67.jpg 300w, https:\/\/www.tugtowing.cz\/wp-content\/uploads\/2023\/01\/bbZimniRegata2023-150x34.jpg 150w\" sizes=\"auto, (max-width: 670px) 100vw, 670px\" \/><\/a><\/p>\n<p style=\"text-align: center;\"><a href=\"https:\/\/www.tugtowing.cz\/?p=10753\">Propozice<\/a><\/p>\n<p style=\"text-align: center;\">Pl\u00e1nky trat\u00ed<\/p>\n<p style=\"text-align: center;\"><a href=\"https:\/\/www.tugtowing.cz\/doc\/Tabulky\/TTC01-2023.htm\" target=\"_blank\" rel=\"noopener\">V\u00fdsledky<\/a><\/p>\n<p style=\"text-align: center;\">Foto<\/p>\n<p style=\"text-align: center;\">Video<\/p>\n<p style=\"text-align: center;\">Z\u00e1pisy j\u00edzd<\/p>\n","protected":false},"excerpt":{"rendered":"<p>Propozice Pl\u00e1nky trat\u00ed V\u00fdsledky Foto Video Z\u00e1pisy j\u00edzd<\/p>\n","protected":false},"author":2,"featured_media":0,"parent":10804,"menu_order":2,"comment_status":"closed","ping_status":"closed","template":"","meta":{"footnotes":""},"class_list":["post-10810","page","type-page","status-publish","hentry"],"_links":{"self":[{"href":"https:\/\/www.tugtowing.cz\/index.php?rest_route=\/wp\/v2\/pages\/10810","targetHints":{"allow":["GET"]}}],"collection":[{"href":"https:\/\/www.tugtowing.cz\/index.php?rest_route=\/wp\/v2\/pages"}],"about":[{"href":"https:\/\/www.tugtowing.cz\/index.php?rest_route=\/wp\/v2\/types\/page"}],"author":[{"embeddable":true,"href":"https:\/\/www.tugtowing.cz\/index.php?rest_route=\/wp\/v2\/users\/2"}],"replies":[{"embeddable":true,"href":"https:\/\/www.tugtowing.cz\/index.php?rest_route=%2Fwp%2Fv2%2Fcomments&post=10810"}],"version-history":[{"count":4,"href":"https:\/\/www.tugtowing.cz\/index.php?rest_route=\/wp\/v2\/pages\/10810\/revisions"}],"predecessor-version":[{"id":10874,"href":"https:\/\/www.tugtowing.cz\/index.php?rest_route=\/wp\/v2\/pages\/10810\/revisions\/10874"}],"up":[{"embeddable":true,"href":"https:\/\/www.tugtowing.cz\/index.php?rest_route=\/wp\/v2\/pages\/10804"}],"wp:attachment":[{"href":"https:\/\/www.tugtowing.cz\/index.php?rest_route=%2Fwp%2Fv2%2Fmedia&parent=10810"}],"curies":[{"name":"wp","href":"https:\/\/api.w.org\/{rel}","templated":true}]}}