{"id":132,"date":"2010-10-24T16:01:42","date_gmt":"2010-10-24T14:01:42","guid":{"rendered":"http:\/\/www.tugtowing.cz\/?page_id=132"},"modified":"2017-01-05T21:38:40","modified_gmt":"2017-01-05T20:38:40","slug":"tug-towing-cz","status":"publish","type":"page","link":"https:\/\/www.tugtowing.cz\/?page_id=132","title":{"rendered":"Tug Towing"},"content":{"rendered":"<p><a class=\"shutterset_\" title=\"Spou\u0161t\u011bn\u00ed remork\u00e9ru na vodu.\" href=\"https:\/\/www.tugtowing.cz\/wp-content\/uploads\/default\/if008.jpg\" data-image-id=\"259\"><img loading=\"lazy\" decoding=\"async\" class=\"ngg-singlepic ngg-left alignleft\" src=\"https:\/\/www.tugtowing.cz\/wp-content\/uploads\/default\/thumbs\/thumbs_if008.jpg\" alt=\"Spousteni remorkeru\" width=\"100\" height=\"75\"><\/a>V\u0161e co jste cht\u011bli o tug towingu v\u011bd\u011bt a b\u00e1li jste se zeptat. Svoje dotazy t\u00fdkaj\u00edc\u00ed se tug towingu m\u016f\u017eete pos\u00edlat na adresu:<\/p>\n<p><a href=\"mailto:tugtowing@gmail.com\"><strong>tugtowing@gmail.com<\/strong><\/a><\/p>\n<p>&nbsp;<\/p>\n<p><strong>Dal\u0161\u00ed rubriky:<\/strong><\/p>\n<ul>\n<li><a title=\"Ot\u00e1zky a odpov\u011bdi\" href=\"https:\/\/www.tugtowing.cz\/?page_id=138\">Ot\u00e1zky a odpov\u011bdi<\/a><\/li>\n<li><a title=\"Za\u010d\u00e1tky tug towingu v \u010cR\" href=\"https:\/\/www.tugtowing.cz\/?page_id=134\">Za\u010d\u00e1tky tug towingu v \u010cR<\/a><\/li>\n<li><a title=\"Zaj\u00edmav\u00e9 \u010dl\u00e1nky\" href=\"https:\/\/www.tugtowing.cz\/?page_id=143\">Zaj\u00edmav\u00e9 \u010dl\u00e1nky<\/a><\/li>\n<li><a title=\"Jednoduch\u00e9 remork\u00e9ry\" href=\"https:\/\/www.tugtowing.cz\/?page_id=140\">Jednoduch\u00e9 remork\u00e9ry<\/a><\/li>\n<li><a title=\"Certifik\u00e1ty\" href=\"https:\/\/www.tugtowing.cz\/?page_id=337\">Certifik\u00e1ty<\/a><\/li>\n<li><a title=\"Kapit\u00e1nsk\u00fd patent\" href=\"https:\/\/www.tugtowing.cz\/?page_id=340\">Kapit\u00e1nsk\u00fd patent<\/a><\/li>\n<\/ul>\n","protected":false},"excerpt":{"rendered":"<p>V\u0161e co jste cht\u011bli o tug towingu v\u011bd\u011bt a b\u00e1li jste se zeptat. Svoje dotazy t\u00fdkaj\u00edc\u00ed se tug towingu m\u016f\u017eete pos\u00edlat na adresu: tugtowing@gmail.com &nbsp; Dal\u0161\u00ed rubriky: Ot\u00e1zky a odpov\u011bdi Za\u010d\u00e1tky tug towingu v \u010cR Zaj\u00edmav\u00e9 \u010dl\u00e1nky Jednoduch\u00e9 remork\u00e9ry Certifik\u00e1ty Kapit\u00e1nsk\u00fd patent<\/p>\n","protected":false},"author":2,"featured_media":0,"parent":0,"menu_order":2,"comment_status":"closed","ping_status":"closed","template":"","meta":{"footnotes":""},"class_list":["post-132","page","type-page","status-publish","hentry"],"_links":{"self":[{"href":"https:\/\/www.tugtowing.cz\/index.php?rest_route=\/wp\/v2\/pages\/132","targetHints":{"allow":["GET"]}}],"collection":[{"href":"https:\/\/www.tugtowing.cz\/index.php?rest_route=\/wp\/v2\/pages"}],"about":[{"href":"https:\/\/www.tugtowing.cz\/index.php?rest_route=\/wp\/v2\/types\/page"}],"author":[{"embeddable":true,"href":"https:\/\/www.tugtowing.cz\/index.php?rest_route=\/wp\/v2\/users\/2"}],"replies":[{"embeddable":true,"href":"https:\/\/www.tugtowing.cz\/index.php?rest_route=%2Fwp%2Fv2%2Fcomments&post=132"}],"version-history":[{"count":0,"href":"https:\/\/www.tugtowing.cz\/index.php?rest_route=\/wp\/v2\/pages\/132\/revisions"}],"wp:attachment":[{"href":"https:\/\/www.tugtowing.cz\/index.php?rest_route=%2Fwp%2Fv2%2Fmedia&parent=132"}],"curies":[{"name":"wp","href":"https:\/\/api.w.org\/{rel}","templated":true}]}}