{"id":1330,"date":"2011-01-21T22:26:34","date_gmt":"2011-01-21T20:26:34","guid":{"rendered":"http:\/\/www.tugtowing.cz\/?page_id=1330"},"modified":"2011-03-11T12:27:50","modified_gmt":"2011-03-11T10:27:50","slug":"zimni-tug-towing-v-moste","status":"publish","type":"page","link":"https:\/\/www.tugtowing.cz\/?page_id=1330","title":{"rendered":"Zimn\u00ed Tug Towing v Most\u011b"},"content":{"rendered":"<p style=\"text-align: center;\"><img decoding=\"async\" class=\"ngg-singlepic ngg-center\" src=\"https:\/\/www.tugtowing.cz\/wp-content\/uploads\/bannery\/bannmost2011.gif\" alt=\"bannmost2011\" \/><\/p>\n<p style=\"text-align: center;\"><a href=\"?p=1338\" target=\"_self\">Propozice<\/a><\/p>\n<p style=\"text-align: center;\"><a href=\"?p=1150\" target=\"_self\">Pl\u00e1nky trat\u00ed<\/a><\/p>\n<p style=\"text-align: center;\"><a href=\"?p=1395\">Report\u00e1\u017e<\/a><\/p>\n<p style=\"text-align: center;\"><a href=\"?page_id=446#TT01\" target=\"_self\">Foto<\/a><\/p>\n<p style=\"text-align: center;\">Video<\/p>\n<p style=\"text-align: center;\"><a title=\"V\u00fdsledky\" href=\"doc\/Tabulky\/TTC01-2011.htm\" target=\"_blank\">V\u00fdsledky<\/a><\/p>\n<p style=\"text-align: center;\">Z\u00e1pisy j\u00edzd <a href=\"doc\/TTC2011\/TTC01-LTT.rar\" target=\"_blank\">LTT<\/a>, <a href=\"doc\/TTC2011\/TTC01-TTT.rar\" target=\"_blank\">TTT<\/a>, <a href=\"doc\/TTC2011\/TTC01-TLR1.rar\" target=\"_blank\">TLR1<\/a>,<a href=\"doc\/TTC2011\/TTC01-TLR2.rar\" target=\"_blank\"> TLR2<\/a><\/p>\n","protected":false},"excerpt":{"rendered":"<p>Propozice Pl\u00e1nky trat\u00ed Report\u00e1\u017e Foto Video V\u00fdsledky Z\u00e1pisy j\u00edzd LTT, TTT, TLR1, TLR2<\/p>\n","protected":false},"author":2,"featured_media":0,"parent":5,"menu_order":1,"comment_status":"closed","ping_status":"closed","template":"","meta":{"footnotes":""},"class_list":["post-1330","page","type-page","status-publish","hentry"],"_links":{"self":[{"href":"https:\/\/www.tugtowing.cz\/index.php?rest_route=\/wp\/v2\/pages\/1330","targetHints":{"allow":["GET"]}}],"collection":[{"href":"https:\/\/www.tugtowing.cz\/index.php?rest_route=\/wp\/v2\/pages"}],"about":[{"href":"https:\/\/www.tugtowing.cz\/index.php?rest_route=\/wp\/v2\/types\/page"}],"author":[{"embeddable":true,"href":"https:\/\/www.tugtowing.cz\/index.php?rest_route=\/wp\/v2\/users\/2"}],"replies":[{"embeddable":true,"href":"https:\/\/www.tugtowing.cz\/index.php?rest_route=%2Fwp%2Fv2%2Fcomments&post=1330"}],"version-history":[{"count":0,"href":"https:\/\/www.tugtowing.cz\/index.php?rest_route=\/wp\/v2\/pages\/1330\/revisions"}],"up":[{"embeddable":true,"href":"https:\/\/www.tugtowing.cz\/index.php?rest_route=\/wp\/v2\/pages\/5"}],"wp:attachment":[{"href":"https:\/\/www.tugtowing.cz\/index.php?rest_route=%2Fwp%2Fv2%2Fmedia&parent=1330"}],"curies":[{"name":"wp","href":"https:\/\/api.w.org\/{rel}","templated":true}]}}