{"id":134,"date":"2010-10-24T16:05:08","date_gmt":"2010-10-24T14:05:08","guid":{"rendered":"http:\/\/www.tugtowing.cz\/?page_id=134"},"modified":"2013-10-10T10:12:59","modified_gmt":"2013-10-10T09:12:59","slug":"zacatky-tug-towingu-v-cr","status":"publish","type":"page","link":"https:\/\/www.tugtowing.cz\/?page_id=134","title":{"rendered":"Za\u010d\u00e1tky tug towingu v \u010cR"},"content":{"rendered":"<p><a class=\"shutterset_\" title=\"Za\u010d\u00e1tek tug towingu v \u010cR.\" href=\"https:\/\/www.tugtowing.cz\/wp-content\/uploads\/default\/if012.jpg\"><img loading=\"lazy\" decoding=\"async\" class=\"ngg-singlepic ngg-left alignleft\" alt=\"zacatek TT\" src=\"https:\/\/www.tugtowing.cz\/wp-content\/uploads\/default\/thumbs\/thumbs_if012.jpg\" width=\"100\" height=\"75\" \/><\/a>Pokusy o vle\u010den\u00ed modelu n\u00e1kladn\u00ed lod\u011b jin\u00fdm modelem se v \u010cR uskute\u010dnily jist\u011b podstatn\u011b d\u0159\u00edve, ne\u017e se o to pokusili \u010dlenov\u00e9 Klubu NAMOLO v roce 2005. Rozd\u00edl byl ale v tom, \u017ee se tak stalo za \u00fa\u010delem uveden\u00ed tug towingu jako sout\u011b\u017ee pro lodn\u00ed model\u00e1\u0159e na dom\u00e1c\u00edch vod\u00e1ch a nikoliv jen o chvilkov\u00fd rozmar. Proto tomuto klubu popr\u00e1vu p\u0159in\u00e1le\u017e\u00ed tvrzen\u00ed: <em>&#8222;Byli jsme prvn\u00ed&#8230;&#8220;.<\/em><\/p>\n<p>Dne <strong>2.b\u0159ezna 2005 v 17:00 hodin<\/strong> lze datovat za\u010d\u00e1tek tug towingu v \u010cR. V Praze-Bran\u00edku se se\u0161li \u010dlenov\u00e9 Klubu NAMOLO! a tak\u0159ka v arktick\u00fdch podm\u00ednk\u00e1ch poprv\u00e9 vyzkou\u0161eli tah\u00e1n\u00ed vleku (remork\u00e9r Herkules) pomoc\u00ed dvou remork\u00e9r\u016f <strong>Monako I.<\/strong> a <strong>Waihe<\/strong>. Remork\u00e9r Monako I. byl nav\u00edc prvn\u00edm remork\u00e9rem, kter\u00fd byl stav\u011bn\u00fd speci\u00e1ln\u011b pro tug towing. U kr\u00e1tk\u00e9 <a href=\"http:\/\/www.mo-na-ko.net\/ruzne-VltavaTT200503.htm\" target=\"_blank\">report\u00e1\u017ee<\/a> z tohoto setk\u00e1n\u00ed najdete i fotogalerii a kr\u00e1tk\u00e9 video ze zku\u0161ebn\u00edch plaveb s vlekem.<strong><\/strong><\/p>\n<p><strong>2.dubna 2005<\/strong> se v Praze na Lu\u017ein\u00e1ch uskute\u010dnilo <a href=\"http:\/\/www.mo-na-ko.net\/ruzne-Luziny200504.htm\" target=\"_blank\">setk\u00e1n\u00ed lodn\u00edch model\u00e1\u0159\u016f<\/a>. P\u0159i t\u00e9to p\u0159\u00edle\u017eitosti \u010dlenov\u00e9 Klubu NAMOLO! op\u011bt vyzko\u0161eli tug towing prakticky ve stejn\u00e9 sestav\u011b jako p\u0159i prvn\u00edm pokusu. Pro siln\u00fd v\u00edtr nebylo vle\u010den\u00ed p\u0159\u00edli\u0161 \u00fasp\u011b\u0161n\u00e9, ale byla to cenn\u00e1 zku\u0161enost pro dal\u0161\u00ed p\u0159\u00edpravy.<strong><\/strong><\/p>\n<p><strong>6.dubna 2005 v 17:00 hodin<\/strong> se op\u011bt se\u0161li \u010dlenov\u00e9 Klubu NAMOLO! v Praze u Vltavy a op\u011bt se zkou\u0161el tug towing. Do pokus\u016f se zapojil nov\u00fd remork\u00e9r <strong>Perkins<\/strong>. Byly \u010din\u011bny pokusy jak p\u0159esn\u011b lze s vlekem man\u00e9vrovat a chov\u00e1n\u00ed ta\u017en\u00fdch remork\u00e9r\u016f. V\u0161e je zachceno v kr\u00e1tk\u00e9 <a href=\"http:\/\/www.mo-na-ko.net\/ruzne-VltavaTT200504.htm\" target=\"_blank\">report\u00e1\u017ei<\/a> z tohoto setk\u00e1n\u00ed.<strong><\/strong><\/p>\n<p><strong>29.dubna 2005<\/strong> v Praze-Bran\u00edku na Vltav\u011b po\u0159\u00e1dalo sdru\u017een\u00ed Argo <a href=\"http:\/\/www.mo-na-ko.net\/ruzne-BRegata2005.htm\" target=\"_blank\"><em>&#8222;Branickou regatu&#8220;<\/em><\/a>. Jednalo se o z\u00e1vod pramic pro d\u011bti i dosp\u011bl\u00e9. P\u0159i t\u00e9to p\u0159\u00edle\u017eitosti \u010dlenov\u00e9 Klubu NAMOLO! p\u0159edv\u00e1d\u011bli lodn\u00ed modely a samoz\u0159ejm\u011b nemohl chyb\u011bt ani tug towing, tentokr\u00e1te ji\u017e s prvn\u00edm vlekem, kter\u00fd jsme m\u011bli k dispozici. Pro Klub NAMOLO! ho postavil Mraz\u00edk. P\u016fvodn\u011b jako n\u00e1kladn\u00ed tla\u010dnou vanu, ale pozd\u011bji j\u00ed byla p\u0159id\u00e1na p\u0159\u00ed\u010f a byla pov\u00fd\u0161ena na n\u00e1kladn\u00ed lo\u010f.<strong><\/strong><\/p>\n<p><strong>21. a 22.kv\u011btna 2005<\/strong> se do Podrou\u017eku u Netolic sjeli lodn\u00ed model\u00e1\u0159i na <a href=\"http:\/\/www.mo-na-ko.net\/ruzne-Podrouzek200505.htm\" target=\"_blank\">sout\u011b\u017ei<\/a> NS. Mraz\u00edk sem dovezl ji\u017e hotovou tla\u010dnou vanu i s tla\u010dn\u00fdm remork\u00e9rem <strong>Ag\u00e1tou<\/strong>. Po skon\u010den\u00ed sout\u011b\u017en\u00edho dne byl tak tug towing p\u0159edstaven i \u0161ir\u0161\u00ed model\u00e1\u0159sk\u00e9 ve\u0159ejnosti a sou\u010dasn\u011b zkou\u0161eny pr\u016fjezdy sout\u011b\u017en\u00edmi brankami.<strong><\/strong><\/p>\n<p><strong>1.\u010dervna 2005 v 18:00 hodin<\/strong> se konn\u00e1 dal\u0161\u00ed klubov\u00e9 setk\u00e1n\u00ed Klubu NAMOLO! v Praze-Bran\u00edku u Vltavy a op\u011bt prob\u00edhaj\u00ed zkou\u0161ky v tah\u00e1n\u00ed nov\u00e9 vany. Jen\u017ee tentokr\u00e1te dojde i k prvn\u00ed hav\u00e1rii a potopen\u00ed <strong>Perkinse<\/strong> a vleku. Jak se to cel\u00e9 seb\u011bhlo a dopadlo bylo pops\u00e1no v <a href=\"http:\/\/www.mo-na-ko.net\/ruzne-VltavaTT200506.htm\" target=\"_blank\">samostatn\u00e9 report\u00e1\u017ei<\/a>. Byla to op\u011bt cenn\u00e1 zku\u0161enost, pro dal\u0161\u00ed pl\u00e1nov\u00e1n\u00ed p\u0159\u00edprav na prvn\u00ed sout\u011b\u017en\u00ed setk\u00e1n\u00ed v tug towingu v \u010cR.<strong><\/strong><\/p>\n<p><strong>26.\u010dervna 2005<\/strong> se v Praze na Lu\u017ein\u00e1ch uskute\u010dn\u00ed dal\u0161\u00ed <a href=\"http:\/\/www.mo-na-ko.net\/clanky\/074_Luziny\/clanek.htm\" target=\"_blank\">setk\u00e1n\u00ed lodn\u00edch model\u00e1\u0159\u016f<\/a> a \u0161ir\u0161\u00ed laick\u00e9 i model\u00e1\u0159sk\u00e9 ve\u0159ejnosti je op\u011bt p\u0159edv\u00e1d\u011bn tug towing. Remork\u00e9r Perkins byl po vzloven\u00ed z Vltavy op\u011bt ve form\u011b, ale vla\u010den\u00ed si vyzkou\u0161ely i dal\u0161\u00ed lod\u011b v\u010detn\u011b parn\u00edho remork\u00e9ru <strong>Saturn<\/strong>. Vana byla z bezpe\u010dnostn\u00edch d\u016fvod\u016f opat\u0159ena f\u00f3li\u00ed aby do n\u00ed nemohl zat\u00e9kat a neopakovala se situace z Vltavy.<strong><\/strong><\/p>\n<p><strong>23.\u010dervence 2005<\/strong> vych\u00e1z\u00ed na str\u00e1nk\u00e1ch MoNaKo <a href=\"http:\/\/www.mo-na-ko.net\/clanky\/079_TT\/clanek.htm\" target=\"_blank\">\u010dl\u00e1nek<\/a>, kter\u00fd popisuje model\u00e1\u0159sk\u00fd tug towing a poprv\u00e9 je ve\u0159ejn\u011b prezentov\u00e1n <a target=\"_blank\">z\u00e1m\u011br<\/a> uspo\u0159\u00e1dat prvn\u00ed sout\u011b\u017en\u00ed setk\u00e1n\u00ed v tug towingu v \u010cR. Anketa uk\u00e1zala, \u017ee o tuto akci by z\u00e1jem byl.<strong><\/strong><\/p>\n<p><strong>8.kv\u011btna 2006<\/strong> prob\u011bhla posledn\u00ed &#8211; <a href=\"http:\/\/www.mo-na-ko.net\/clanky3\/137_Brigada\/clanek.htm\" target=\"_blank\">\u010dtvrt\u00e1 klubov\u00e1 brig\u00e1da<\/a> Klubu NAMOLO! k p\u0159\u00edprav\u011b historicky prvn\u00edho sout\u011b\u017en\u00edho setk\u00e1n\u00ed v tug towingu v \u010cR. Po skon\u010den\u00ed t\u00e9to brig\u00e1dy bylo mo\u017en\u00e9 prohl\u00e1sit, \u017ee je v\u0161e ji\u017e p\u0159ipraveno. Klub NAMOLO! m\u011bl ji\u017e k dispozici i druh\u00fd vlek pro t\u011b\u017ek\u00fd tug towing. Op\u011bt z d\u00edlny Mraz\u00edka. Byla i p\u0159ipravena prvn\u00ed neofici\u00e1ln\u00ed n\u00e1rodn\u00ed pravidla pro tug towing.<strong><\/strong><\/p>\n<p><strong>22.kv\u011btna 2006<\/strong> za\u010d\u00edn\u00e1 prvn\u00ed sout\u011b\u017en\u00ed setk\u00e1n\u00ed v tug towingu v \u010cR nazvan\u00e9 <em>&#8222;V\u00edkend s tug towingem&#8220;<\/em>.<\/p>\n<p>To je ze stru\u010dn\u00e9 historie za\u010d\u00e1tk\u016f tug towingu v \u010cR v\u0161e. D\u00e1l ji\u017e byly v\u0161echny sout\u011b\u017en\u00ed setk\u00e1n\u00ed dob\u0159e zdokumentov\u00e1ny, obrazov\u00fd materi\u00e1l je bohat\u00fd a je tak mo\u017en\u00e9 v pro\u010d\u00edt\u00e1n\u00ed historie pokra\u010dovat.<\/p>\n","protected":false},"excerpt":{"rendered":"<p>Pokusy o vle\u010den\u00ed modelu n\u00e1kladn\u00ed lod\u011b jin\u00fdm modelem se v \u010cR uskute\u010dnily jist\u011b podstatn\u011b d\u0159\u00edve, ne\u017e se o to pokusili \u010dlenov\u00e9 Klubu NAMOLO v roce 2005. Rozd\u00edl byl ale v tom, \u017ee se tak stalo za \u00fa\u010delem uveden\u00ed tug towingu jako sout\u011b\u017ee pro lodn\u00ed model\u00e1\u0159e na dom\u00e1c\u00edch vod\u00e1ch a nikoliv jen o chvilkov\u00fd rozmar. Proto [&hellip;]<\/p>\n","protected":false},"author":2,"featured_media":0,"parent":132,"menu_order":2,"comment_status":"open","ping_status":"closed","template":"","meta":{"footnotes":""},"class_list":["post-134","page","type-page","status-publish","hentry"],"_links":{"self":[{"href":"https:\/\/www.tugtowing.cz\/index.php?rest_route=\/wp\/v2\/pages\/134","targetHints":{"allow":["GET"]}}],"collection":[{"href":"https:\/\/www.tugtowing.cz\/index.php?rest_route=\/wp\/v2\/pages"}],"about":[{"href":"https:\/\/www.tugtowing.cz\/index.php?rest_route=\/wp\/v2\/types\/page"}],"author":[{"embeddable":true,"href":"https:\/\/www.tugtowing.cz\/index.php?rest_route=\/wp\/v2\/users\/2"}],"replies":[{"embeddable":true,"href":"https:\/\/www.tugtowing.cz\/index.php?rest_route=%2Fwp%2Fv2%2Fcomments&post=134"}],"version-history":[{"count":0,"href":"https:\/\/www.tugtowing.cz\/index.php?rest_route=\/wp\/v2\/pages\/134\/revisions"}],"up":[{"embeddable":true,"href":"https:\/\/www.tugtowing.cz\/index.php?rest_route=\/wp\/v2\/pages\/132"}],"wp:attachment":[{"href":"https:\/\/www.tugtowing.cz\/index.php?rest_route=%2Fwp%2Fv2%2Fmedia&parent=134"}],"curies":[{"name":"wp","href":"https:\/\/api.w.org\/{rel}","templated":true}]}}