{"id":138,"date":"2010-10-24T16:07:35","date_gmt":"2010-10-24T14:07:35","guid":{"rendered":"http:\/\/www.tugtowing.cz\/?page_id=138"},"modified":"2017-01-05T21:44:35","modified_gmt":"2017-01-05T20:44:35","slug":"otazky-a-odpovedi","status":"publish","type":"page","link":"https:\/\/www.tugtowing.cz\/?page_id=138","title":{"rendered":"Ot\u00e1zky a odpov\u011bdi"},"content":{"rendered":"<p><a class=\"shutterset_\" title=\"Remork\u00e9r Jenis.\" href=\"https:\/\/www.tugtowing.cz\/wp-content\/uploads\/default\/if005.jpg\"><img loading=\"lazy\" decoding=\"async\" class=\"ngg-singlepic alignleft\" src=\"https:\/\/www.tugtowing.cz\/wp-content\/uploads\/default\/thumbs\/thumbs_if005.jpg\" alt=\"Remorker Jenis\" width=\"100\" height=\"75\"><\/a><\/p>\n<p>Svoje dotazy t\u00fdkaj\u00edc\u00ed se tug towingu, stavby remork\u00e9r\u016f, pravidel atd. m\u016f\u017eete pos\u00edlat na adresu:<\/p>\n<p style=\"text-align: left;\"><a href=\"mailto:tugtowing@gmail.com\"><strong>tugtowing@gmail.com<\/strong><\/a><\/p>\n<p><strong>Co je to vlastn\u011b tug towing ?<\/strong><br \/>\nOdpov\u011b\u010f na tuto ot\u00e1zku najdete v \u010dl\u00e1nku <a href=\"http:\/\/www.mo-na-ko.net\/clanky\/079_TT\/clanek.htm\" target=\"_blank\">Tug Towing<\/a> z roku 2005. Po prvn\u00edm sout\u011b\u017en\u00edm setk\u00e1n\u00ed, V\u00edkend s Tug Towingem v Jinolic\u00edch, vy\u0161el dopl\u0148uj\u00edc\u00ed \u010dl\u00e1nek <a href=\"http:\/\/www.mo-na-ko.net\/clanky4\/146_TTotazky\/clanek.htm\" target=\"_blank\">Ot\u00e1zky a odpov\u011bdi k tug towingu<\/a>, kter\u00fd d\u00e1v\u00e1 odpov\u011bdi na n\u011bkter\u00e9, \u010dasto se opakuj\u00edc\u00ed, z\u00e1kladn\u00ed ot\u00e1zky.<\/p>\n<p><strong>Kdo se m\u016f\u017ee tug towingu \u00fa\u010dastnit ?<\/strong><br \/>\nT\u00e9to model\u00e1\u0159sk\u00e9 sout\u011b\u017en\u00ed discipl\u00fdny se m\u016f\u017ee \u00fa\u010dastnit ka\u017ed\u00fd, kdo m\u00e1 model remork\u00e9ru, kter\u00fd vyhovuje pravidl\u016fm pro tug towing. Na pohlav\u00ed a v\u011bku samoz\u0159ejm\u011b nez\u00e1le\u017e\u00ed, pouze na Va\u0161em odhodl\u00e1n\u00ed se \u00fa\u010dastnit a respektovat pravidla. Registrace ve SM\u010cR nen\u00ed podm\u00ednkou. V\u0161echna sout\u011b\u017en\u00ed setk\u00e1n\u00ed jsou tzv. &#8222;otev\u0159en\u00e1&#8220;, tedy p\u0159\u00edstupn\u00e1 v\u0161em.<\/p>\n<p><strong>Co je to &#8222;Tug Towing Cup&#8220; ?<\/strong><br \/>\nJe to seri\u00e1l sout\u011b\u017e\u00ed (\u010dty\u0159i a\u017e p\u011bt), kdy se jednotliv\u00fdm t\u00fdm\u016fm p\u0159id\u011bluj\u00ed body za um\u00edst\u011bn\u00ed v sout\u011b\u017ei v r\u00e1mci kategorie do kter\u00e9 t\u00fdm pat\u0159\u00ed. V\u00edt\u011bzem Tug Towing Cup se stane t\u00fdm, kter\u00fd z\u00edsk\u00e1 nejv\u00edce bod\u016f, p\u0159i\u010dem\u017e nejhor\u0161\u00ed bodov\u00fd zisk se \u0161krt\u00e1. Do Tug Towig Cup jsou automaticky za\u0159azeny v\u0161echny t\u00fdmy, kter\u00e9 se \u00fa\u010dastn\u00ed alespo\u0148 jednoho sout\u011b\u017en\u00edho setk\u00e1n\u00ed a z\u00edskaj\u00ed alespo\u0148 jeden bod.<\/p>\n<p><strong>Kdo po\u0159\u00e1d\u00e1 sout\u011b\u017en\u00ed setk\u00e1n\u00ed v tug towingu ?<\/strong><br \/>\nHlavn\u00edm po\u0159adatelem a koordin\u00e1torem sout\u011b\u017en\u00edch setk\u00e1n\u00ed je <a href=\"?page_id=52\" target=\"_self\">Spolek NAMOLO!<\/a> Toto sdru\u017een\u00ed m\u00e1 ve\u0161ker\u00e9 pot\u0159ebn\u00e9 vybaven\u00ed pro uspo\u0159\u00e1d\u00e1n\u00ed sout\u011b\u017en\u00edho setk\u00e1n\u00ed podle <a href=\"?page_id=10\" target=\"_self\">platn\u00fdch pravidel<\/a>. Sout\u011b\u017en\u00ed setk\u00e1n\u00ed jsou od roku 2011 vypisov\u00e1na v\u00fdhradn\u011b na str\u00e1nk\u00e1ch Tug Towing CZ. Klub NAMOLO! o.s. je tak\u00e9 spr\u00e1vcem a garantem jednotn\u00e9ho v\u00fdkladu neofici\u00e1ln\u00edch pravidel pro tug towing &#8211; Pravidla pro Tug Towing.<\/p>\n<p><strong>Jak se mohu na sout\u011b\u017e v tug towingu p\u0159ihl\u00e1sit ?<\/strong><br \/>\nD\u0159\u00edve ne\u017e se na sout\u011b\u017e v tug towingu p\u0159ihl\u00e1s\u00edte, je pot\u0159eba si \u0159\u00e1dn\u011b p\u0159e\u010d\u00edst platn\u00e1 pravidla pro tug towing a ov\u011b\u0159it si, \u017ee V\u00e1\u0161 remork\u00e9r spl\u0148uje podm\u00ednky pro \u00fa\u010dast. Pak ji\u017e sta\u010d\u00ed jen \u0159\u00e1dn\u011b vyplnit formul\u00e1\u0159 p\u0159ihl\u00e1\u0161ky, kter\u00e1 je v\u017edy dostupn\u00e1 u vyhl\u00e1\u0161en\u00ed sout\u011b\u017ee. O p\u0159ijet\u00ed p\u0159ihl\u00e1\u0161ky budete informov\u00e1ni elektronickou po\u0161tou a sou\u010dasn\u011b budete vyps\u00e1ni do startovn\u00ed listiny.<\/p>\n<p><strong>V jak\u00fdch kategori\u00edch se v tug towingu sout\u011b\u017e\u00ed ?<\/strong><br \/>\nSout\u011b\u017e\u00ed se ve \u010dty\u0159ech z\u00e1kladn\u00edch kategori\u00edch. Lehk\u00fd tug towing, t\u011b\u017ek\u00fd tug towing, tla\u010dn\u00e9 remork\u00e9ry dvou\u0161roub\u00e9 a tla\u010dn\u00e9 remork\u00e9ry jedno\u0161roub\u00e9. T\u011bmto kategori\u00edm odpov\u00eddaj\u00ed vleky, kter\u00e9 se na sout\u011b\u017e\u00edch pou\u017e\u00edvaj\u00ed. Rozhoduj\u00edc\u00ed, do kter\u00e9 kategorie remork\u00e9r pat\u0159\u00ed, je jeho d\u00e9lka trupu p\u0159es v\u0161echny nesn\u00edmateln\u00e9 sou\u010d\u00e1sti. Trup remork\u00e9ru prom\u011b\u0159\u00ed rozhod\u010d\u00ed na sout\u011b\u017ei pomoc\u00ed ofici\u00e1ln\u00edho m\u011b\u0159idla. Dal\u0161\u00ed informace jsou v pravidlech.<\/p>\n<p><strong>Co kdy\u017e nem\u00e1m par\u0165\u00e1ka do t\u00fdmu ?<\/strong><br \/>\nRozhodn\u011b to nen\u00ed \u017e\u00e1dn\u00e1 p\u0159ek\u00e1\u017eka. Klidn\u011b se m\u016f\u017eete p\u0159ihl\u00e1sit. Bu\u010f se k V\u00e1m n\u011bkdo p\u0159id\u00e1, t\u0159eba stejn\u011b jako Vy hled\u00e1 par\u0165\u00e1ka a nebo p\u0159\u00edmo na sout\u011b\u017ei se s n\u011bk\u00fdm domluv\u00edte a organiz\u00e1to\u0159i V\u00e1m jist\u011b n\u011bkoho do t\u00fdmu ochotn\u011b dohod\u00ed. Ostych rozhodn\u011b nen\u00ed na m\u00edst\u011b.<\/p>\n<p><strong>Kde mohu koupit remork\u00e9r pro tug towing ?<\/strong><br \/>\nV model\u00e1\u0159sk\u00e9m obchod\u011b a pravd\u011bpodobn\u011b ani na internetu si hotov\u00fd model remork\u00e9ru, kter\u00fd by \u0161el ihned pou\u017e\u00edt pro tug towing pravd\u011bpodobn\u011b nekoup\u00edte. P\u0159i tro\u0161e \u0161t\u011bst\u00ed by se mo\u017en\u00e1 dal sehnat na inzer\u00e1t. Je pot\u0159eba se pustit cestou vlastn\u00ed stavby a nebo \u00fapravou stavebnice \u010di ji\u017e hotov\u00e9ho modelu. Na stavbu n\u011bkolika<a href=\"?page_id=140\" target=\"_self\"> jednoduch\u00fdch remork\u00e9r\u016f<\/a> zde najdete n\u00e1vody a pl\u00e1nky.<\/p>\n<p><span style=\"border-radius: 2px; text-indent: 20px; width: auto; padding: 0px 4px 0px 0px; text-align: center; font: bold 11px\/20px 'Helvetica Neue',Helvetica,sans-serif; color: #ffffff; background: #bd081c no-repeat scroll 3px 50% \/ 14px 14px; position: absolute; opacity: 1; z-index: 8675309; display: none; cursor: pointer;\">Ulo\u017eit<\/span><\/p>\n<p><span style=\"border-radius: 2px; text-indent: 20px; width: auto; padding: 0px 4px 0px 0px; text-align: center; font: bold 11px\/20px 'Helvetica Neue',Helvetica,sans-serif; color: #ffffff; background: #bd081c no-repeat scroll 3px 50% \/ 14px 14px; position: absolute; opacity: 1; z-index: 8675309; display: none; cursor: pointer;\">Ulo\u017eit<\/span><\/p>\n","protected":false},"excerpt":{"rendered":"<p>Svoje dotazy t\u00fdkaj\u00edc\u00ed se tug towingu, stavby remork\u00e9r\u016f, pravidel atd. m\u016f\u017eete pos\u00edlat na adresu: tugtowing@gmail.com Co je to vlastn\u011b tug towing ? Odpov\u011b\u010f na tuto ot\u00e1zku najdete v \u010dl\u00e1nku Tug Towing z roku 2005. Po prvn\u00edm sout\u011b\u017en\u00edm setk\u00e1n\u00ed, V\u00edkend s Tug Towingem v Jinolic\u00edch, vy\u0161el dopl\u0148uj\u00edc\u00ed \u010dl\u00e1nek Ot\u00e1zky a odpov\u011bdi k tug towingu, kter\u00fd d\u00e1v\u00e1 [&hellip;]<\/p>\n","protected":false},"author":2,"featured_media":0,"parent":132,"menu_order":1,"comment_status":"open","ping_status":"closed","template":"","meta":{"footnotes":""},"class_list":["post-138","page","type-page","status-publish","hentry"],"_links":{"self":[{"href":"https:\/\/www.tugtowing.cz\/index.php?rest_route=\/wp\/v2\/pages\/138","targetHints":{"allow":["GET"]}}],"collection":[{"href":"https:\/\/www.tugtowing.cz\/index.php?rest_route=\/wp\/v2\/pages"}],"about":[{"href":"https:\/\/www.tugtowing.cz\/index.php?rest_route=\/wp\/v2\/types\/page"}],"author":[{"embeddable":true,"href":"https:\/\/www.tugtowing.cz\/index.php?rest_route=\/wp\/v2\/users\/2"}],"replies":[{"embeddable":true,"href":"https:\/\/www.tugtowing.cz\/index.php?rest_route=%2Fwp%2Fv2%2Fcomments&post=138"}],"version-history":[{"count":0,"href":"https:\/\/www.tugtowing.cz\/index.php?rest_route=\/wp\/v2\/pages\/138\/revisions"}],"up":[{"embeddable":true,"href":"https:\/\/www.tugtowing.cz\/index.php?rest_route=\/wp\/v2\/pages\/132"}],"wp:attachment":[{"href":"https:\/\/www.tugtowing.cz\/index.php?rest_route=%2Fwp%2Fv2%2Fmedia&parent=138"}],"curies":[{"name":"wp","href":"https:\/\/api.w.org\/{rel}","templated":true}]}}