{"id":140,"date":"2010-10-24T16:09:53","date_gmt":"2010-10-24T14:09:53","guid":{"rendered":"http:\/\/www.tugtowing.cz\/?page_id=140"},"modified":"2010-11-03T14:29:55","modified_gmt":"2010-11-03T12:29:55","slug":"jednoduche-remorkery","status":"publish","type":"page","link":"https:\/\/www.tugtowing.cz\/?page_id=140","title":{"rendered":"Jednoduch\u00e9 remork\u00e9ry"},"content":{"rendered":"<p><strong>Jednoduch\u00e9 remork\u00e9ry pro tug towing<\/strong><\/p>\n<table border=\"0\">\n<tbody>\n<tr>\n<td><img decoding=\"async\" style=\"margin: 5px;\" src=\"http:\/\/www.mo-na-ko.net\/php\/portal\/_Clanky0000\/TT-CZ\/Nahledy\/remMonako.jpg\" alt=\"\" \/><\/td>\n<td><strong>Monako I.<\/strong><br \/>\nJednoduch\u00fd remork\u00e9r, kter\u00fd byl navr\u017een\u00fd (2004) pro lehk\u00fd tug towing  podle skute\u010dn\u00e9 p\u0159edlohy (Al Khubar) a dal vzniknout cel\u00e9 t\u0159\u00edd\u011b t\u011bchto  model\u016f. Prototyp modelu, prakticky bez dal\u0161\u00edch \u00faprav, je dodnes (2009) v  aktvn\u00ed slu\u017eb\u011b! Lze s n\u00edm tahat v p\u0159edu i v zadu. Nen\u00ed ur\u010den\u00fd pro  tla\u010den\u00ed. Jeho stavba je jednoduch\u00e1, levn\u00e1 a m\u011bl by ji zvl\u00e1dnout  prakticky ka\u017ed\u00fd. \u00dapravy modelu dle vlastn\u00edch p\u0159\u00e1n\u00ed jsou snadno  provediteln\u00e9. V\u0161echny pot\u0159ebn\u00e9 informace a podklady pro stavbu najdete v  <a href=\"http:\/\/www.mo-na-ko.net\/php\/portal\/view.php?cisloclanku=2007050012\" target=\"_blank\">lodn\u00edm registru<\/a> remork\u00e9r\u016f <em>&#8222;t\u0159. Monako I.&#8220; <\/em>. P\u0159e\u010dt\u011bte si t\u0159eba <a href=\"http:\/\/www.mo-na-ko.net\/php\/portal\/view.php?cisloclanku=2007070007\" target=\"_blank\">\u010dl\u00e1nek o vlastn\u00ed \u00faprav\u011b tohoto remork\u00e9ru.<\/a><\/td>\n<\/tr>\n<tr>\n<td><img decoding=\"async\" style=\"margin: 5px;\" src=\"http:\/\/www.mo-na-ko.net\/php\/portal\/_Clanky0000\/TT-CZ\/Nahledy\/remSpringer.jpg\" alt=\"\" \/><\/td>\n<td><strong>Springer<\/strong><br \/>\nJednoduch\u00fd a mal\u00fd  remork\u00e9r, kter\u00fd je prim\u00e1rn\u011b ur\u010den\u00fd pro tla\u010den\u00ed, ale stejn\u011b dob\u0159e ho lze  vyu\u017e\u00edt i jako ta\u017en\u00fd remork\u00e9r v lehk\u00e9m tug towingu. Z\u00edskal si velkou  oblibu kv\u016fli sv\u00e9 jednoduch\u00e9 a rychl\u00e9 stavb\u011b a mo\u017enosti stavby vlastn\u00edch  n\u00e1staveb. Jedn\u00e1 se o samostanou t\u0159\u00eddu remork\u00e9r\u016f, kde je velikost trupu  striktn\u011b d\u00e1na <a href=\"http:\/\/www.mo-na-ko.net\/php\/portal\/page.php?id=9\" target=\"_blank\">pravidly<\/a>. S springerech je toho na internetu k nalezen\u00ed opravdu hodn\u011b. Na webov\u00fdch str\u00e1nk\u00e1ch MoNaKo je k dispozici n\u011bkolik \u010dl\u00e1nk\u016f (<a href=\"http:\/\/www.mo-na-ko.net\/php\/portal\/view.php?cisloclanku=2008030021\" target=\"_blank\">1<\/a>, <a href=\"http:\/\/www.mo-na-ko.net\/php\/portal\/view.php?cisloclanku=2008040009\" target=\"_blank\">2<\/a>, <a href=\"http:\/\/www.mo-na-ko.net\/php\/portal\/view.php?cisloclanku=2009100013\" target=\"_blank\">3<\/a>, <a href=\"http:\/\/www.mo-na-ko.net\/php\/portal\/view.php?cisloclanku=2007070004\" target=\"_blank\">4<\/a>, <a href=\"http:\/\/www.mo-na-ko.net\/php\/portal\/view.php?cisloclanku=2007120005\" target=\"_blank\">5<\/a>).<\/td>\n<\/tr>\n<tr>\n<td><img decoding=\"async\" style=\"margin: 5px;\" src=\"http:\/\/www.mo-na-ko.net\/php\/portal\/_Clanky0000\/TT-CZ\/Nahledy\/remJasmin.jpg\" alt=\"\" \/><\/td>\n<td><strong>Jasm\u00edn<\/strong><br \/>\nKr\u00e1sn\u00fd klasick\u00fd  remork\u00e9r, kter\u00fd poch\u00e1z\u00ed z Anglie z d\u00edlny pana Richarda Webba. Jeho  stavebn\u00ed n\u00e1vod byl publikov\u00e1n v model\u00e1\u0159sk\u00e9m \u010dasopise &#8222;Model Boats&#8220;. Pro  server MoNaKo se poda\u0159ilo z\u00edskat souhlas s publikov\u00e1n\u00edm <a href=\"http:\/\/www.mo-na-ko.net\/php\/portal\/view.php?cisloclanku=2007110008\" target=\"_blank\">stavebn\u00edho n\u00e1vodu<\/a> v \u010de\u0161tin\u011b v\u010detn\u011b stavebn\u00edho pl\u00e1nu. Jedn\u00e1 se o robusn\u00ed remork\u00e9r, kter\u00fd  je vhodn\u00fd pro vle\u010den\u00ed v kategorii lehk\u00fd tug towing. Vynik\u00e1 lehkou  stavbou trupu a na vod\u011b vypad\u00e1 opravdu skv\u011ble.<\/td>\n<\/tr>\n<tr>\n<td><img decoding=\"async\" style=\"margin: 5px;\" src=\"http:\/\/www.mo-na-ko.net\/php\/portal\/_Clanky0000\/TT-CZ\/Nahledy\/remZehlicka.jpg\" alt=\"\" \/><\/td>\n<td><strong>\u017dehli\u010dka<\/strong><br \/>\nMal\u00fd a jednoduch\u00fd  remork\u00e9r, kter\u00fd je svoj\u00ed konstrukc\u00ed ur\u010den\u00fd pro vle\u010den\u00ed v lehk\u00e9m tug  towingu. Vynik\u00e1 opravdu jednoduchou konstrukc\u00ed, a rychlou stavbou,  kterou zvl\u00e1dne i mal\u00e9 d\u00edt\u011b. Zd\u00e1nliv\u00e1 jednoduchost mu nen\u00ed na \u0161kodu,  sp\u00ed\u0161e naopak. <a href=\"http:\/\/www.mo-na-ko.net\/lode-Zehlicka.htm\" target=\"_blank\">Stavebn\u00ed n\u00e1vod<\/a> je k dispozici na MoNaKu. Tento model se \u00fasp\u011b\u0161n\u011b \u00fa\u010dastnil prvn\u00edho sout\u011b\u017en\u00edho setk\u00e1n\u00ed v tug towingu v Jinolic\u00edch 2006.<\/td>\n<\/tr>\n<tr>\n<td><img decoding=\"async\" style=\"margin: 5px;\" src=\"http:\/\/www.mo-na-ko.net\/php\/portal\/_Clanky0000\/TT-CZ\/Nahledy\/remAgata.jpg\" alt=\"\" \/><\/td>\n<td><strong>Ag\u00e1ta<\/strong><br \/>\nMal\u00fd a jednoduch\u00fd tla\u010dn\u00fd  remork\u00e9r. Pro vle\u010den\u00ed nen\u00ed vhodn\u00fd snad proto se nedo\u010dkal roz\u0161\u00ed\u0159en\u00ed a je  nepr\u00e1vem opom\u00edjen\u00fd. Jeho stavba je snadn\u00e1, rychl\u00e1, levn\u00e1 a podle <a href=\"http:\/\/www.mo-na-ko.net\/lode-Agata.htm\" target=\"_blank\">n\u00e1vodu<\/a> to zvl\u00e1dne opravdu ka\u017ed\u00fd. V kategorii tla\u010dn\u00fdch remork\u00e9r\u016f proti Springer\u016fm rozhodn\u011b nen\u00ed bez \u0161ance.<\/td>\n<\/tr>\n<\/tbody>\n<\/table>\n","protected":false},"excerpt":{"rendered":"<p>Jednoduch\u00e9 remork\u00e9ry pro tug towing Monako I. Jednoduch\u00fd remork\u00e9r, kter\u00fd byl navr\u017een\u00fd (2004) pro lehk\u00fd tug towing podle skute\u010dn\u00e9 p\u0159edlohy (Al Khubar) a dal vzniknout cel\u00e9 t\u0159\u00edd\u011b t\u011bchto model\u016f. Prototyp modelu, prakticky bez dal\u0161\u00edch \u00faprav, je dodnes (2009) v aktvn\u00ed slu\u017eb\u011b! Lze s n\u00edm tahat v p\u0159edu i v zadu. Nen\u00ed ur\u010den\u00fd pro tla\u010den\u00ed. Jeho [&hellip;]<\/p>\n","protected":false},"author":2,"featured_media":0,"parent":132,"menu_order":4,"comment_status":"open","ping_status":"closed","template":"","meta":{"footnotes":""},"class_list":["post-140","page","type-page","status-publish","hentry"],"_links":{"self":[{"href":"https:\/\/www.tugtowing.cz\/index.php?rest_route=\/wp\/v2\/pages\/140","targetHints":{"allow":["GET"]}}],"collection":[{"href":"https:\/\/www.tugtowing.cz\/index.php?rest_route=\/wp\/v2\/pages"}],"about":[{"href":"https:\/\/www.tugtowing.cz\/index.php?rest_route=\/wp\/v2\/types\/page"}],"author":[{"embeddable":true,"href":"https:\/\/www.tugtowing.cz\/index.php?rest_route=\/wp\/v2\/users\/2"}],"replies":[{"embeddable":true,"href":"https:\/\/www.tugtowing.cz\/index.php?rest_route=%2Fwp%2Fv2%2Fcomments&post=140"}],"version-history":[{"count":0,"href":"https:\/\/www.tugtowing.cz\/index.php?rest_route=\/wp\/v2\/pages\/140\/revisions"}],"up":[{"embeddable":true,"href":"https:\/\/www.tugtowing.cz\/index.php?rest_route=\/wp\/v2\/pages\/132"}],"wp:attachment":[{"href":"https:\/\/www.tugtowing.cz\/index.php?rest_route=%2Fwp%2Fv2%2Fmedia&parent=140"}],"curies":[{"name":"wp","href":"https:\/\/api.w.org\/{rel}","templated":true}]}}