{"id":143,"date":"2010-10-24T16:14:45","date_gmt":"2010-10-24T14:14:45","guid":{"rendered":"http:\/\/www.tugtowing.cz\/?page_id=143"},"modified":"2013-10-10T10:12:20","modified_gmt":"2013-10-10T09:12:20","slug":"zajimave-clanky","status":"publish","type":"page","link":"https:\/\/www.tugtowing.cz\/?page_id=143","title":{"rendered":"Zaj\u00edmav\u00e9 \u010dl\u00e1nky"},"content":{"rendered":"<p><a class=\"shutterset_\" title=\"Lodn\u00ed \u0161roub v d\u00fdze.\" href=\"https:\/\/www.tugtowing.cz\/wp-content\/uploads\/default\/if013.jpg\"><img loading=\"lazy\" decoding=\"async\" class=\"ngg-singlepic ngg-left alignleft\" alt=\"lodni sroub\" src=\"https:\/\/www.tugtowing.cz\/wp-content\/uploads\/default\/thumbs\/thumbs_if013.jpg\" width=\"100\" height=\"75\" \/><\/a>Na str\u00e1nk\u00e1ch <a href=\"http:\/\/www.mo-na-ko.net\" target=\"_blank\">MoNaKo<\/a> nebo <a href=\"http:\/\/www.mo-na-ko.net\/index_old.htm\" target=\"_blank\">MoNaKo-old<\/a> najdete spoustu \u010dl\u00e1nk\u016f ze kter\u00fdch lze \u010derpat rady a n\u00e1m\u011bty pro stavbu vlastn\u00edho remork\u00e9ru pro tug towing. Sta\u010d\u00ed jen chvilku hledat. Zde uveden\u00fd v\u00fdb\u011br zahrnuje sadu z\u00e1kladn\u00edch \u010dl\u00e1nk\u016f, kter\u00e9 by pro V\u00e1s mohly b\u00fdt zaj\u00edmav\u00e9 a inspiruj\u00edc\u00ed.<\/p>\n<p><strong>Stavba modelu remork\u00e9ru nebo vleku<\/strong><\/p>\n<p>Jak jsme u\u0159\u00edzli kus Velk\u00fdho Ka\u010dera <a href=\"http:\/\/www.mo-na-ko.net\/php\/portal\/view.php?cisloclanku=2010100003\" target=\"_blank\">\u010dl\u00e1nek<\/a><strong><br \/>\n<\/strong><\/p>\n<p>Sofia Maersk &#8211; zrod vleku pro tug towing <a href=\"http:\/\/www.mo-na-ko.net\/php\/portal\/view.php?cisloclanku=2010090010\" target=\"_blank\">\u010dl\u00e1nek<\/a><strong><br \/>\n<\/strong><\/p>\n<p>Springer &#8222;Prvn\u00ed&#8220; <a href=\"http:\/\/www.mo-na-ko.net\/php\/portal\/view.php?cisloclanku=2007070004\" target=\"_blank\">\u010dl\u00e1nek<\/a><\/p>\n<p>Springe\u0159\u00ed evoluce, aneb zrodil se Bivoj <a href=\"http:\/\/www.mo-na-ko.net\/php\/portal\/view.php?cisloclanku=2009100013\" target=\"_blank\">\u010dl\u00e1nek<\/a><\/p>\n<p>Stavba &#8222;fo\u0161ny&#8220; pro TT, aneb P\u0159e\u0159\u00edz II. <a href=\"http:\/\/www.mo-na-ko.net\/php\/portal\/view.php?cisloclanku=2009040011\" target=\"_blank\">\u010dl\u00e1nek<\/a><\/p>\n<p>Stavba remork\u00e9ru Paolo &#8211; M <a href=\"http:\/\/www.mo-na-ko.net\/php\/portal\/view.php?cisloclanku=2009030007\" target=\"_blank\">\u010dl\u00e1nek<\/a><\/p>\n<p>Pawl\u00edna &#8211; remork\u00e9r ur\u010den\u00fd pro t\u011b\u017ek\u00fd TT <a href=\"http:\/\/www.mo-na-ko.net\/php\/portal\/view.php?cisloclanku=2009020005\" target=\"_blank\">\u010dl\u00e1nek<\/a><\/p>\n<p>Springer &#8222;C&#8220; a springer &#8222;V&#8220; <a href=\"http:\/\/www.mo-na-ko.net\/php\/portal\/view.php?cisloclanku=2008030021\" target=\"_blank\">\u010dl\u00e1nek<\/a><\/p>\n<p>Mal\u00fd velk\u00fd sil\u00e1k Gogor <a href=\"http:\/\/www.mo-na-ko.net\/php\/portal\/view.php?cisloclanku=2007040006\" target=\"_blank\">\u010dl\u00e1nek<\/a><\/p>\n<p>Stavba remork\u00e9ru pro TT <a href=\"http:\/\/www.mo-na-ko.net\/clanky4\/153_RemProTT\/clanek.htm\" target=\"_blank\">\u010dl\u00e1nek<\/a><\/p>\n<p>Stavba remork\u00e9ru Monako II. <a href=\"http:\/\/www.mo-na-ko.net\/php\/portal\/view.php?cisloclanku=2007010004\" target=\"_blank\">\u010dl\u00e1nek<\/a><\/p>\n<p>Artur dva v jednom <a href=\"http:\/\/www.mo-na-ko.net\/clanky4\/151_Artur2v1\/clanek.htm\" target=\"_blank\">\u010dl\u00e1nek<\/a><\/p>\n<p>Artur dva v jednom podruh\u00e9 <a href=\"http:\/\/www.mo-na-ko.net\/clanky4\/158_Artur2v1\/clanek.htm\" target=\"_blank\">\u010dl\u00e1nek<\/a><\/p>\n<p><strong>Rady, n\u00e1vody, tipy<\/strong><\/p>\n<p>Osv\u011btlen\u00ed modelu lodi <a href=\"http:\/\/www.mo-na-ko.net\/php\/portal\/view.php?cisloclanku=2008070032\" target=\"_blank\">\u010dl\u00e1nek<\/a><\/p>\n<p>P\u0159\u00edpravek na snadnout tvorbu op\u011br bort\u016f <a href=\"http:\/\/www.mo-na-ko.net\/php\/portal\/view.php?cisloclanku=2007080004\" target=\"_blank\">\u010dl\u00e1nek<\/a><\/p>\n<p>Prototyp navij\u00e1ku pro tug towing <a href=\"http:\/\/www.mo-na-ko.net\/clanky3\/119_Navijak\/clanek.htm\" target=\"_blank\">\u010dl\u00e1nek<\/a><\/p>\n<p>V\u00fdroba p\u0159\u00ed\u010dn\u00e9ho pohonu <a href=\"http:\/\/www.rcfogli.cz\/modules.php?name=News&amp;file=article&amp;sid=102\" target=\"_blank\">\u010dl\u00e1nek<\/a><\/p>\n<p>P\u0159\u00ed\u010dn\u00fd pohon na kolen\u011b <a href=\"http:\/\/www.mo-na-ko.net\/clanky4\/145_PricnyPohon\/clanek.htm\" target=\"_blank\">\u010dl\u00e1nek<\/a><\/p>\n<p>V\u00fdroba &#8222;Z&#8220; pohonu <a href=\"http:\/\/www.mo-na-ko.net\/php\/portal\/view.php?cisloclanku=2008080006\" target=\"_blank\">\u010dl\u00e1nek<\/a><\/p>\n<p>&#8222;Z&#8220; pohon pro RT Antonie <a href=\"http:\/\/www.rcfogli.cz\/modules.php?name=News&amp;file=article&amp;sid=114\" target=\"_blank\">\u010dl\u00e1nek<\/a><\/p>\n<p>Jednoduch\u00e1 pom\u016fcka na se\u0159\u00edzen\u00ed kormidel <a href=\"http:\/\/www.mo-na-ko.net\/php\/portal\/view.php?cisloclanku=2008020010\" target=\"_blank\">\u010dl\u00e1nek<\/a><\/p>\n<p>Vana pro Springera <a href=\"http:\/\/www.mo-na-ko.net\/php\/portal\/view.php?cisloclanku=2008040009\" target=\"_blank\">\u010dl\u00e1nek<\/a><\/p>\n<p>Jak zav\u011bsit pneumatiky na trup remork\u00e9ru <a href=\"http:\/\/www.mo-na-ko.net\/php\/portal\/view.php?cisloclanku=2008030023\" target=\"_blank\">\u010dl\u00e1nek<\/a><\/p>\n<p>V\u00fdroba lodn\u00edho \u0161roubu <a href=\"http:\/\/www.mo-na-ko.net\/php\/portal\/view.php?cisloclanku=2008010001\" target=\"_blank\">\u010dl\u00e1nek<\/a><\/p>\n<p>Kortyho d\u00fdza <a href=\"http:\/\/www.mo-na-ko.net\/php\/portal\/view.php?cisloclanku=2008020009\" target=\"_blank\">\u010dl\u00e1nek<\/a><\/p>\n<p>P\u0159epravn\u00ed bedna na modely lod\u00ed snadno a rychle <a href=\"http:\/\/www.mo-na-ko.net\/lode-bedna.htm\" target=\"_blank\">\u010dl\u00e1nek<\/a><\/p>\n<p>Rozkl\u00e1dac\u00ed bedna na model <a href=\"http:\/\/www.mo-na-ko.net\/php\/portal\/view.php?cisloclanku=2010110012\" target=\"_blank\">\u010dl\u00e1nek<\/a><\/p>\n<p>V\u00fdroba V-S pohonu pro model <a href=\"http:\/\/www.rcfogli.cz\/modules.php?name=News&amp;file=article&amp;sid=115\" target=\"_blank\">\u010dl\u00e1nek<\/a><\/p>\n","protected":false},"excerpt":{"rendered":"<p>Na str\u00e1nk\u00e1ch MoNaKo nebo MoNaKo-old najdete spoustu \u010dl\u00e1nk\u016f ze kter\u00fdch lze \u010derpat rady a n\u00e1m\u011bty pro stavbu vlastn\u00edho remork\u00e9ru pro tug towing. Sta\u010d\u00ed jen chvilku hledat. Zde uveden\u00fd v\u00fdb\u011br zahrnuje sadu z\u00e1kladn\u00edch \u010dl\u00e1nk\u016f, kter\u00e9 by pro V\u00e1s mohly b\u00fdt zaj\u00edmav\u00e9 a inspiruj\u00edc\u00ed. Stavba modelu remork\u00e9ru nebo vleku Jak jsme u\u0159\u00edzli kus Velk\u00fdho Ka\u010dera \u010dl\u00e1nek Sofia [&hellip;]<\/p>\n","protected":false},"author":2,"featured_media":0,"parent":132,"menu_order":3,"comment_status":"open","ping_status":"closed","template":"","meta":{"footnotes":""},"class_list":["post-143","page","type-page","status-publish","hentry"],"_links":{"self":[{"href":"https:\/\/www.tugtowing.cz\/index.php?rest_route=\/wp\/v2\/pages\/143","targetHints":{"allow":["GET"]}}],"collection":[{"href":"https:\/\/www.tugtowing.cz\/index.php?rest_route=\/wp\/v2\/pages"}],"about":[{"href":"https:\/\/www.tugtowing.cz\/index.php?rest_route=\/wp\/v2\/types\/page"}],"author":[{"embeddable":true,"href":"https:\/\/www.tugtowing.cz\/index.php?rest_route=\/wp\/v2\/users\/2"}],"replies":[{"embeddable":true,"href":"https:\/\/www.tugtowing.cz\/index.php?rest_route=%2Fwp%2Fv2%2Fcomments&post=143"}],"version-history":[{"count":0,"href":"https:\/\/www.tugtowing.cz\/index.php?rest_route=\/wp\/v2\/pages\/143\/revisions"}],"up":[{"embeddable":true,"href":"https:\/\/www.tugtowing.cz\/index.php?rest_route=\/wp\/v2\/pages\/132"}],"wp:attachment":[{"href":"https:\/\/www.tugtowing.cz\/index.php?rest_route=%2Fwp%2Fv2%2Fmedia&parent=143"}],"curies":[{"name":"wp","href":"https:\/\/api.w.org\/{rel}","templated":true}]}}