{"id":1457,"date":"2011-04-23T21:03:02","date_gmt":"2011-04-23T19:03:02","guid":{"rendered":"http:\/\/www.tugtowing.cz\/?page_id=1457"},"modified":"2011-07-20T10:55:30","modified_gmt":"2011-07-20T08:55:30","slug":"tug-towing-v-protivanove","status":"publish","type":"page","link":"https:\/\/www.tugtowing.cz\/?page_id=1457","title":{"rendered":"Tug Towing v Protivanov\u011b"},"content":{"rendered":"<p style=\"text-align: center;\"><img loading=\"lazy\" decoding=\"async\" class=\"ngg-singlepic ngg-none aligncenter\" title=\"Tug Towing v Protivanov\u011b 2011\" src=\"https:\/\/www.tugtowing.cz\/wp-content\/uploads\/bannery\/banprotivanov2011.gif\" alt=\"banprotivanov2011\" width=\"468\" height=\"60\" \/><\/p>\n<p style=\"text-align: center;\"><a title=\"Tug Towing v Protivanov\u011b 2011 \u2013 propozice\" href=\"?p=1462\">Propozice<\/a><\/p>\n<p style=\"text-align: center;\"><a title=\"TT v Protivanov\u011b \u2013 sout\u011b\u017en\u00ed trat\u011b\" href=\"https:\/\/www.tugtowing.cz\/?p=1489\">Pl\u00e1nky trat\u00ed<\/a><\/p>\n<p style=\"text-align: center;\"><a title=\"Report\u00e1\u017e\" href=\"https:\/\/www.tugtowing.cz\/?p=1573\">Report\u00e1\u017e<\/a><\/p>\n<p style=\"text-align: center;\"><a title=\"Foto\" href=\"https:\/\/www.tugtowing.cz\/?page_id=446#TT06\">Foto<\/a><\/p>\n<p style=\"text-align: center;\"><a title=\"Video\" href=\"https:\/\/www.tugtowing.cz\/?page_id=457#TTPROTI\">Video<\/a><\/p>\n<p style=\"text-align: center;\"><a title=\"V\u00fdsledky TTC 02\" href=\"https:\/\/www.tugtowing.cz\/doc\/Tabulky\/TTC02-2011.htm\" target=\"_blank\">V\u00fdsledky<\/a><\/p>\n<p style=\"text-align: center;\">Z\u00e1pisy j\u00edzd: <a href=\"https:\/\/www.tugtowing.cz\/doc\/TTC2011\/TTC02-LTT.rar\" target=\"_blank\">LTT<\/a>, <a href=\"https:\/\/www.tugtowing.cz\/doc\/TTC2011\/TTC02-TTT.rar\" target=\"_blank\">TTT<\/a>, <a href=\"https:\/\/www.tugtowing.cz\/doc\/TTC2011\/TTC02-TLR1.rar\" target=\"_blank\">TLR1<\/a>, <a href=\"https:\/\/www.tugtowing.cz\/doc\/TTC2011\/TTC02-TLR2.rar\" target=\"_blank\">TLR2<\/a><\/p>\n","protected":false},"excerpt":{"rendered":"<p>Propozice Pl\u00e1nky trat\u00ed Report\u00e1\u017e Foto Video V\u00fdsledky Z\u00e1pisy j\u00edzd: LTT, TTT, TLR1, TLR2<\/p>\n","protected":false},"author":2,"featured_media":0,"parent":5,"menu_order":2,"comment_status":"closed","ping_status":"closed","template":"","meta":{"footnotes":""},"class_list":["post-1457","page","type-page","status-publish","hentry"],"_links":{"self":[{"href":"https:\/\/www.tugtowing.cz\/index.php?rest_route=\/wp\/v2\/pages\/1457","targetHints":{"allow":["GET"]}}],"collection":[{"href":"https:\/\/www.tugtowing.cz\/index.php?rest_route=\/wp\/v2\/pages"}],"about":[{"href":"https:\/\/www.tugtowing.cz\/index.php?rest_route=\/wp\/v2\/types\/page"}],"author":[{"embeddable":true,"href":"https:\/\/www.tugtowing.cz\/index.php?rest_route=\/wp\/v2\/users\/2"}],"replies":[{"embeddable":true,"href":"https:\/\/www.tugtowing.cz\/index.php?rest_route=%2Fwp%2Fv2%2Fcomments&post=1457"}],"version-history":[{"count":0,"href":"https:\/\/www.tugtowing.cz\/index.php?rest_route=\/wp\/v2\/pages\/1457\/revisions"}],"up":[{"embeddable":true,"href":"https:\/\/www.tugtowing.cz\/index.php?rest_route=\/wp\/v2\/pages\/5"}],"wp:attachment":[{"href":"https:\/\/www.tugtowing.cz\/index.php?rest_route=%2Fwp%2Fv2%2Fmedia&parent=1457"}],"curies":[{"name":"wp","href":"https:\/\/api.w.org\/{rel}","templated":true}]}}