{"id":148,"date":"2010-10-24T16:24:55","date_gmt":"2010-10-24T14:24:55","guid":{"rendered":"http:\/\/www.tugtowing.cz\/?page_id=148"},"modified":"2010-11-03T14:29:11","modified_gmt":"2010-11-03T12:29:11","slug":"prvky-pro-stavbu-trate","status":"publish","type":"page","link":"https:\/\/www.tugtowing.cz\/?page_id=148","title":{"rendered":"Prvky pro stavbu trat\u011b"},"content":{"rendered":"<p><a class=\"shutterset_\" title=\"Tla\u010dn\u00fd remork\u00e9r na trati.\" href=\"https:\/\/www.tugtowing.cz\/wp-content\/uploads\/default\/if009.jpg\"><img decoding=\"async\" class=\"ngg-singlepic ngg-none\" src=\"https:\/\/www.tugtowing.cz\/wp-content\/uploads\/default\/thumbs\/thumbs_if009.jpg\" alt=\"Tlacny remorker na trati\" \/><\/a><\/p>\n<p><strong>B\u00f3jka<\/strong><\/p>\n<p>B\u00f3jka je z\u00e1kladn\u00ed stavebn\u00edm prvkem trat\u011b pro tug  towing. Jej\u00ed p\u016fdorys by m\u011bl b\u00fdt v\u017edy kruhov\u00fd. Nejvhodn\u011bj\u0161\u00ed je v\u00e1lcovit\u00fd  nebo kulovit\u00fd tvar. Minim\u00e1ln\u00ed pr\u016fm\u011br b\u00f3jky by m\u011bl b\u00fdt <strong>10cm<\/strong> a v\u00fd\u0161ka nad  hladinou <strong>20cm<\/strong>. Z\u00e1kladn\u00ed barvy b\u00f3jek jsou <strong>zelen\u00e1<\/strong>, <strong>\u010derven\u00e1<\/strong> a <strong>\u017elut\u00e1<\/strong>.  B\u00f3jka mus\u00ed b\u00fdt ukotvena tak, aby se snadno p\u0159i dotyku remork\u00e9ru nebo  vleku oto\u010dila a na hladin\u011b nele\u017eela. Je \u017e\u00e1douc\u00ed b\u00f3jku opat\u0159it  vertik\u00e1ln\u00edmi pruhy, kter\u00e9 usnad\u0148uj\u00ed rozpozn\u00e1n\u00ed oto\u010den\u00ed b\u00f3jky.<\/p>\n<p><strong>Skalisko<\/strong><\/p>\n<p>Skalisko nem\u00e1 pevn\u011b stanoven\u00fd tvar ani velikost.  Skalisko by m\u011blo b\u00fdt vytvo\u0159eno tak, aby se o n\u011bj nezachyt\u00e1vala vle\u010dn\u00e1  lana. Skalisko m\u016f\u017ee nahrazovat b\u00f3jku.<\/p>\n<p><strong>P\u0159ek\u00e1\u017eka<\/strong><\/p>\n<p>P\u0159ek\u00e1\u017eky se standardn\u011b stav\u00ed z plastov\u00fdch  vz\u00e1jemn\u011b spojovateln\u00fdch odpadn\u00edch trubek \u0161ed\u00e9 barvy. Je mo\u017en\u00e9 vyu\u017e\u00edt  ve\u0161ker\u00fd dostupn\u00fd sortiment. Plat\u00ed n\u00e1sleduj\u00edc\u00ed doporu\u010den\u00ed:<\/p>\n<ul>\n<li>pr\u016fm\u011br trubek pro sestaven\u00ed p\u0159ek\u00e1\u017eek <strong>40mm<\/strong><\/li>\n<li>v\u00fd\u0161ka vjezdov\u00fdch maj\u00e1k\u016f <strong>150mm<\/strong><\/li>\n<li>pr\u016fm\u011br n\u00e1stavce pro ozna\u010den\u00ed vjezdov\u00fdch maj\u00e1k\u016f <strong>50mm<\/strong><\/li>\n<li>d\u00e9lka n\u00e1stavce pro ozna\u010den\u00ed vjezdov\u00fdch maj\u00e1k\u016f <strong>100mm<\/strong><\/li>\n<li>minim\u00e1ln\u00ed v\u00fd\u0161ka hladiny nad spojovac\u00ed p\u0159\u00ed\u010dkou <strong>250mm<\/strong><\/li>\n<\/ul>\n<p><strong>Vjezdov\u00e9 maj\u00e1ky<\/strong> se ozna\u010duj\u00ed \u010derven\u00fdm nebo  zelen\u00fdm n\u00e1stavcem. <strong>Hrani\u010dn\u00ed maj\u00e1ky<\/strong> se ozna\u010duj\u00ed \u017elut\u00fdm n\u00e1stavcem.  <strong>N\u00e1stavce<\/strong> na maj\u00e1ky p\u0159ek\u00e1\u017eek jsou z \u0161ed\u00e9 plastov\u00e9 odpadn\u00ed trubky.  N\u00e1stavec je polepen zelenou, \u010dervenou nebo \u017elutou samolep\u00edc\u00ed p\u00e1skou.<\/p>\n","protected":false},"excerpt":{"rendered":"<p>B\u00f3jka B\u00f3jka je z\u00e1kladn\u00ed stavebn\u00edm prvkem trat\u011b pro tug towing. Jej\u00ed p\u016fdorys by m\u011bl b\u00fdt v\u017edy kruhov\u00fd. Nejvhodn\u011bj\u0161\u00ed je v\u00e1lcovit\u00fd nebo kulovit\u00fd tvar. Minim\u00e1ln\u00ed pr\u016fm\u011br b\u00f3jky by m\u011bl b\u00fdt 10cm a v\u00fd\u0161ka nad hladinou 20cm. Z\u00e1kladn\u00ed barvy b\u00f3jek jsou zelen\u00e1, \u010derven\u00e1 a \u017elut\u00e1. B\u00f3jka mus\u00ed b\u00fdt ukotvena tak, aby se snadno p\u0159i dotyku remork\u00e9ru nebo [&hellip;]<\/p>\n","protected":false},"author":2,"featured_media":0,"parent":22,"menu_order":2,"comment_status":"open","ping_status":"closed","template":"","meta":{"footnotes":""},"class_list":["post-148","page","type-page","status-publish","hentry"],"_links":{"self":[{"href":"https:\/\/www.tugtowing.cz\/index.php?rest_route=\/wp\/v2\/pages\/148","targetHints":{"allow":["GET"]}}],"collection":[{"href":"https:\/\/www.tugtowing.cz\/index.php?rest_route=\/wp\/v2\/pages"}],"about":[{"href":"https:\/\/www.tugtowing.cz\/index.php?rest_route=\/wp\/v2\/types\/page"}],"author":[{"embeddable":true,"href":"https:\/\/www.tugtowing.cz\/index.php?rest_route=\/wp\/v2\/users\/2"}],"replies":[{"embeddable":true,"href":"https:\/\/www.tugtowing.cz\/index.php?rest_route=%2Fwp%2Fv2%2Fcomments&post=148"}],"version-history":[{"count":0,"href":"https:\/\/www.tugtowing.cz\/index.php?rest_route=\/wp\/v2\/pages\/148\/revisions"}],"up":[{"embeddable":true,"href":"https:\/\/www.tugtowing.cz\/index.php?rest_route=\/wp\/v2\/pages\/22"}],"wp:attachment":[{"href":"https:\/\/www.tugtowing.cz\/index.php?rest_route=%2Fwp%2Fv2%2Fmedia&parent=148"}],"curies":[{"name":"wp","href":"https:\/\/api.w.org\/{rel}","templated":true}]}}