{"id":17,"date":"2010-10-18T14:35:49","date_gmt":"2010-10-18T13:35:49","guid":{"rendered":"http:\/\/www.tugtowing.cz\/?page_id=17"},"modified":"2021-01-14T19:25:45","modified_gmt":"2021-01-14T18:25:45","slug":"tug-towing","status":"publish","type":"page","link":"https:\/\/www.tugtowing.cz\/?page_id=17","title":{"rendered":"Z\u00e1pisy j\u00edz"},"content":{"rendered":"<p><a class=\"shutterset_\" title=\"Z\u00e1pis j\u00edzd.\" href=\"https:\/\/www.tugtowing.cz\/wp-content\/uploads\/default\/if003.jpg\"><img loading=\"lazy\" decoding=\"async\" class=\"ngg-singlepic ngg-left alignleft\" src=\"https:\/\/www.tugtowing.cz\/wp-content\/uploads\/default\/thumbs\/thumbs_if003.jpg\" alt=\"Zapis jizd\" width=\"100\" height=\"75\"><\/a>Z\u00e1pisy j\u00edzd jsou formul\u00e1\u0159em, do kter\u00e9ho rozhod\u010d\u00ed vede z\u00e1pis o pr\u016fb\u011bhu sout\u011b\u017en\u00ed plavby. Jak m\u00e1 b\u00fdt formul\u00e1\u0159 vypl\u0148ov\u00e1n ur\u010duj\u00ed platn\u00e1 pravidla pro tug towing.<\/p>\n<p><img decoding=\"async\" class=\"ngg-singlepic ngg-left\" src=\"https:\/\/www.tugtowing.cz\/wp-content\/uploads\/icons\/icopdf.gif\" alt=\"icoword\"> <a title=\"Z\u00e1pisy j\u00edzd\" href=\"https:\/\/tugtowing.cz\/doc\/Pravidla\/2021_ZapisJizdy_ver3-1.pdf\" target=\"_blank\" rel=\"noopener noreferrer\">St\u00e1hn\u011bte si dokument<\/a><\/p>\n","protected":false},"excerpt":{"rendered":"<p>Z\u00e1pisy j\u00edzd jsou formul\u00e1\u0159em, do kter\u00e9ho rozhod\u010d\u00ed vede z\u00e1pis o pr\u016fb\u011bhu sout\u011b\u017en\u00ed plavby. Jak m\u00e1 b\u00fdt formul\u00e1\u0159 vypl\u0148ov\u00e1n ur\u010duj\u00ed platn\u00e1 pravidla pro tug towing. St\u00e1hn\u011bte si dokument<\/p>\n","protected":false},"author":1,"featured_media":0,"parent":10,"menu_order":45,"comment_status":"open","ping_status":"closed","template":"","meta":{"footnotes":""},"class_list":["post-17","page","type-page","status-publish","hentry"],"_links":{"self":[{"href":"https:\/\/www.tugtowing.cz\/index.php?rest_route=\/wp\/v2\/pages\/17","targetHints":{"allow":["GET"]}}],"collection":[{"href":"https:\/\/www.tugtowing.cz\/index.php?rest_route=\/wp\/v2\/pages"}],"about":[{"href":"https:\/\/www.tugtowing.cz\/index.php?rest_route=\/wp\/v2\/types\/page"}],"author":[{"embeddable":true,"href":"https:\/\/www.tugtowing.cz\/index.php?rest_route=\/wp\/v2\/users\/1"}],"replies":[{"embeddable":true,"href":"https:\/\/www.tugtowing.cz\/index.php?rest_route=%2Fwp%2Fv2%2Fcomments&post=17"}],"version-history":[{"count":1,"href":"https:\/\/www.tugtowing.cz\/index.php?rest_route=\/wp\/v2\/pages\/17\/revisions"}],"predecessor-version":[{"id":10462,"href":"https:\/\/www.tugtowing.cz\/index.php?rest_route=\/wp\/v2\/pages\/17\/revisions\/10462"}],"up":[{"embeddable":true,"href":"https:\/\/www.tugtowing.cz\/index.php?rest_route=\/wp\/v2\/pages\/10"}],"wp:attachment":[{"href":"https:\/\/www.tugtowing.cz\/index.php?rest_route=%2Fwp%2Fv2%2Fmedia&parent=17"}],"curies":[{"name":"wp","href":"https:\/\/api.w.org\/{rel}","templated":true}]}}