{"id":19,"date":"2010-10-18T14:37:37","date_gmt":"2010-10-18T13:37:37","guid":{"rendered":"http:\/\/www.tugtowing.cz\/?page_id=19"},"modified":"2014-10-22T13:52:47","modified_gmt":"2014-10-22T12:52:47","slug":"mereni-tahu-remorkeru","status":"publish","type":"page","link":"https:\/\/www.tugtowing.cz\/?page_id=19","title":{"rendered":"M\u011b\u0159en\u00ed tahu remork\u00e9ru"},"content":{"rendered":"<p><a class=\"shutterset_\" title=\"Springer.\" href=\"https:\/\/www.tugtowing.cz\/wp-content\/uploads\/default\/if001.jpg\"><img loading=\"lazy\" decoding=\"async\" class=\"ngg-singlepic ngg-left alignleft\" alt=\"Springer\" src=\"https:\/\/www.tugtowing.cz\/wp-content\/uploads\/default\/thumbs\/thumbs_if001.jpg\" width=\"100\" height=\"75\" \/><\/a>Pro m\u011b\u0159en\u00ed tahu remork\u00e9ru se nejedn\u00e1 o klasick\u00e9 pravidlo, ale o doporu\u010den\u00ed, jak spr\u00e1vn\u011b m\u011b\u0159it tah remork\u00e9ru na \u00favazu. Materi\u00e1ly byly p\u0159evzaty od anglick\u00fdch model\u00e1\u0159\u016f.<\/p>\n<p><a title=\"M\u011b\u0159en\u00ed tahu remork\u00e9ru na \u00favazu\" href=\"http:\/\/doc\/Pravidla\/2009_Pravidla_MereniTahuNaUvazu_1.pdf\" target=\"_blank\"><img decoding=\"async\" class=\"ngg-singlepic ngg-left\" alt=\"icopdf\" src=\"https:\/\/www.tugtowing.cz\/wp-content\/uploads\/icons\/icopdf.gif\" \/><\/a><a href=\"doc\/Pravidla\/2009_Pravidla_MereniTahuNaUvazu_1.pdf\"> St\u00e1hn\u011bte si dokument<\/a><\/p>\n","protected":false},"excerpt":{"rendered":"<p>Pro m\u011b\u0159en\u00ed tahu remork\u00e9ru se nejedn\u00e1 o klasick\u00e9 pravidlo, ale o doporu\u010den\u00ed, jak spr\u00e1vn\u011b m\u011b\u0159it tah remork\u00e9ru na \u00favazu. Materi\u00e1ly byly p\u0159evzaty od anglick\u00fdch model\u00e1\u0159\u016f. St\u00e1hn\u011bte si dokument<\/p>\n","protected":false},"author":1,"featured_media":0,"parent":10,"menu_order":50,"comment_status":"open","ping_status":"closed","template":"","meta":{"footnotes":""},"class_list":["post-19","page","type-page","status-publish","hentry"],"_links":{"self":[{"href":"https:\/\/www.tugtowing.cz\/index.php?rest_route=\/wp\/v2\/pages\/19","targetHints":{"allow":["GET"]}}],"collection":[{"href":"https:\/\/www.tugtowing.cz\/index.php?rest_route=\/wp\/v2\/pages"}],"about":[{"href":"https:\/\/www.tugtowing.cz\/index.php?rest_route=\/wp\/v2\/types\/page"}],"author":[{"embeddable":true,"href":"https:\/\/www.tugtowing.cz\/index.php?rest_route=\/wp\/v2\/users\/1"}],"replies":[{"embeddable":true,"href":"https:\/\/www.tugtowing.cz\/index.php?rest_route=%2Fwp%2Fv2%2Fcomments&post=19"}],"version-history":[{"count":0,"href":"https:\/\/www.tugtowing.cz\/index.php?rest_route=\/wp\/v2\/pages\/19\/revisions"}],"up":[{"embeddable":true,"href":"https:\/\/www.tugtowing.cz\/index.php?rest_route=\/wp\/v2\/pages\/10"}],"wp:attachment":[{"href":"https:\/\/www.tugtowing.cz\/index.php?rest_route=%2Fwp%2Fv2%2Fmedia&parent=19"}],"curies":[{"name":"wp","href":"https:\/\/api.w.org\/{rel}","templated":true}]}}