{"id":194,"date":"2010-10-26T14:07:56","date_gmt":"2010-10-26T12:07:56","guid":{"rendered":"http:\/\/www.tugtowing.cz\/?page_id=194"},"modified":"2017-01-03T22:33:19","modified_gmt":"2017-01-03T21:33:19","slug":"prihlaska","status":"publish","type":"page","link":"https:\/\/www.tugtowing.cz\/?page_id=194","title":{"rendered":"P\u0159ihl\u00e1\u0161ka"},"content":{"rendered":"<p><strong>Jak se st\u00e1t \u010dlenem Spolku NAMOLO! ?<\/strong><\/p>\n<ul>\n<li>Vytiskn\u011bte si <a title=\"P\u0159ihl\u00e1\u0161ka\" href=\"\/pages\/SpolekNAMOLO-Prihlaska.htm\" target=\"_blank\">p\u0159ihl\u00e1\u0161ku<\/a>.<\/li>\n<li>P\u0159ihl\u00e1\u0161ku pe\u010dliv\u011b vypl\u0148te a vlastnoru\u010dn\u011b podepi\u0161te.<\/li>\n<li>Vypln\u011bnou p\u0159ihl\u00e1\u0161ku za\u0161lete klasickou po\u0161tou na kontaktn\u00ed adresu&nbsp; sdru\u017een\u00ed nebo ji naskenujte a za\u0161lete elektronickou po\u0161tou na adresu: <em>spoleknamolo&lt;zavin\u00e1\u010d&gt;gmail.com<\/em><\/li>\n<\/ul>\n<p>Dotazy t\u00fdkaj\u00edc\u00ed se p\u0159ihl\u00e1\u0161ek m\u016f\u017ee ps\u00e1t do koment\u00e1\u0159\u016f pod t\u00edmto textem.<\/p>\n","protected":false},"excerpt":{"rendered":"<p>Jak se st\u00e1t \u010dlenem Spolku NAMOLO! ? Vytiskn\u011bte si p\u0159ihl\u00e1\u0161ku. P\u0159ihl\u00e1\u0161ku pe\u010dliv\u011b vypl\u0148te a vlastnoru\u010dn\u011b podepi\u0161te. Vypln\u011bnou p\u0159ihl\u00e1\u0161ku za\u0161lete klasickou po\u0161tou na kontaktn\u00ed adresu&nbsp; sdru\u017een\u00ed nebo ji naskenujte a za\u0161lete elektronickou po\u0161tou na adresu: spoleknamolo&lt;zavin\u00e1\u010d&gt;gmail.com Dotazy t\u00fdkaj\u00edc\u00ed se p\u0159ihl\u00e1\u0161ek m\u016f\u017ee ps\u00e1t do koment\u00e1\u0159\u016f pod t\u00edmto textem.<\/p>\n","protected":false},"author":2,"featured_media":0,"parent":52,"menu_order":0,"comment_status":"open","ping_status":"closed","template":"","meta":{"footnotes":""},"class_list":["post-194","page","type-page","status-publish","hentry"],"_links":{"self":[{"href":"https:\/\/www.tugtowing.cz\/index.php?rest_route=\/wp\/v2\/pages\/194","targetHints":{"allow":["GET"]}}],"collection":[{"href":"https:\/\/www.tugtowing.cz\/index.php?rest_route=\/wp\/v2\/pages"}],"about":[{"href":"https:\/\/www.tugtowing.cz\/index.php?rest_route=\/wp\/v2\/types\/page"}],"author":[{"embeddable":true,"href":"https:\/\/www.tugtowing.cz\/index.php?rest_route=\/wp\/v2\/users\/2"}],"replies":[{"embeddable":true,"href":"https:\/\/www.tugtowing.cz\/index.php?rest_route=%2Fwp%2Fv2%2Fcomments&post=194"}],"version-history":[{"count":0,"href":"https:\/\/www.tugtowing.cz\/index.php?rest_route=\/wp\/v2\/pages\/194\/revisions"}],"up":[{"embeddable":true,"href":"https:\/\/www.tugtowing.cz\/index.php?rest_route=\/wp\/v2\/pages\/52"}],"wp:attachment":[{"href":"https:\/\/www.tugtowing.cz\/index.php?rest_route=%2Fwp%2Fv2%2Fmedia&parent=194"}],"curies":[{"name":"wp","href":"https:\/\/api.w.org\/{rel}","templated":true}]}}