{"id":2,"date":"2010-10-18T13:11:38","date_gmt":"2010-10-18T11:11:38","guid":{"rendered":"http:\/\/www.tugtowing.cz\/?page_id=2"},"modified":"2023-02-02T19:47:29","modified_gmt":"2023-02-02T18:47:29","slug":"neco-o-me","status":"publish","type":"page","link":"https:\/\/www.tugtowing.cz\/?page_id=2","title":{"rendered":"Akce"},"content":{"rendered":"<p><a class=\"shutterset_\" title=\"Spou\u0161t\u011bn\u00ed remork\u00e9ru na vodu.\" href=\"https:\/\/www.tugtowing.cz\/wp-content\/uploads\/default\/if008.jpg\"><img decoding=\"async\" class=\"ngg-singlepic ngg-left\" src=\"https:\/\/www.tugtowing.cz\/wp-content\/uploads\/default\/thumbs\/thumbs_if008.jpg\" alt=\"Spousteni remorkeru\"><\/a>V\u0161e o regat\u00e1ch i nesout\u011b\u017en\u00edch setk\u00e1n\u00edch v tug towingu. Jednotliv\u00e9 akce jsou rozd\u011bleny podle sez\u00f3n. Ka\u017ed\u00e1 sez\u00f3na je je\u0161t\u011b rozd\u011blena na akce, kter\u00e9 byly po\u0159\u00e1d\u00e1ny v r\u00e1mci Tug Towing Cup nebo jako samostatn\u00e1 akce.<\/p>\n<p>&nbsp;<\/p>\n<p><strong>Dal\u0161\u00ed rubriky:<\/strong><\/p>\n<ul>\n<li><a title=\"Sez\u00f3na 2006\" href=\"https:\/\/www.tugtowing.cz\/?page_id=509\">Sez\u00f3na 2006<\/a><\/li>\n<li><a title=\"sez\u00f3na 2007\" href=\"https:\/\/www.tugtowing.cz\/?page_id=506\">Sez\u00f3na 2007<\/a><\/li>\n<li><a title=\"TTC 2008\" href=\"https:\/\/www.tugtowing.cz\/?page_id=501\">Tug Towing Cup 2008<\/a><\/li>\n<li><a title=\"TTC 2009\" href=\"https:\/\/www.tugtowing.cz\/?page_id=494\">Tug Towing Cup 2009<\/a><\/li>\n<li><a title=\"TTC 2010\" href=\"https:\/\/www.tugtowing.cz\/?page_id=372\">Tug Towing Cup 2010<\/a><\/li>\n<li><a title=\"Sez\u00f3na 2010\" href=\"https:\/\/www.tugtowing.cz\/?page_id=522\">Sez\u00f3na 2010<\/a><\/li>\n<li><a title=\"TTC 2011\" href=\"https:\/\/www.tugtowing.cz\/?page_id=5\">Tug Towing Cup 2011<\/a><\/li>\n<li><a title=\"Sez\u00f3na 2011\" href=\"https:\/\/www.tugtowing.cz\/?page_id=1007\">Sez\u00f3na 2011<\/a><\/li>\n<li><a title=\"TTC 2012\" href=\"https:\/\/www.tugtowing.cz\/?page_id=2133\">Tug Towing Cup 2012<\/a><\/li>\n<li><a title=\"Sez\u00f3na 2012\" href=\"https:\/\/www.tugtowing.cz\/?page_id=2795\">Sez\u00f3na 2012<\/a><\/li>\n<li><a title=\"Tug Towing Cup 2013\" href=\"https:\/\/www.tugtowing.cz\/?page_id=3033\">Tug Towing Cup 2013<\/a><\/li>\n<li><a title=\"Sez\u00f3na 2014\" href=\"https:\/\/www.tugtowing.cz\/?page_id=4044\">Sez\u00f3na 2014<\/a><\/li>\n<li><a title=\"Tug Towing Cup 2014\" href=\"https:\/\/www.tugtowing.cz\/?page_id=4030\">Tug Towing Cup 2014<\/a><\/li>\n<li><a title=\"Sez\u00f3na 2015\" href=\"https:\/\/www.tugtowing.cz\/?page_id=5908\">Sez\u00f3na 2015<\/a><\/li>\n<li><a title=\"TTC 2015\" href=\"https:\/\/www.tugtowing.cz\/?page_id=5899\">Tug Towing Cup 2015<\/a><\/li>\n<li><a href=\"https:\/\/www.tugtowing.cz\/?page_id=7560\">Sez\u00f3na 2016<\/a><\/li>\n<li><a href=\"https:\/\/www.tugtowing.cz\/?page_id=7556\">Tug Towing Cup 2016<\/a><\/li>\n<li><a href=\"https:\/\/www.tugtowing.cz\/?page_id=8478\">Sez\u00f3na 2017<\/a><\/li>\n<li><a href=\"https:\/\/www.tugtowing.cz\/?page_id=8439\">Tug Towing Cup 2017<\/a><\/li>\n<li><a href=\"https:\/\/www.tugtowing.cz\/?page_id=9231\">Tug Towing Cup 2018<\/a><\/li>\n<li><a href=\"https:\/\/www.tugtowing.cz\/?page_id=9715\">Tug Towing Cup 2019<\/a><\/li>\n<li><a href=\"https:\/\/www.tugtowing.cz\/?page_id=10111\">TugTowing Cup 2020<\/a><\/li>\n<li><a href=\"https:\/\/www.tugtowing.cz\/?page_id=10396\">TugTowing Cup 2021<\/a><\/li>\n<li><a href=\"https:\/\/www.tugtowing.cz\/?page_id=10667\">TugTowing Cup 2022<\/a><\/li>\n<li><a href=\"https:\/\/www.tugtowing.cz\/?page_id=10804\">TugTowing Cup 2023<\/a><\/li>\n<\/ul>\n","protected":false},"excerpt":{"rendered":"<p>V\u0161e o regat\u00e1ch i nesout\u011b\u017en\u00edch setk\u00e1n\u00edch v tug towingu. Jednotliv\u00e9 akce jsou rozd\u011bleny podle sez\u00f3n. Ka\u017ed\u00e1 sez\u00f3na je je\u0161t\u011b rozd\u011blena na akce, kter\u00e9 byly po\u0159\u00e1d\u00e1ny v r\u00e1mci Tug Towing Cup nebo jako samostatn\u00e1 akce. &nbsp; Dal\u0161\u00ed rubriky: Sez\u00f3na 2006 Sez\u00f3na 2007 Tug Towing Cup 2008 Tug Towing Cup 2009 Tug Towing Cup 2010 Sez\u00f3na 2010 [&hellip;]<\/p>\n","protected":false},"author":1,"featured_media":0,"parent":0,"menu_order":3,"comment_status":"closed","ping_status":"closed","template":"","meta":{"footnotes":""},"class_list":["post-2","page","type-page","status-publish","hentry"],"_links":{"self":[{"href":"https:\/\/www.tugtowing.cz\/index.php?rest_route=\/wp\/v2\/pages\/2","targetHints":{"allow":["GET"]}}],"collection":[{"href":"https:\/\/www.tugtowing.cz\/index.php?rest_route=\/wp\/v2\/pages"}],"about":[{"href":"https:\/\/www.tugtowing.cz\/index.php?rest_route=\/wp\/v2\/types\/page"}],"author":[{"embeddable":true,"href":"https:\/\/www.tugtowing.cz\/index.php?rest_route=\/wp\/v2\/users\/1"}],"replies":[{"embeddable":true,"href":"https:\/\/www.tugtowing.cz\/index.php?rest_route=%2Fwp%2Fv2%2Fcomments&post=2"}],"version-history":[{"count":3,"href":"https:\/\/www.tugtowing.cz\/index.php?rest_route=\/wp\/v2\/pages\/2\/revisions"}],"predecessor-version":[{"id":10862,"href":"https:\/\/www.tugtowing.cz\/index.php?rest_route=\/wp\/v2\/pages\/2\/revisions\/10862"}],"wp:attachment":[{"href":"https:\/\/www.tugtowing.cz\/index.php?rest_route=%2Fwp%2Fv2%2Fmedia&parent=2"}],"curies":[{"name":"wp","href":"https:\/\/api.w.org\/{rel}","templated":true}]}}