{"id":2047,"date":"2011-10-25T20:58:11","date_gmt":"2011-10-25T18:58:11","guid":{"rendered":"http:\/\/www.tugtowing.cz\/?page_id=2047"},"modified":"2020-05-21T10:26:53","modified_gmt":"2020-05-21T09:26:53","slug":"inventarni-seznam-materialu-pro-stavbu-trate","status":"publish","type":"page","link":"https:\/\/www.tugtowing.cz\/?page_id=2047","title":{"rendered":"Invent\u00e1rn\u00ed seznam materi\u00e1lu pro stavbu trat\u011b"},"content":{"rendered":"<p>Ve\u0161ker\u00fd zde uveden\u00fd materi\u00e1l je ve spr\u00e1v\u011b a majetkem <a title=\"Klub NAMOLO! o.s.\" href=\"https:\/\/www.tugtowing.cz\/?page_id=52\">Spolku NAMOLO!<\/a><\/p>\n<p><em>stav materi\u00e1lu ke dni 1.6.2020<\/em><\/p>\n<p><strong>Z\u00e1va\u017e\u00ed<\/strong><\/p>\n<table>\n<tbody>\n<tr>\n<td>&#8211; typ kanystr (objem 2 a\u017e 5l betonu)<\/td>\n<td>16ks<\/td>\n<\/tr>\n<tr>\n<td>&#8211; typ mina (objem 2 a\u017e 5l betonu)<\/td>\n<td>9ks<\/td>\n<\/tr>\n<tr>\n<td>&#8211; typ betonov\u00e1 dla\u017eba 8cm<\/td>\n<td>36ks<\/td>\n<\/tr>\n<\/tbody>\n<\/table>\n<p><strong>B\u00f3je<\/strong><\/p>\n<table>\n<tbody>\n<tr>\n<td>&#8211; typ lahev 1l zelen\u00e1<\/td>\n<td>20ks<\/td>\n<\/tr>\n<tr>\n<td>&#8211; typ lahev 1l \u010derven\u00e1<\/td>\n<td>20ks<\/td>\n<\/tr>\n<tr>\n<td>&#8211; typ lahev 1l \u017elut\u00e1<\/td>\n<td>10ks<\/td>\n<\/tr>\n<tr>\n<td>&#8211; uz\u00e1v\u011bry na lahve 1l<\/td>\n<td>47ks<\/td>\n<\/tr>\n<tr>\n<td>&#8211; stabiliza\u010dn\u00ed z\u00e1va\u017e\u00ed<\/td>\n<td>0ks<\/td>\n<\/tr>\n<\/tbody>\n<\/table>\n<p><strong>Trubky plastov\u00e9 \u0161ed\u00e9 pr. 40mm (stav k 1.12.2019)<br \/>\n<\/strong><\/p>\n<table>\n<tbody>\n<tr>\n<td>&#8211; rovn\u00e1 100cm<\/td>\n<td>116ks<\/td>\n<\/tr>\n<tr>\n<td>&#8211; rovn\u00e1 50cm<\/td>\n<td>43ks<\/td>\n<\/tr>\n<tr>\n<td>&#8211; rovn\u00e1 25cm<\/td>\n<td>45ks<\/td>\n<\/tr>\n<tr>\n<td>&#8211; rovn\u00e1 15cm<\/td>\n<td>47ks<\/td>\n<\/tr>\n<tr>\n<td>&#8211; rovn\u00e1 10 a\u017e 25cm bez man\u017eety<\/td>\n<td>31ks<\/td>\n<\/tr>\n<tr>\n<td>&#8211; rovn\u00e1 10cm spojka s man\u017eetami<\/td>\n<td>7ks<\/td>\n<\/tr>\n<tr>\n<td>&#8211; ohyb 90\u00b0<\/td>\n<td>83ks<\/td>\n<\/tr>\n<tr>\n<td>&#8211; ohyb 90\u00b0 oblouk<\/td>\n<td>4ks<\/td>\n<\/tr>\n<tr>\n<td>&#8211; ohyb 15\u00b0<\/td>\n<td>3ks<\/td>\n<\/tr>\n<tr>\n<td>&#8211; ohyb 30\u00b0<\/td>\n<td>8ks<\/td>\n<\/tr>\n<tr>\n<td>&#8211; ohyb 45\u00b0<\/td>\n<td>21ks<\/td>\n<\/tr>\n<tr>\n<td>&#8211; ohyb 67\u00b0<\/td>\n<td>12ks<\/td>\n<\/tr>\n<tr>\n<td>&#8211; spojka<em> &#8222;T&#8220;<\/em><\/td>\n<td>56ks<\/td>\n<\/tr>\n<tr>\n<td>&#8211; spojka <em>&#8222;Y&#8220;<\/em><\/td>\n<td>5ks<\/td>\n<\/tr>\n<tr>\n<td>&#8211; z\u00e1slepky<\/td>\n<td>32ks<\/td>\n<\/tr>\n<tr>\n<td>&#8211; ochrana na trubky Miralon 20cm<\/td>\n<td>7ks<\/td>\n<\/tr>\n<tr>\n<td>&#8211; ochrana na trubky Miralon 60cm<\/td>\n<td>2ks<\/td>\n<\/tr>\n<tr>\n<td>&#8211; ohyb 90\u00b0 oblouk<\/td>\n<td>4 ks<\/td>\n<\/tr>\n<\/tbody>\n<\/table>\n<p><strong>Barevn\u00e9 zna\u010d\u00edc\u00ed v\u00e1le\u010dky pr. 50mm d\u00e9lka 10cm (vjezdov\u00e9 maj\u00e1ky) (stav k 1.12.2019)<br \/>\n<\/strong><\/p>\n<table>\n<tbody>\n<tr>\n<td>&#8211; zelen\u00fd 10cm<\/td>\n<td>19ks<\/td>\n<\/tr>\n<tr>\n<td>&#8211; \u010derven\u00fd 10cm<\/td>\n<td>19ks<\/td>\n<\/tr>\n<tr>\n<td>&#8211; \u017elut\u00fd 10cm<\/td>\n<td>23ks<\/td>\n<\/tr>\n<\/tbody>\n<\/table>\n<p><strong>Skaliska (stav k 1.12.2019)<br \/>\n<\/strong><\/p>\n<table>\n<tbody>\n<tr>\n<td>&#8211; skalisko s maj\u00e1kem Namolo<\/td>\n<td>1ks<\/td>\n<\/tr>\n<tr>\n<td>&#8211; skalisko s maj\u00e1kem Namolo 2<\/td>\n<td>1ks<\/td>\n<\/tr>\n<tr>\n<td>&#8211; skalisto se zelenou b\u00f3j\u00ed<\/td>\n<td>1ks<\/td>\n<\/tr>\n<tr>\n<td>&#8211; skalisko s \u010dervenou b\u00f3j\u00ed<\/td>\n<td>1ks<\/td>\n<\/tr>\n<tr>\n<td>&#8211; skalisko<\/td>\n<td>3ks<\/td>\n<\/tr>\n<\/tbody>\n<\/table>\n","protected":false},"excerpt":{"rendered":"<p>Ve\u0161ker\u00fd zde uveden\u00fd materi\u00e1l je ve spr\u00e1v\u011b a majetkem Spolku NAMOLO! stav materi\u00e1lu ke dni 1.6.2020 Z\u00e1va\u017e\u00ed &#8211; typ kanystr (objem 2 a\u017e 5l betonu) 16ks &#8211; typ mina (objem 2 a\u017e 5l betonu) 9ks &#8211; typ betonov\u00e1 dla\u017eba 8cm 36ks B\u00f3je &#8211; typ lahev 1l zelen\u00e1 20ks &#8211; typ lahev 1l \u010derven\u00e1 20ks &#8211; [&hellip;]<\/p>\n","protected":false},"author":2,"featured_media":0,"parent":22,"menu_order":4,"comment_status":"closed","ping_status":"closed","template":"","meta":{"footnotes":""},"class_list":["post-2047","page","type-page","status-publish","hentry"],"_links":{"self":[{"href":"https:\/\/www.tugtowing.cz\/index.php?rest_route=\/wp\/v2\/pages\/2047","targetHints":{"allow":["GET"]}}],"collection":[{"href":"https:\/\/www.tugtowing.cz\/index.php?rest_route=\/wp\/v2\/pages"}],"about":[{"href":"https:\/\/www.tugtowing.cz\/index.php?rest_route=\/wp\/v2\/types\/page"}],"author":[{"embeddable":true,"href":"https:\/\/www.tugtowing.cz\/index.php?rest_route=\/wp\/v2\/users\/2"}],"replies":[{"embeddable":true,"href":"https:\/\/www.tugtowing.cz\/index.php?rest_route=%2Fwp%2Fv2%2Fcomments&post=2047"}],"version-history":[{"count":10,"href":"https:\/\/www.tugtowing.cz\/index.php?rest_route=\/wp\/v2\/pages\/2047\/revisions"}],"predecessor-version":[{"id":10237,"href":"https:\/\/www.tugtowing.cz\/index.php?rest_route=\/wp\/v2\/pages\/2047\/revisions\/10237"}],"up":[{"embeddable":true,"href":"https:\/\/www.tugtowing.cz\/index.php?rest_route=\/wp\/v2\/pages\/22"}],"wp:attachment":[{"href":"https:\/\/www.tugtowing.cz\/index.php?rest_route=%2Fwp%2Fv2%2Fmedia&parent=2047"}],"curies":[{"name":"wp","href":"https:\/\/api.w.org\/{rel}","templated":true}]}}