{"id":2054,"date":"2011-10-25T21:28:44","date_gmt":"2011-10-25T19:28:44","guid":{"rendered":"http:\/\/www.tugtowing.cz\/?page_id=2054"},"modified":"2019-12-21T21:09:37","modified_gmt":"2019-12-21T20:09:37","slug":"inventarni-seznam-majetku-klubu-namolo-o-s","status":"publish","type":"page","link":"https:\/\/www.tugtowing.cz\/?page_id=2054","title":{"rendered":"Invent\u00e1rn\u00ed seznam majetku Spolku NAMOLO!"},"content":{"rendered":"<p>Inventura majetku Spolku NAMOLO! byla provedena 1.12.2019<\/p>\n<p><a title=\"Materi\u00e1l pro stavbu trat\u00ed\" href=\"https:\/\/www.tugtowing.cz\/?page_id=2047\">Materi\u00e1l pro stavbu sout\u011b\u017en\u00edch trat\u00ed<\/a><\/p>\n<p><strong>Vleky<\/strong><br \/>\n&#8211; <a title=\"Vleky\" href=\"https:\/\/www.tugtowing.cz\/?page_id=37\">Velk\u00fd Ka\u010der<\/a><br \/>\n&#8211; <a title=\"Vleky\" href=\"https:\/\/www.tugtowing.cz\/?page_id=37\">Mal\u00fd Ka\u010der (vy\u0159azen)<\/a><br \/>\n&#8211; <a title=\"Vleky\" href=\"https:\/\/www.tugtowing.cz\/?page_id=37\">tla\u010dn\u00e1 vana Namolo (vy\u0159azena)<\/a><br \/>\n&#8211; <a title=\"Vleky\" href=\"https:\/\/www.tugtowing.cz\/?page_id=37\">vrtn\u00e1 plo\u0161ina Namolo<\/a><br \/>\n&#8211; <a title=\"Vleky\" href=\"https:\/\/www.tugtowing.cz\/?page_id=37\">je\u0159\u00e1b Namolo (vy\u0159azen)<\/a><br \/>\n<a href=\"https:\/\/www.tugtowing.cz\/?page_id=37\">&#8211; vlek Morpheus<\/a><\/p>\n<p><strong>Ostatn\u00ed vybaven\u00ed<\/strong><br \/>\n&#8211; stojan <em>&#8222;A&#8220;<\/em> na dokumenty 1ks<br \/>\n&#8211; stojan ty\u010dov\u00fd, vysouvac\u00ed 1ks<br \/>\n&#8211; ru\u010dn\u00ed digit\u00e1ln\u00ed stopky 6ks<br \/>\n&#8211; scanner p\u00e1sma 40MHz 1ks<br \/>\n&#8211; dokladovka se zipem 7ks<br \/>\n&#8211; digit\u00e1ln\u00ed stoln\u00ed hodiny 1ks<br \/>\n&#8211; podlo\u017eky na psan\u00ed s klipsou 4ks<br \/>\n&#8211; megafon 1ks<br \/>\n&#8211; plastov\u00e9 p\u0159epravky pro uskladn\u011bn\u00ed z\u00e1va\u017e\u00ed 9ks<br \/>\n&#8211; rozkl\u00e1dac\u00ed p\u00e1rty stan 3x3m s bo\u010dnicemi 1ks<br \/>\n&#8211; kalhoty\/bro\u010f\u00e1ky 1ks<\/p>\n","protected":false},"excerpt":{"rendered":"<p>Inventura majetku Spolku NAMOLO! byla provedena 1.12.2019 Materi\u00e1l pro stavbu sout\u011b\u017en\u00edch trat\u00ed Vleky &#8211; Velk\u00fd Ka\u010der &#8211; Mal\u00fd Ka\u010der (vy\u0159azen) &#8211; tla\u010dn\u00e1 vana Namolo (vy\u0159azena) &#8211; vrtn\u00e1 plo\u0161ina Namolo &#8211; je\u0159\u00e1b Namolo (vy\u0159azen) &#8211; vlek Morpheus Ostatn\u00ed vybaven\u00ed &#8211; stojan &#8222;A&#8220; na dokumenty 1ks &#8211; stojan ty\u010dov\u00fd, vysouvac\u00ed 1ks &#8211; ru\u010dn\u00ed digit\u00e1ln\u00ed stopky 6ks &#8211; [&hellip;]<\/p>\n","protected":false},"author":2,"featured_media":0,"parent":52,"menu_order":5,"comment_status":"closed","ping_status":"closed","template":"","meta":{"footnotes":""},"class_list":["post-2054","page","type-page","status-publish","hentry"],"_links":{"self":[{"href":"https:\/\/www.tugtowing.cz\/index.php?rest_route=\/wp\/v2\/pages\/2054","targetHints":{"allow":["GET"]}}],"collection":[{"href":"https:\/\/www.tugtowing.cz\/index.php?rest_route=\/wp\/v2\/pages"}],"about":[{"href":"https:\/\/www.tugtowing.cz\/index.php?rest_route=\/wp\/v2\/types\/page"}],"author":[{"embeddable":true,"href":"https:\/\/www.tugtowing.cz\/index.php?rest_route=\/wp\/v2\/users\/2"}],"replies":[{"embeddable":true,"href":"https:\/\/www.tugtowing.cz\/index.php?rest_route=%2Fwp%2Fv2%2Fcomments&post=2054"}],"version-history":[{"count":3,"href":"https:\/\/www.tugtowing.cz\/index.php?rest_route=\/wp\/v2\/pages\/2054\/revisions"}],"predecessor-version":[{"id":10103,"href":"https:\/\/www.tugtowing.cz\/index.php?rest_route=\/wp\/v2\/pages\/2054\/revisions\/10103"}],"up":[{"embeddable":true,"href":"https:\/\/www.tugtowing.cz\/index.php?rest_route=\/wp\/v2\/pages\/52"}],"wp:attachment":[{"href":"https:\/\/www.tugtowing.cz\/index.php?rest_route=%2Fwp%2Fv2%2Fmedia&parent=2054"}],"curies":[{"name":"wp","href":"https:\/\/api.w.org\/{rel}","templated":true}]}}