{"id":2078,"date":"2011-10-28T20:41:02","date_gmt":"2011-10-28T18:41:02","guid":{"rendered":"http:\/\/www.tugtowing.cz\/?page_id=2078"},"modified":"2023-01-29T16:53:23","modified_gmt":"2023-01-29T15:53:23","slug":"zapis-z-clenske-schuze-ze-dne-10-9-2011","status":"publish","type":"page","link":"https:\/\/www.tugtowing.cz\/?page_id=2078","title":{"rendered":"Z\u00e1pis z \u010dlensk\u00e9 sch\u016fze 2011"},"content":{"rendered":"<p>Z\u00e1pis z&nbsp;\u010dlensk\u00e9 sch\u016fze Klubu NAMOLO! o.s.<\/p>\n<p>Na z\u00e1klad\u011b schv\u00e1len\u00fdch stanov ob\u010dansk\u00e9ho sdru\u017een\u00ed Klub NAMOLO! byla na 10.09.2011 svol\u00e1na prvn\u00ed, \u010dlensk\u00e1 sch\u016fze, kter\u00e1 se konala od 19.00 v&nbsp;ATC Panist\u00e1vka &#8211; \u017dirovnice.<!--more--><\/p>\n<p>Prvn\u00edm bodem jedn\u00e1n\u00ed byla zpr\u00e1va o \u010dinnosti a ekonomick\u00e9 situaci Klubu NAMOLO! o.s. Klub NAMOLO! o.s. disponuje \u010d\u00e1stkou 19.000K\u010d.<\/p>\n<p><em>(p\u0159ednesla p\u0159edsedkyn\u011b sdru\u017een\u00ed Monika Va\u0161kebov\u00e1)<\/em><\/p>\n<p>P\u0159\u00edtomn\u00ed \u010dlenov\u00e9 byli informov\u00e1ni o v\u00fdsledku \u017e\u00e1dosti o p\u0159\u00edsp\u011bvek na \u010dinnost od M\u00da Praha 4 formou grantu. \u017d\u00e1dost byla po form\u00e1ln\u00ed str\u00e1nce spr\u00e1vn\u00e1 a bez v\u00fdhrad, ale M\u00da Praha 4 v&nbsp;rozhodovac\u00edm \u0159\u00edzen\u00ed \u017e\u00e1dn\u00fd grant Klubu NAMOLO! o.s. nep\u0159id\u011blil.<\/p>\n<p><em>(p\u0159ednesla p\u0159edsedkyn\u011b sdru\u017een\u00ed Monika Va\u0161kebov\u00e1)<\/em><\/p>\n<p>P\u0159\u00edtomn\u00ed \u010dlenov\u00e9 odhlasovali v\u00fd\u0161i \u010dlensk\u00fdch p\u0159\u00edsp\u011bvk\u016f na rok 2012 ve stejn\u00e9 v\u00fd\u0161i jako v&nbsp;roce 2011, tj. 1200K\u010d za kalend\u00e1\u0159n\u00ed rok.<\/p>\n<p><em>Milan Sedl\u00e1\u010dek<\/em> \u2013 \u010dlen sdru\u017een\u00ed \u2013 p\u0159\u00edtomn\u00fdm ozn\u00e1mil, \u017ee na jeden rok pozastavuje svoji sout\u011b\u017en\u00ed \u010dinnost a \u010dlenstv\u00ed o ob\u010dansk\u00e9m sdru\u017een\u00ed.<\/p>\n<p>Byla diskutov\u00e1na mo\u017enost vyu\u017eit\u00ed finan\u010dn\u00edch prost\u0159edk\u016f pro dal\u0161\u00ed \u010dinnost Klubu NAMOLO! o.s. P\u0159\u00edtomn\u00ed \u010dlenov\u00e9 se usnesli, \u017ee finan\u010dn\u00ed prost\u0159edky budou vyu\u017eity n\u00e1sledovn\u011b:<\/p>\n<p>&#8211;&nbsp;&nbsp;&nbsp;&nbsp;&nbsp;&nbsp;&nbsp;&nbsp; n\u00e1kup materi\u00e1lu pro lep\u0161\u00ed vybaven\u00ed prost\u0159edky, kter\u00e9 slou\u017e\u00ed pro stavbu sout\u011b\u017en\u00edch trat\u00ed<br \/>\n&#8211;&nbsp;&nbsp;&nbsp;&nbsp;&nbsp;&nbsp;&nbsp;&nbsp; n\u00e1kup materi\u00e1lu pro vybaven\u00ed rozhod\u010d\u00edch<br \/>\n&#8211;&nbsp;&nbsp;&nbsp;&nbsp;&nbsp;&nbsp;&nbsp;&nbsp; n\u00e1kup drobn\u00fdch cen pro sout\u011b\u017e\u00edc\u00ed<\/p>\n<p>Dal\u0161\u00edm bodem jedn\u00e1n\u00ed byl v\u00fdb\u011br m\u00edst, kde se uskute\u010dn\u00ed jednotliv\u00e1 sout\u011b\u017en\u00ed setk\u00e1n\u00ed v&nbsp;roce 2012. Hlavn\u011b hled\u00e1me nov\u00e9 m\u00edsto za Prahu \u2013 Bran\u00edk, kde byl Klubu NAMOLO! o.s. ukon\u010den pron\u00e1jem prostor od sdru\u017een\u00ed Argo. P\u0159\u00edtomn\u00ed \u010dlenov\u00e9 byli vyzv\u00e1ni, aby svoje n\u00e1vrhy zaslali na adresu: tugtowing@seznam.cz<\/p>\n<p>Prob\u011bhla obecn\u00e1 diskuse zam\u011b\u0159en\u00e1 na organizaci a po\u0159\u00e1d\u00e1n\u00ed sout\u011b\u017en\u00edch setk\u00e1n\u00ed a dal\u0161\u00ed \u010dinnost ob\u010dansk\u00e9ho sdru\u017een\u00ed, kter\u00e9 se \u00fa\u010dastnili v\u0161ichni p\u0159\u00edtomn\u00ed.<\/p>\n<p>\u010clensk\u00e1 sch\u016fze byla ukon\u010dena ve 21:30 hodin.<\/p>\n<p>P\u0159\u00edtomn\u00ed \u010dlenov\u00e9:<\/p>\n<p>Ji\u0159\u00ed Loren\u010d\u00edk<br \/>\nAlexander Pompo\u0161<br \/>\nIng. Robert Jurka<br \/>\nJaroslav Jungman<br \/>\nJaroslav Va\u0161keba<br \/>\nJi\u0159\u00ed Loren\u010d\u00edk<br \/>\nMarek Sobaniec<br \/>\nMarek Sobaniec ml.<br \/>\nMarek Tyll<br \/>\nRoman Tyll<br \/>\nMilan Sedl\u00e1\u010dek<br \/>\nMichal Hermann<br \/>\nMichal Votava<br \/>\nMichal Neubauer<br \/>\nPetr Luke\u0161<br \/>\nMartin \u0158eh\u016f\u0159ek<\/p>\n<p>Z\u00e1pis provedl<br \/>\nJaroslav Va\u0161keba<\/p>\n<p>V&nbsp;\u017dirovnici dne 10.9.2011<\/p>\n","protected":false},"excerpt":{"rendered":"<p>Z\u00e1pis z&nbsp;\u010dlensk\u00e9 sch\u016fze Klubu NAMOLO! o.s. Na z\u00e1klad\u011b schv\u00e1len\u00fdch stanov ob\u010dansk\u00e9ho sdru\u017een\u00ed Klub NAMOLO! byla na 10.09.2011 svol\u00e1na prvn\u00ed, \u010dlensk\u00e1 sch\u016fze, kter\u00e1 se konala od 19.00 v&nbsp;ATC Panist\u00e1vka &#8211; \u017dirovnice.<\/p>\n","protected":false},"author":2,"featured_media":0,"parent":52,"menu_order":6,"comment_status":"closed","ping_status":"closed","template":"","meta":{"footnotes":""},"class_list":["post-2078","page","type-page","status-publish","hentry"],"_links":{"self":[{"href":"https:\/\/www.tugtowing.cz\/index.php?rest_route=\/wp\/v2\/pages\/2078","targetHints":{"allow":["GET"]}}],"collection":[{"href":"https:\/\/www.tugtowing.cz\/index.php?rest_route=\/wp\/v2\/pages"}],"about":[{"href":"https:\/\/www.tugtowing.cz\/index.php?rest_route=\/wp\/v2\/types\/page"}],"author":[{"embeddable":true,"href":"https:\/\/www.tugtowing.cz\/index.php?rest_route=\/wp\/v2\/users\/2"}],"replies":[{"embeddable":true,"href":"https:\/\/www.tugtowing.cz\/index.php?rest_route=%2Fwp%2Fv2%2Fcomments&post=2078"}],"version-history":[{"count":1,"href":"https:\/\/www.tugtowing.cz\/index.php?rest_route=\/wp\/v2\/pages\/2078\/revisions"}],"predecessor-version":[{"id":10821,"href":"https:\/\/www.tugtowing.cz\/index.php?rest_route=\/wp\/v2\/pages\/2078\/revisions\/10821"}],"up":[{"embeddable":true,"href":"https:\/\/www.tugtowing.cz\/index.php?rest_route=\/wp\/v2\/pages\/52"}],"wp:attachment":[{"href":"https:\/\/www.tugtowing.cz\/index.php?rest_route=%2Fwp%2Fv2%2Fmedia&parent=2078"}],"curies":[{"name":"wp","href":"https:\/\/api.w.org\/{rel}","templated":true}]}}