{"id":2180,"date":"2011-12-29T13:31:56","date_gmt":"2011-12-29T12:31:56","guid":{"rendered":"http:\/\/www.tugtowing.cz\/?page_id=2180"},"modified":"2012-03-06T18:12:43","modified_gmt":"2012-03-06T17:12:43","slug":"zimni-tug-towing-v-moste","status":"publish","type":"page","link":"https:\/\/www.tugtowing.cz\/?page_id=2180","title":{"rendered":"Zimn\u00ed Tug Towing v Most\u011b"},"content":{"rendered":"<p style=\"text-align: center;\"><img decoding=\"async\" class=\"ngg-singlepic ngg-center\" src=\"https:\/\/www.tugtowing.cz\/wp-content\/uploads\/bannery\/bannmost2012.png\" alt=\"bannmost2012\" \/><\/p>\n<p style=\"text-align: center;\"><a title=\"Propozice\" href=\"?p=2177\">Propozice<\/a><\/p>\n<p style=\"text-align: center;\"><a title=\"Pl\u00e1nky trat\u00ed\" href=\"https:\/\/www.tugtowing.cz\/?p=2247\">Pl\u00e1nky trat\u00ed<\/a><\/p>\n<p style=\"text-align: center;\"><a title=\"Anketa\" href=\"https:\/\/www.tugtowing.cz\/?p=2283\">Anketa<\/a><\/p>\n<p style=\"text-align: center;\"><a title=\"Report\u00e1\u017e\" href=\"https:\/\/www.tugtowing.cz\/?p=2297\">Report\u00e1\u017e<\/a><\/p>\n<p style=\"text-align: center;\"><a title=\"Foto\" href=\"https:\/\/www.tugtowing.cz\/?page_id=446#TTC012012\">Foto<\/a><\/p>\n<p style=\"text-align: center;\"><a title=\"Videokan\u00e1l na YouTube\" href=\"http:\/\/www.youtube.com\/user\/TugTowingCZ\/videos\" target=\"_blank\">Video<\/a><\/p>\n<p style=\"text-align: center;\"><a title=\"V\u00fdsledky\" href=\"https:\/\/www.tugtowing.cz\/doc\/Tabulky\/TTC01-2012.htm\" target=\"_blank\">V\u00fdsledky<\/a><\/p>\n<p style=\"text-align: center;\">Z\u00e1pisy j\u00edzd <a title=\"Z\u00e1pisy j\u00edzd LTT\" href=\"https:\/\/www.tugtowing.cz\/doc\/TTC2012\/TTC01-LTT.rar\">LTT<\/a>, <a title=\"Z\u00e1pisy j\u00edzd TTT\" href=\"https:\/\/www.tugtowing.cz\/doc\/TTC2012\/TTC01-TTT.rar\">TTT<\/a>,<a title=\"Z\u00e1pisy j\u00edzd TLR1\" href=\"https:\/\/www.tugtowing.cz\/doc\/TTC2012\/TTC01-TLR1.rar\"> TLR1<\/a>, <a title=\"Z\u00e1pisy j\u00edzd TLR2\" href=\"https:\/\/www.tugtowing.cz\/doc\/TTC2012\/TTC01-TLR2.rar\">TLR2<\/a>,<a title=\"Startovn\u00ed a v\u00fdsledkov\u00e1 listina\" href=\"https:\/\/www.tugtowing.cz\/doc\/TTC2012\/TTC01.rar\">TTC01<\/a><\/p>\n","protected":false},"excerpt":{"rendered":"<p>Propozice Pl\u00e1nky trat\u00ed Anketa Report\u00e1\u017e Foto Video V\u00fdsledky Z\u00e1pisy j\u00edzd LTT, TTT, TLR1, TLR2,TTC01<\/p>\n","protected":false},"author":2,"featured_media":0,"parent":2133,"menu_order":2,"comment_status":"closed","ping_status":"closed","template":"","meta":{"footnotes":""},"class_list":["post-2180","page","type-page","status-publish","hentry"],"_links":{"self":[{"href":"https:\/\/www.tugtowing.cz\/index.php?rest_route=\/wp\/v2\/pages\/2180","targetHints":{"allow":["GET"]}}],"collection":[{"href":"https:\/\/www.tugtowing.cz\/index.php?rest_route=\/wp\/v2\/pages"}],"about":[{"href":"https:\/\/www.tugtowing.cz\/index.php?rest_route=\/wp\/v2\/types\/page"}],"author":[{"embeddable":true,"href":"https:\/\/www.tugtowing.cz\/index.php?rest_route=\/wp\/v2\/users\/2"}],"replies":[{"embeddable":true,"href":"https:\/\/www.tugtowing.cz\/index.php?rest_route=%2Fwp%2Fv2%2Fcomments&post=2180"}],"version-history":[{"count":0,"href":"https:\/\/www.tugtowing.cz\/index.php?rest_route=\/wp\/v2\/pages\/2180\/revisions"}],"up":[{"embeddable":true,"href":"https:\/\/www.tugtowing.cz\/index.php?rest_route=\/wp\/v2\/pages\/2133"}],"wp:attachment":[{"href":"https:\/\/www.tugtowing.cz\/index.php?rest_route=%2Fwp%2Fv2%2Fmedia&parent=2180"}],"curies":[{"name":"wp","href":"https:\/\/api.w.org\/{rel}","templated":true}]}}