{"id":22,"date":"2010-10-18T14:39:30","date_gmt":"2010-10-18T12:39:30","guid":{"rendered":"http:\/\/www.tugtowing.cz\/?page_id=22"},"modified":"2013-10-10T08:37:24","modified_gmt":"2013-10-10T07:37:24","slug":"stavba-trati","status":"publish","type":"page","link":"https:\/\/www.tugtowing.cz\/?page_id=22","title":{"rendered":"Stavba trat\u00ed"},"content":{"rendered":"<p><img loading=\"lazy\" decoding=\"async\" class=\"ngg-singlepic ngg-left alignleft\" alt=\"stavba\" src=\"https:\/\/www.tugtowing.cz\/wp-content\/uploads\/default\/thumbs\/thumbs_stavba.jpg\" width=\"100\" height=\"75\" \/>Stavba trat\u00ed je v podstat\u011b samostatnou discipl\u00ednou tug towingu. Pro spr\u00e1vn\u00fd n\u00e1vrh trat\u011b je pot\u0159eba zn\u00e1t prost\u0159ed\u00ed, kde m\u00e1 b\u00fdt tra\u0165 postavena, tak i parametry <a href=\"?page_id=37\" target=\"_self\">vlek\u016f<\/a>, kter\u00e9 budou pou\u017eity.<\/p>\n<p>Stejn\u011b d\u016fle\u017eit\u00e1 je dobr\u00e1 znalost platn\u00fdch <a href=\"?page_id=10\" target=\"_self\">pravidel<\/a> pro tug towing. Tra\u0165 sv\u00fdmi parametry nesm\u00ed vytv\u00e1\u0159et sporn\u00e9 nebo obt\u00ed\u017en\u011b posouditeln\u00e9 situace.<\/p>\n<p><strong>Dal\u0161\u00ed rubriky:<\/strong><\/p>\n<ul>\n<li><a title=\"Doporu\u010den\u00ed\" href=\"https:\/\/www.tugtowing.cz\/?page_id=24\">Doporu\u010den\u00ed pro n\u00e1vrh a stavbu trat\u011b<\/a><\/li>\n<li><a title=\"Prvky pro stavbu trat\u011b\" href=\"https:\/\/www.tugtowing.cz\/?page_id=148\">Prvky pro stavbu trat\u011b<\/a><\/li>\n<li><a title=\"Katalog\" href=\"https:\/\/www.tugtowing.cz\/?page_id=26\">Katalog p\u0159ek\u00e1\u017eek a man\u00e9vr\u016f<\/a><\/li>\n<li><a title=\"Invent\u00e1rn\u00ed seznam materi\u00e1lu\" href=\"https:\/\/www.tugtowing.cz\/?p=2617\">Invent\u00e1rn\u00ed seznam materi\u00e1lu pro stavbu trat\u011b<\/a><\/li>\n<li><a title=\"Pl\u00e1nky trat\u00ed\" href=\"https:\/\/www.tugtowing.cz\/?page_id=425\">Pl\u00e1nky trat\u00ed<\/a><\/li>\n<\/ul>\n<p>&nbsp;<\/p>\n","protected":false},"excerpt":{"rendered":"<p>Stavba trat\u00ed je v podstat\u011b samostatnou discipl\u00ednou tug towingu. Pro spr\u00e1vn\u00fd n\u00e1vrh trat\u011b je pot\u0159eba zn\u00e1t prost\u0159ed\u00ed, kde m\u00e1 b\u00fdt tra\u0165 postavena, tak i parametry vlek\u016f, kter\u00e9 budou pou\u017eity. Stejn\u011b d\u016fle\u017eit\u00e1 je dobr\u00e1 znalost platn\u00fdch pravidel pro tug towing. Tra\u0165 sv\u00fdmi parametry nesm\u00ed vytv\u00e1\u0159et sporn\u00e9 nebo obt\u00ed\u017en\u011b posouditeln\u00e9 situace. Dal\u0161\u00ed rubriky: Doporu\u010den\u00ed pro n\u00e1vrh a [&hellip;]<\/p>\n","protected":false},"author":1,"featured_media":0,"parent":0,"menu_order":6,"comment_status":"closed","ping_status":"closed","template":"","meta":{"footnotes":""},"class_list":["post-22","page","type-page","status-publish","hentry"],"_links":{"self":[{"href":"https:\/\/www.tugtowing.cz\/index.php?rest_route=\/wp\/v2\/pages\/22","targetHints":{"allow":["GET"]}}],"collection":[{"href":"https:\/\/www.tugtowing.cz\/index.php?rest_route=\/wp\/v2\/pages"}],"about":[{"href":"https:\/\/www.tugtowing.cz\/index.php?rest_route=\/wp\/v2\/types\/page"}],"author":[{"embeddable":true,"href":"https:\/\/www.tugtowing.cz\/index.php?rest_route=\/wp\/v2\/users\/1"}],"replies":[{"embeddable":true,"href":"https:\/\/www.tugtowing.cz\/index.php?rest_route=%2Fwp%2Fv2%2Fcomments&post=22"}],"version-history":[{"count":0,"href":"https:\/\/www.tugtowing.cz\/index.php?rest_route=\/wp\/v2\/pages\/22\/revisions"}],"wp:attachment":[{"href":"https:\/\/www.tugtowing.cz\/index.php?rest_route=%2Fwp%2Fv2%2Fmedia&parent=22"}],"curies":[{"name":"wp","href":"https:\/\/api.w.org\/{rel}","templated":true}]}}