{"id":2240,"date":"2012-02-07T22:21:22","date_gmt":"2012-02-07T21:21:22","guid":{"rendered":"http:\/\/www.tugtowing.cz\/?page_id=2240"},"modified":"2023-01-29T17:15:54","modified_gmt":"2023-01-29T16:15:54","slug":"vyuctovani-roku-2011","status":"publish","type":"page","link":"https:\/\/www.tugtowing.cz\/?page_id=2240","title":{"rendered":"Vy\u00fa\u010dtov\u00e1n\u00ed roku 2011"},"content":{"rendered":"<div>Klub NAMOLO o.s. kon\u010d\u00ed rok <strong>2011<\/strong> ze ziskem <strong><span style=\"color: #008000;\">6 215,-<\/span> K\u010d<\/strong>.<\/div>\n<div><\/div>\n<div>P\u0159\u00edjmy byly<span style=\"color: #008000;\"> 31 304,-<\/span> K\u010d.<\/div>\n<div>V\u00fddaje (\u00fa\u010dtovan\u00e9) <span style=\"color: #ff0000;\">25 081,-<\/span> K\u010d.<\/div>\n<div><\/div>\n<div>Pokladna m\u00e1 kone\u010dn\u00fd z\u016fstatek: <span style=\"color: #008000;\">1 596,-<\/span> K\u010d.<\/div>\n<div><\/div>\n<div>Bankovn\u00ed \u00fa\u010det m\u00e1 kone\u010dn\u00fd z\u016fstatek:<span style=\"color: #008000;\"> 19 028,-<\/span> K\u010d<\/div>\n<div><\/div>\n<div>V roce 2011 byly \u00fa\u010detn\u011b tyto akce.<\/div>\n<div><\/div>\n<div><strong>Most:<\/strong><\/div>\n<div>n\u00e1klady: 7 600,-<\/div>\n<div>vybr\u00e1no: 4 100,- + 4 350,- ( startovn\u00e9 + rozpo\u010d\u00edtan\u00e9 p\u0159\u00edsp\u011bvky)<\/div>\n<div>zisk: 850,-<\/div>\n<div><\/div>\n<div><strong>Protivanov:<\/strong><\/div>\n<div>n\u00e1klady: 4 843,-<\/div>\n<div>vybr\u00e1no: 3 850,- + 4 350,-<\/div>\n<div>zisk : 3 357,-<\/div>\n<div><\/div>\n<div><strong>Jinolice:<\/strong><\/div>\n<div>n\u00e1klady: 3 286,-<\/div>\n<div>vybr\u00e1no: 3 200,- + 4 350,-<\/div>\n<div>zisk : 4 264,-<\/div>\n<div><\/div>\n<div><strong>Panist\u00e1vka<\/strong><\/div>\n<div>n\u00e1klady: 4 057,-<\/div>\n<div>vybr\u00e1no: 3 650,- +4 350,-<\/div>\n<div>zisk: 3 943,-<\/div>\n<div><\/div>\n<div>V roce 2012 o\u010dek\u00e1v\u00e1me po zaplacen\u00ed \u010dlensk\u00fdch p\u0159\u00edsp\u011bvk\u016f 14 550,-K\u010d n\u00e1r\u016fst na bankovn\u00ed \u00fa\u010det &#8211; 1200,-K\u010d (bankovn\u00ed poplatky).<\/div>\n<div><\/div>\n<div><strong>Nejbli\u017e\u0161\u00ed p\u0159edpokl\u00e1dan\u00e9 n\u00e1klady:<\/strong><\/div>\n<ul>\n<li>V \u00fanoru budeme platit baz\u00e9n v Most\u011b, v lo\u0148sk\u00e9m roce to bylo 7 000,- K\u010d. O\u010dek\u00e1v\u00e1me v\u00fdb\u011br na startovn\u00e9m 3000,- K\u010d (pron\u00e1jem baz\u00e9nu budeme dopl\u00e1cet z klubov\u00fdch zdroj\u016f).<\/li>\n<li>N\u00e1kup plastov\u00fdch trubek na stavbu p\u0159ek\u00e1\u017eek cca 3 000,- K\u010d.<\/li>\n<li>N\u00e1kup cen pro v\u00edt\u011bze v jednotliv\u00fdch kategori\u00edch cca 3 000,- K\u010d.<\/li>\n<\/ul>\n<div><\/div>\n<div>Zpr\u00e1vu dne 5.2.2012 sestavila Monika Va\u0161kebov\u00e1<\/div>\n","protected":false},"excerpt":{"rendered":"<p>Klub NAMOLO o.s. kon\u010d\u00ed rok 2011 ze ziskem 6 215,- K\u010d. P\u0159\u00edjmy byly 31 304,- K\u010d. V\u00fddaje (\u00fa\u010dtovan\u00e9) 25 081,- K\u010d. Pokladna m\u00e1 kone\u010dn\u00fd z\u016fstatek: 1 596,- K\u010d. Bankovn\u00ed \u00fa\u010det m\u00e1 kone\u010dn\u00fd z\u016fstatek: 19 028,- K\u010d V roce 2011 byly \u00fa\u010detn\u011b tyto akce. Most: n\u00e1klady: 7 600,- vybr\u00e1no: 4 100,- + 4 350,- ( startovn\u00e9 [&hellip;]<\/p>\n","protected":false},"author":2,"featured_media":0,"parent":52,"menu_order":50,"comment_status":"closed","ping_status":"closed","template":"","meta":{"footnotes":""},"class_list":["post-2240","page","type-page","status-publish","hentry"],"_links":{"self":[{"href":"https:\/\/www.tugtowing.cz\/index.php?rest_route=\/wp\/v2\/pages\/2240","targetHints":{"allow":["GET"]}}],"collection":[{"href":"https:\/\/www.tugtowing.cz\/index.php?rest_route=\/wp\/v2\/pages"}],"about":[{"href":"https:\/\/www.tugtowing.cz\/index.php?rest_route=\/wp\/v2\/types\/page"}],"author":[{"embeddable":true,"href":"https:\/\/www.tugtowing.cz\/index.php?rest_route=\/wp\/v2\/users\/2"}],"replies":[{"embeddable":true,"href":"https:\/\/www.tugtowing.cz\/index.php?rest_route=%2Fwp%2Fv2%2Fcomments&post=2240"}],"version-history":[{"count":1,"href":"https:\/\/www.tugtowing.cz\/index.php?rest_route=\/wp\/v2\/pages\/2240\/revisions"}],"predecessor-version":[{"id":10841,"href":"https:\/\/www.tugtowing.cz\/index.php?rest_route=\/wp\/v2\/pages\/2240\/revisions\/10841"}],"up":[{"embeddable":true,"href":"https:\/\/www.tugtowing.cz\/index.php?rest_route=\/wp\/v2\/pages\/52"}],"wp:attachment":[{"href":"https:\/\/www.tugtowing.cz\/index.php?rest_route=%2Fwp%2Fv2%2Fmedia&parent=2240"}],"curies":[{"name":"wp","href":"https:\/\/api.w.org\/{rel}","templated":true}]}}