{"id":2276,"date":"2012-02-23T14:39:41","date_gmt":"2012-02-23T13:39:41","guid":{"rendered":"http:\/\/www.tugtowing.cz\/?page_id=2276"},"modified":"2013-02-09T20:36:48","modified_gmt":"2013-02-09T19:36:48","slug":"tug-towing-ver-1-9","status":"publish","type":"page","link":"https:\/\/www.tugtowing.cz\/?page_id=2276","title":{"rendered":"Tug Towing ver. 1.9 (2012)"},"content":{"rendered":"<p>Pravidla ve <strong>verzi 1.9<\/strong> jsou platn\u00e1 od <strong>21.1.2012<\/strong> do <strong>31.12.2013<\/strong><br \/>\nTato pravidla pro tug towing jsou neofici\u00e1ln\u00ed. Vyd\u00e1v\u00e1 a spravuje je <a title=\"Klub NAMOLO! o.s.\" href=\"https:\/\/www.tugtowing.cz\/?page_id=3022\">Klub NAMOLO!<\/a>, konkr\u00e9tn\u011b rozhod\u010d\u00ed, kte\u0159\u00ed jsou uvedeni v <a title=\"Seznam rozhod\u010d\u00edch pro tug towing\" href=\"?page_id=35\" target=\"_self\">seznamu rozhod\u010d\u00edch<\/a>.<\/p>\n<p><img decoding=\"async\" alt=\"icopdf\" src=\"https:\/\/www.tugtowing.cz\/wp-content\/uploads\/icons\/icopdf.gif\" \/><a title=\"Pravidla tug towingu ver. 1.9 (2012)\" href=\"doc\/Pravidla\/2012_Pravidla_TT_ver1-9.pdf\" target=\"_blank\">St\u00e1hn\u011bte si dokument<\/a><\/p>\n<p><span class=\"smarterwiki-popup-bubble smarterwiki-popup-bubble-active smarterwiki-popup-bubble-flipped\" style=\"top: 63px; left: 516px; margin-left: -54px; opacity: 0.25;\"><span class=\"smarterwiki-popup-bubble-body\"><span class=\"smarterwiki-popup-bubble-links-container\"><span class=\"smarterwiki-popup-bubble-links\"><span class=\"smarterwiki-popup-bubble-links-row\"><a class=\"smarterwiki-popup-bubble-link\" title=\"Search DuckDuckGo\" href=\"http:\/\/duckduckgo.com\/?q=Klub%20NAMOLO!\" target=\"_blank\"><img decoding=\"async\" class=\"smarterwiki-popup-bubble-link-favicon\" alt=\"\" src=\"https:\/\/ff.duckduckgo.com\/favicon.ico\" \/><\/a><a class=\"smarterwiki-popup-bubble-link\" title=\"Search Wikipedia\" href=\"http:\/\/www.google.com\/search?hl=com&amp;btnI=I'm+Feeling+Lucky&amp;q=Klub%20NAMOLO!+wikipedia\" target=\"_blank\"><img decoding=\"async\" class=\"smarterwiki-popup-bubble-link-favicon\" alt=\"\" src=\"data:image\/png;base64,iVBORw0KGgoAAAANSUhEUgAAABQAAAATCAYAAACQjC21AAAAAXNSR0IArs4c6QAAAAZiS0dEAP8A\/wD\/oL2nkwAAAAlwSFlzAAAIpwAACKcBMsYCAwAAAAd0SU1FB9kFEwgQLXKnj9oAAAPsSURBVDiNdVRZSGRXEH1Joz8icSIMJsEQEvKvov4ICoOYIAp+KKISkLiAgij5UGOMjgoug6CiKC64i\/sSpVHcl7jv7W6722pcWmyNoqBW6hRpyYSZC8W7975bdU+dOrcUIlL+axYWFq+SkpLybWxsYo17VlZWX\/H6DebOzs4\/ent7\/+Lu7v7z\/31h7y8U5fvV1VWNra3tIObGvZqamtaHh4fHxMTExb29vcejoyMKCwt7jIqKWuD\/bz4Y0MXF5e319bU2JyfngA99x\/YJ22empqZuERERKwcHB9Td3U37+\/u0srJCc3NzNDIyQk1NTVcqleonPvv6JSCPL87OznQ8p+TkZC2vv2GzcnNz+83a2joqLy9vCQFnZ2dpfX2dlpaWqLe3lzo7O+WStLS0ORMTE7+XgCkpKTX07\/Dz86PIyEhDVlaWISMjgxISEmRfp9PRzs4O7e7uEtMi6EZHRyVweHg4gp6bm5tbKK958PlbODES+ZmZmQmkxjsE2d3dHWm1WsrOzqa6ujoaGhqigYEBGh4epvT0dCovLyd7e3sfhR3fGR0vLy9fULa0tMj8\/PycNBoNcVGIi0NxcXHU09NDY2Nj1N\/fL2mXlZXJJV5eXkXK9va2DojggIDPz8\/iuLGxQcvLy8IXEN7c3JBer5f14uKiIOzr66P29naqqqqiiooK8vf3n1aYbP3ExIQcZkkIKgcHBwJ\/BoNB1ltbW8IbF466urrk3OTkpFhDQ4MEZA7Jx8fnSGEJ6I2pHh4eyvf2ViglVBbBwBMQb25u0sLCgnAXExMjVLS1tVFJSYmkHRoa+pfCmydwPjk5EYf7+3txwBoVRTFmZmZetFdcXEyBgYGUm5srVa6traWioiIqKCig4ODgVYVJnUE6LGpBhLQQDMjAHeaQzPT0tASG7iorK0U2kAwC4hIE9PT0HFZYvB7j4+NPQHlxcSGFOD4+Fvnw8xKOUGnwxAWkqakpqSz7CJ\/V1dXEmiV+\/+To6Pi7CJvFq356ehIHaA2ogPjq6krSRlVbW1ulqoODgyIbyMfX15dKS0spNjYWAf+2tLT8UgLyJAIPHinPz89LFcEXJIJUcdHa2ppIBAjVajWlpqYSNwcqLCwUdEFBQX9+ysP4llXcSf7gFO6A8PT0lJqbm4UXvB6kBc6QKgz\/sAfu8Ers7OzecYxv3+s2PD53dXX9FVUFCiCqr6+njo4OSRMBwSN3FylKfn4+MQgKCAhAC1N9rB+aODk5vWUU5+ARUoHu8CpQ0cbGRjFcxA3kkjtRAft8\/dEGazRuRabcZH8ICQkpjo6OVjNHmvj4+GXuiyMeHh453ATCzMzMXn3I9x8oCiuuorpqawAAAABJRU5ErkJggg==\" \/><\/a><\/span><span class=\"smarterwiki-popup-bubble-links-row\"><a class=\"smarterwiki-popup-bubble-link\" title=\"Search Google\" href=\"http:\/\/www.google.com\/search?q=Klub%20NAMOLO!\" target=\"_blank\"><img decoding=\"async\" class=\"smarterwiki-popup-bubble-link-favicon\" alt=\"\" src=\"https:\/\/www.google.com\/favicon.ico\" \/><\/a><a class=\"smarterwiki-popup-bubble-link\" title=\"Search Surf Canyon\" href=\"http:\/\/search.surfcanyon.com\/search?f=nrl1&amp;q=Klub%20NAMOLO!&amp;partner=fastestfox\" target=\"_blank\"><img decoding=\"async\" class=\"smarterwiki-popup-bubble-link-favicon\" alt=\"\" src=\"data:image\/x-icon;base64,AAABAAEAEBAAAAEAIABoBAAAFgAAACgAAAAQAAAAIAAAAAEAIAAAAAAAAAQAAAAAAAAAAAAAAAAAAAAAAAD\/\/\/8A\/\/\/\/AP\/\/\/wD\/\/\/8A\/\/\/\/AP\/\/\/wD\/\/\/8A\/\/\/\/AP\/\/\/wD\/\/\/8A\/\/\/\/AP\/\/\/wD\/\/\/8A\/\/\/\/AP\/\/\/wD\/\/\/8A\/\/\/\/AP\/\/\/wD\/\/\/8AycnKOmdmaastLTDuIB8j\/yAfI\/87Oz7eg4OFi+no6Rj\/\/\/8A\/\/\/\/AP\/\/\/wD\/\/\/8A\/\/\/\/AP\/\/\/wD6+voDfHx+kyAfI\/8gHyP\/LCsv+FJRVPhHRkr6IiEl\/SAfI\/8tLTDuuLe5T\/\/\/\/wD\/\/\/8A\/\/\/\/AP\/\/\/wD\/\/\/8AfHx+kyAfI\/8wLzP4qqqr+Pv7+\/\/\/\/\/\/\/\/\/\/\/\/+3t7f+Dg4X9IB8j\/yMiJvq\/vr9H\/\/\/\/AP\/\/\/wD\/\/\/8AyMfIPyIhJf8wLzP429vb+P\/\/\/\/\/\/\/\/\/\/\/\/\/\/\/\/\/\/\/\/\/\/\/\/\/\/\/\/\/\/\/66ur\/0gHyP\/ODc74\/\/\/\/wD\/\/\/8A\/\/\/\/AHRzda4wLjH\/rKyt+P\/\/\/\/\/8\/Pz\/h4eJ\/z8+Qv9GRUn\/rq6v\/\/\/\/\/\/\/\/\/\/\/\/iIiK\/6ijnP\/269Y\/\/\/\/\/AP\/\/\/wBQTlDzR0VI+vv7+\/\/\/\/\/\/\/oqGh\/zg2Of8hICT\/IB8j\/yAfI\/\/c3Nz\/7de7\/9alX\/\/GfhL\/48KOfv\/\/\/wD\/\/\/8AWFZX\/3Vzdfr\/\/\/\/\/\/\/\/\/\/4iGhv9SUFL\/MC8z\/2ZlaP+1jmz\/unMv\/7NjFf+zYxX\/s2MV\/9atin7WrYp+1q2KfmdlZf91c3T8\/\/\/\/\/\/\/\/\/\/+npaT\/bWtr\/0tJS\/81Mzf\/jIB5\/9Gidv+\/eDD\/v3gw\/8B6M\/\/NlWD\/x4pO\/8WFRvqLiIjXbmxs\/+rq6v\/\/\/\/\/\/6Ofn\/4yJiP9lY2T\/Q0JE\/0tKTf\/09PT\/9uvc\/+K5gP\/apFL\/9+zaP\/\/\/\/wD\/\/\/8AwcDAe357e\/+koqL9\/\/\/\/\/\/\/\/\/\/\/09PT\/zs3N\/8jHx\/\/5+fn\/\/\/\/\/\/+7u7\/9\/f4H\/4tfC\/\/rv2T\/\/\/\/8A\/\/\/\/APb29g+YlZXjhYKB\/7W0s\/\/9\/f3\/\/\/\/\/\/\/\/\/\/\/\/\/\/\/\/\/\/\/\/\/\/+vr6\/9paGn\/NTQ3\/319f6f\/\/\/8A\/\/\/\/AP\/\/\/wD\/\/\/8A6OjnMpmWle6MiYf\/lZOS\/8XEw\/\/b2tr\/0dHR\/6elpv9hYGH\/TkxO\/25sb8L09PQM\/\/\/\/AP\/\/\/wD\/\/\/8A\/\/\/\/AP\/\/\/wDv7+4jsa6tu5KPjf+Kh4b\/gX59\/3h2df9vbW3\/amho96alpof4+PgH\/\/\/\/AP\/\/\/wD\/\/\/8A\/\/\/\/AP\/\/\/wD\/\/\/8A\/\/\/\/AP\/\/\/wDs6+srz87Nb8XDw37Av75+zMvKXvLy8hT\/\/\/8A\/\/\/\/AP\/\/\/wD\/\/\/8A\/\/\/\/AP\/\/\/wD\/\/\/8A\/\/\/\/AP\/\/\/wD\/\/\/8A\/\/\/\/AP\/\/\/wD\/\/\/8A\/\/\/\/AP\/\/\/wD\/\/\/8A\/\/\/\/AP\/\/\/wD\/\/\/8A\/\/\/\/AP\/\/\/wD\/\/\/8A\/\/8AAPA\/AADAHwAAgA8AAIAHAAAABwAAAAcAAAAHAAAAAAAAAAcAAIAHAACABwAAwA8AAOAfAAD\/\/wAA\/\/8AAA%3D%3D\" \/><\/a><\/span><\/span><\/span><\/span><\/span><\/p>\n","protected":false},"excerpt":{"rendered":"<p>Pravidla ve verzi 1.9 jsou platn\u00e1 od 21.1.2012 do 31.12.2013 Tato pravidla pro tug towing jsou neofici\u00e1ln\u00ed. Vyd\u00e1v\u00e1 a spravuje je Klub NAMOLO!, konkr\u00e9tn\u011b rozhod\u010d\u00ed, kte\u0159\u00ed jsou uvedeni v seznamu rozhod\u010d\u00edch. St\u00e1hn\u011bte si dokument<\/p>\n","protected":false},"author":2,"featured_media":0,"parent":10,"menu_order":3,"comment_status":"open","ping_status":"closed","template":"","meta":{"footnotes":""},"class_list":["post-2276","page","type-page","status-publish","hentry"],"_links":{"self":[{"href":"https:\/\/www.tugtowing.cz\/index.php?rest_route=\/wp\/v2\/pages\/2276","targetHints":{"allow":["GET"]}}],"collection":[{"href":"https:\/\/www.tugtowing.cz\/index.php?rest_route=\/wp\/v2\/pages"}],"about":[{"href":"https:\/\/www.tugtowing.cz\/index.php?rest_route=\/wp\/v2\/types\/page"}],"author":[{"embeddable":true,"href":"https:\/\/www.tugtowing.cz\/index.php?rest_route=\/wp\/v2\/users\/2"}],"replies":[{"embeddable":true,"href":"https:\/\/www.tugtowing.cz\/index.php?rest_route=%2Fwp%2Fv2%2Fcomments&post=2276"}],"version-history":[{"count":0,"href":"https:\/\/www.tugtowing.cz\/index.php?rest_route=\/wp\/v2\/pages\/2276\/revisions"}],"up":[{"embeddable":true,"href":"https:\/\/www.tugtowing.cz\/index.php?rest_route=\/wp\/v2\/pages\/10"}],"wp:attachment":[{"href":"https:\/\/www.tugtowing.cz\/index.php?rest_route=%2Fwp%2Fv2%2Fmedia&parent=2276"}],"curies":[{"name":"wp","href":"https:\/\/api.w.org\/{rel}","templated":true}]}}