{"id":2289,"date":"2012-02-27T20:20:53","date_gmt":"2012-02-27T19:20:53","guid":{"rendered":"http:\/\/www.tugtowing.cz\/?page_id=2289"},"modified":"2012-06-05T13:10:43","modified_gmt":"2012-06-05T12:10:43","slug":"vikend-s-tug-towingem","status":"publish","type":"page","link":"https:\/\/www.tugtowing.cz\/?page_id=2289","title":{"rendered":"V\u00edkend s Tug Towingem &#8211; Buchlovice"},"content":{"rendered":"<div><center><img decoding=\"async\" class=\"ngg-singlepic ngg-none\" src=\"https:\/\/www.tugtowing.cz\/wp-content\/uploads\/bannery\/banvikendttbuch2012.gif\" alt=\"banvikendttbuch2012\" \/><\/center><\/p>\n<p style=\"text-align: center;\"><a title=\"Propozice\" href=\"https:\/\/www.tugtowing.cz\/?p=2384\">Propozice<\/a><\/p>\n<p style=\"text-align: center;\"><a title=\"Pl\u00e1nky trat\u00ed\" href=\"https:\/\/www.tugtowing.cz\/?p=2501\">Pl\u00e1nky trat\u00ed<\/a><\/p>\n<p style=\"text-align: center;\"><a title=\"Report\u00e1\u017e\" href=\"https:\/\/www.tugtowing.cz\/?p=2617\">Report\u00e1\u017e<\/a><\/p>\n<p style=\"text-align: center;\"><a title=\"Fotogalerie\" href=\"https:\/\/www.tugtowing.cz\/?p=2617\">Foto<\/a><\/p>\n<p style=\"text-align: center;\"><a title=\"Video\" href=\"http:\/\/www.youtube.com\/user\/TugTowingCZ\/videos\" target=\"_blank\">Video<\/a><\/p>\n<p style=\"text-align: center;\"><a title=\"V\u00fdsledky\" href=\"https:\/\/www.tugtowing.cz\/doc\/Tabulky\/TTC02-2012.htm\">V\u00fdsledky<\/a><\/p>\n<p style=\"text-align: center;\">Z\u00e1pisy j\u00edzd: <a title=\"Z\u00e1pisy j\u00edzd LTT\" href=\"https:\/\/www.tugtowing.cz\/doc\/TTC2012\/TTC02-LTT.zip\">LTT<\/a>, <a title=\"Z\u00e1pisy j\u00edzd TTT\" href=\"https:\/\/www.tugtowing.cz\/doc\/TTC2012\/TTC02-TTT.zip\">TTT<\/a>, <a title=\"Z\u00e1pisy j\u00edzd TLR1\" href=\"https:\/\/www.tugtowing.cz\/doc\/TTC2012\/TTC02-TLR1.zip\">TLR1<\/a>, <a title=\"Z\u00e1pisy j\u00edzd TLR2\" href=\"https:\/\/www.tugtowing.cz\/doc\/TTC2012\/TTC02-TLR2.zip\">TLR2<\/a>, <a title=\"V\u00fdsledkov\u00e1 listina\" href=\"https:\/\/www.tugtowing.cz\/doc\/TTC2012\/TTC02.zip\">TTC02<\/a><\/p>\n<\/div>\n","protected":false},"excerpt":{"rendered":"<p>Propozice Pl\u00e1nky trat\u00ed Report\u00e1\u017e Foto Video V\u00fdsledky Z\u00e1pisy j\u00edzd: LTT, TTT, TLR1, TLR2, TTC02<\/p>\n","protected":false},"author":2,"featured_media":0,"parent":2133,"menu_order":3,"comment_status":"closed","ping_status":"closed","template":"","meta":{"footnotes":""},"class_list":["post-2289","page","type-page","status-publish","hentry"],"_links":{"self":[{"href":"https:\/\/www.tugtowing.cz\/index.php?rest_route=\/wp\/v2\/pages\/2289","targetHints":{"allow":["GET"]}}],"collection":[{"href":"https:\/\/www.tugtowing.cz\/index.php?rest_route=\/wp\/v2\/pages"}],"about":[{"href":"https:\/\/www.tugtowing.cz\/index.php?rest_route=\/wp\/v2\/types\/page"}],"author":[{"embeddable":true,"href":"https:\/\/www.tugtowing.cz\/index.php?rest_route=\/wp\/v2\/users\/2"}],"replies":[{"embeddable":true,"href":"https:\/\/www.tugtowing.cz\/index.php?rest_route=%2Fwp%2Fv2%2Fcomments&post=2289"}],"version-history":[{"count":0,"href":"https:\/\/www.tugtowing.cz\/index.php?rest_route=\/wp\/v2\/pages\/2289\/revisions"}],"up":[{"embeddable":true,"href":"https:\/\/www.tugtowing.cz\/index.php?rest_route=\/wp\/v2\/pages\/2133"}],"wp:attachment":[{"href":"https:\/\/www.tugtowing.cz\/index.php?rest_route=%2Fwp%2Fv2%2Fmedia&parent=2289"}],"curies":[{"name":"wp","href":"https:\/\/api.w.org\/{rel}","templated":true}]}}