{"id":2291,"date":"2012-02-27T20:21:40","date_gmt":"2012-02-27T19:21:40","guid":{"rendered":"http:\/\/www.tugtowing.cz\/?page_id=2291"},"modified":"2012-10-08T19:41:06","modified_gmt":"2012-10-08T18:41:06","slug":"o-soudek-panistavky","status":"publish","type":"page","link":"https:\/\/www.tugtowing.cz\/?page_id=2291","title":{"rendered":"O soudek Panist\u00e1vky"},"content":{"rendered":"<div><center><br \/>\n<img loading=\"lazy\" decoding=\"async\" class=\"ngg-singlepic ngg-center alignnone\" src=\"https:\/\/www.tugtowing.cz\/wp-content\/uploads\/bannery\/banpanistavka2012.gif\" alt=\"banpanistavka2012\" width=\"468\" height=\"60\" \/><\/center><\/p>\n<p style=\"text-align: center;\"><a title=\"Propozice\" href=\"https:\/\/www.tugtowing.cz\/?p=2679\">Propozice<\/a><\/p>\n<p style=\"text-align: center;\"><a title=\"Pl\u00e1nky trat\u00ed\" href=\"https:\/\/www.tugtowing.cz\/?p=2827\">Pl\u00e1nky trat\u00ed<\/a><\/p>\n<p style=\"text-align: center;\"><a title=\"report\u00e1\u017e\" href=\"https:\/\/www.tugtowing.cz\/?p=2845\">Report\u00e1\u017e<\/a><\/p>\n<p style=\"text-align: center;\"><a title=\"Anketa\" href=\"https:\/\/www.tugtowing.cz\/?p=2836\">Anketa<\/a><\/p>\n<p style=\"text-align: center;\"><a title=\"Foto\" href=\"https:\/\/www.tugtowing.cz\/?page_id=446#TT09\" target=\"_blank\">Foto<\/a><\/p>\n<p style=\"text-align: center;\">Video<\/p>\n<p style=\"text-align: center;\"><a title=\"V\u00fdsledkov\u00e1 listina\" href=\"https:\/\/www.tugtowing.cz\/doc\/Tabulky\/TTC04-2012.htm\" target=\"_blank\">V\u00fdsledky<\/a><\/p>\n<p style=\"text-align: center;\">Z\u00e1pisy j\u00edzd: <a title=\"Z\u00e1pisy j\u00edzd LTT\" href=\"https:\/\/www.tugtowing.cz\/doc\/TTC2012\/TTC04-LTT.rar\" target=\"_blank\">LTT<\/a>, <a title=\"Z\u00e1pisy j\u00edzd TTT\" href=\"https:\/\/www.tugtowing.cz\/doc\/TTC2012\/TTC04-TTT.rar\" target=\"_blank\">TTT<\/a>, <a title=\"Z\u00e1pisy j\u00edzd TLR1\" href=\"https:\/\/www.tugtowing.cz\/doc\/TTC2012\/TTC04-TLR1.rar\" target=\"_blank\">TLR1<\/a>, <a title=\"Z\u00e1pisy j\u00edzd TLR2\" href=\"https:\/\/www.tugtowing.cz\/doc\/TTC2012\/TTC04-TLR2.rar\" target=\"_blank\">TLR2<\/a>, <a title=\"V\u00fdsledkov\u00e1 listina\" href=\"https:\/\/www.tugtowing.cz\/doc\/TTC2012\/TTC04.rar\" target=\"_blank\">TTC04<\/a><\/p>\n<\/div>\n","protected":false},"excerpt":{"rendered":"<p>Propozice Pl\u00e1nky trat\u00ed Report\u00e1\u017e Anketa Foto Video V\u00fdsledky Z\u00e1pisy j\u00edzd: LTT, TTT, TLR1, TLR2, TTC04<\/p>\n","protected":false},"author":2,"featured_media":0,"parent":2133,"menu_order":9,"comment_status":"closed","ping_status":"closed","template":"","meta":{"footnotes":""},"class_list":["post-2291","page","type-page","status-publish","hentry"],"_links":{"self":[{"href":"https:\/\/www.tugtowing.cz\/index.php?rest_route=\/wp\/v2\/pages\/2291","targetHints":{"allow":["GET"]}}],"collection":[{"href":"https:\/\/www.tugtowing.cz\/index.php?rest_route=\/wp\/v2\/pages"}],"about":[{"href":"https:\/\/www.tugtowing.cz\/index.php?rest_route=\/wp\/v2\/types\/page"}],"author":[{"embeddable":true,"href":"https:\/\/www.tugtowing.cz\/index.php?rest_route=\/wp\/v2\/users\/2"}],"replies":[{"embeddable":true,"href":"https:\/\/www.tugtowing.cz\/index.php?rest_route=%2Fwp%2Fv2%2Fcomments&post=2291"}],"version-history":[{"count":0,"href":"https:\/\/www.tugtowing.cz\/index.php?rest_route=\/wp\/v2\/pages\/2291\/revisions"}],"up":[{"embeddable":true,"href":"https:\/\/www.tugtowing.cz\/index.php?rest_route=\/wp\/v2\/pages\/2133"}],"wp:attachment":[{"href":"https:\/\/www.tugtowing.cz\/index.php?rest_route=%2Fwp%2Fv2%2Fmedia&parent=2291"}],"curies":[{"name":"wp","href":"https:\/\/api.w.org\/{rel}","templated":true}]}}