{"id":2565,"date":"2012-05-16T14:45:13","date_gmt":"2012-05-16T13:45:13","guid":{"rendered":"http:\/\/www.tugtowing.cz\/?page_id=2565"},"modified":"2023-01-29T17:12:37","modified_gmt":"2023-01-29T16:12:37","slug":"nakupy-materialu-a-vybaveni","status":"publish","type":"page","link":"https:\/\/www.tugtowing.cz\/?page_id=2565","title":{"rendered":"N\u00e1kupy materi\u00e1lu a vybaven\u00ed"},"content":{"rendered":"<p>Evidence n\u00e1kup\u016f pro Klub NAMOLO! o.s. (od 1.kv\u011btna 2012 do 16.9.2013)<\/p>\n<p><span style=\"color: #000080;\"><strong>ROK 2012<\/strong><\/span><\/p>\n<p><strong>N\u00e1kup ze dne 8.kv\u011btna 2012<\/strong><\/p>\n<p>Provedl: Ivvo<br \/>\nMateri\u00e1l:<\/p>\n<ul>\n<li>Sekundov\u00e9 lepidlo (ceny pro v\u00edt\u011bze do Buchlovic) &#8211; 18ks<\/li>\n<\/ul>\n<p><strong>N\u00e1kup ze dne 9.kv\u011btna 2012<\/strong><\/p>\n<p>Provedl: Keba<br \/>\nMateri\u00e1l:<\/p>\n<ul>\n<li>plastov\u00e1 odpadn\u00ed trubka, d\u00e9lka 100cm, pr\u016fm\u011br 4cm &#8211; 20ks<\/li>\n<li>plastov\u00e1 odpadn\u00ed trubka, d\u00e9lka 15cm, pr\u016fm\u011br 4cm &#8211; 5ks<\/li>\n<li>plastov\u00e1 odpadn\u00ed trubka, ohyb 45\u00b0, pr\u016fm\u011br 4cm &#8211; 5ks<\/li>\n<\/ul>\n<p><strong>N\u00e1kup ze dne 10.kv\u011btna 2012<\/strong><\/p>\n<p>Provedl: Keba<br \/>\nMateri\u00e1l:<\/p>\n<ul>\n<li>rozkl\u00e1dac\u00ed p\u00e1rty stan 3x3m s de\u0161tn\u00edkovou konstrukc\u00ed a bo\u010dnicemi &#8211; 1k<\/li>\n<\/ul>\n<p><strong>N\u00e1kup ze dne 11.kv\u011btna 2012<\/strong><\/p>\n<p>Provedl: Keba<br \/>\nMateri\u00e1l:<\/p>\n<ul>\n<li>sekundov\u00e9 lepidlo st\u0159edn\u011b hust\u00e9 (ceny pro v\u00edt\u011bze do Protivanova) &#8211; 10ks<\/li>\n<\/ul>\n<p><strong>N\u00e1kup ze dne 27.kv\u011btna 2012<\/strong><\/p>\n<p>Provedl: Monika<br \/>\nMateri\u00e1l:<\/p>\n<p>coca-cola fan pack (ceny pro v\u00edt\u011bze do Protivanova) &#8211; 6ks<br \/>\nV.Kozel pack (ceny pro v\u00edt\u011bze do Protivanova) &#8211; 17ks<\/p>\n<p><strong>N\u00e1kup ze dne 4.\u010dervna 2012<\/strong><\/p>\n<p>Provedl: Keba<br \/>\nMateri\u00e1l:<\/p>\n<ul>\n<li>plastov\u00e1 odpadn\u00ed trubka, ohyb 90\u00b0, pr\u016fm\u011br 4cm &#8211; 20ks<\/li>\n<\/ul>\n<p><strong>N\u00e1kup ze dne 13.srpna 2012<\/strong><\/p>\n<p>Provedl: Keba<br \/>\nMateri\u00e1l:<\/p>\n<ul>\n<li>velk\u00e1 lupa (ceny pro v\u00edt\u011bze do Panist\u00e1vky) &#8211; 4ks<\/li>\n<\/ul>\n<p><strong>N\u00e1kup ze dne 11.z\u00e1\u0159\u00ed 2012<\/strong><\/p>\n<p>Provedl: Monika<br \/>\nMateri\u00e1l:<\/p>\n<ul>\n<li>Svijansk\u00fd M\u00e1z soudek 5l (ceny pro v\u00edt\u011bze do Panist\u00e1vky) &#8211; 4ks<\/li>\n<\/ul>\n<p><strong>N\u00e1kup ze dne 14.z\u00e1\u0159\u00ed 2012<\/strong><\/p>\n<p>Provedl: Tom\u00e1\u0161 Fil<br \/>\nMateri\u00e1l:<\/p>\n<ul>\n<li>sada vrt\u00e1k\u016f (ceny pro v\u00edt\u011bze do Panist\u00e1vky) &#8211; 3ks<\/li>\n<li>\u017eiletkov\u00e1 pilka (ceny pro v\u00edt\u011bze do Panist\u00e1vky) &#8211; 6ks<\/li>\n<li>pinzeta (ceny pro v\u00edt\u011bze do Panist\u00e1vky) &#8211; 3ks<\/li>\n<li>model\u00e1\u0159sk\u00e9 \u0161pendl\u00edky (ceny pro v\u00edt\u011bze do Panist\u00e1vky) &#8211; 6ks<\/li>\n<\/ul>\n<p>Provedl: MSOB<br \/>\nMateri\u00e1l:<\/p>\n<ul>\n<li>Vala\u0161sk\u00e9 frg\u00e1le (ceny pro \u00fa\u010dastn\u00edky do Panist\u00e1vky) &#8211; 20ks<\/li>\n<\/ul>\n<p><strong>N\u00e1kup ze dne 7.11.2012<\/strong><\/p>\n<p>Provedl: Keba<br \/>\nMateri\u00e1l:<\/p>\n<ul>\n<li>letovac\u00ed dr\u00e1t p\u00e1jka (ceny pro v\u00edt\u011bze do Mostu) &#8211; 2ks<\/li>\n<\/ul>\n<p><span style=\"color: #000080;\"><strong>ROK 2013<\/strong><\/span><\/p>\n<p><strong>N\u00e1kup ze dne 18.2.2013<\/strong><\/p>\n<p>Provedl: Keba<br \/>\nMateri\u00e1l:<\/p>\n<ul>\n<li>ru\u010dn\u00ed digit\u00e1ln\u00ed stopky pro rozhod\u010d\u00ed 2ks<\/li>\n<li>plastov\u00e9 trubky na stavbu p\u0159ek\u00e1\u017eek<\/li>\n<\/ul>\n<p><strong>N\u00e1kup ze dne 19.2.2013<\/strong><\/p>\n<p>Provedl: Keba<br \/>\nMateri\u00e1l:<\/p>\n<ul>\n<li>klubko provazu na uvazov\u00e1n\u00ed b\u00f3j\u00ed k z\u00e1va\u017e\u00ed 1ks<\/li>\n<\/ul>\n<p><strong>&nbsp;N\u00e1kup ze dne 29.3.2013<\/strong><\/p>\n<p>Provedl: Keba<br \/>\nMateri\u00e1l:<\/p>\n<ul>\n<li>plastov\u00e9 boxy 1ks \u00e1 70K\u010d, celkem 7ks<\/li>\n<\/ul>\n<p><strong>N\u00e1kup ze dne 14.5.2013<\/strong><\/p>\n<p>Provedla: Monika<br \/>\nMateri\u00e1l:<\/p>\n<ul>\n<li>pron\u00e1jem plov\u00e1rny v Jind\u0159ichov\u011b Hradci 1ks<\/li>\n<li>medovn\u00edk &#8211; ceny pro sout\u011b\u017e\u00edc\u00ed 17ks<\/li>\n<\/ul>\n<p><strong>N\u00e1kup ze dne 17.5.2013<\/strong><\/p>\n<p>Provedl: Keba<br \/>\nMateri\u00e1l:<\/p>\n<ul>\n<li>klubko provazu na uvazov\u00e1n\u00ed b\u00f3j\u00ed k z\u00e1va\u017e\u00ed 1ks<\/li>\n<\/ul>\n<p><strong>N\u00e1kup ze dne 15.6.2013<\/strong><\/p>\n<p>Provedl: Keba<br \/>\nMateri\u00e1l:<\/p>\n<ul>\n<li>Mikroho\u0159\u00e1k &#8211; ceny pro sout\u011b\u017e\u00edc\u00ed 6ks<\/li>\n<\/ul>\n<p><strong>N\u00e1kup ze dne 1.9.2013<\/strong><\/p>\n<p>Provedl: Keba<br \/>\nMateri\u00e1l:<\/p>\n<ul>\n<li>Vala\u0161sk\u00e9 frg\u00e1ly &#8211; ceny pro sout\u011b\u017e\u00edc\u00ed 25ks<\/li>\n<li>Soudky piva 5l &#8211; ceny pro sout\u011b\u017e\u00edc\u00ed 4ks<\/li>\n<li>Plastov\u00fd organiz\u00e9r &#8211; ceny pro sout\u011b\u017e\u00edc\u00ed 6ks<\/li>\n<li>Kalhoty &#8211; bro\u010f\u00e1ky &#8211; pro po\u0159adatele 1ks<\/li>\n<\/ul>\n<p><strong>N\u00e1kup ze dne 11.10.2013<\/strong><\/p>\n<p>Provedl: Keba<\/p>\n<ul>\n<li>Z\u00e1loha na ubytov\u00e1n\u00ed v penzionu v Jind\u0159ichov\u011b Hradci na sez\u00f3nu 2014 (hrazeno p\u0159evodem)<\/li>\n<\/ul>\n<p><strong>N\u00e1kup ze dne 14.10.2013<\/strong><\/p>\n<p>Provedla: Monika<br \/>\nMateri\u00e1l: (hrazeno hotov\u011b)<\/p>\n<ul>\n<li>Sada model\u00e1\u0159sk\u00e9ho n\u00e1\u0159ad\u00ed &#8211; ceny pro sout\u011b\u017e\u00edc\u00ed 3ks<\/li>\n<li>Sada model\u00e1\u0159sk\u00fdch n\u00e1stavc\u016f &#8211; ceny pro sout\u011b\u017e\u00edc\u00ed 3ks<\/li>\n<\/ul>\n<p><strong><span style=\"color: #000080;\">ROK 2014<\/span><\/strong><\/p>\n<p><strong><span style=\"color: #000080;\">ROK 2015<\/span><\/strong><\/p>\n<p><span style=\"color: #000080;\"><strong>ROK 2016<\/strong><\/span><\/p>\n<p><span style=\"color: #000080;\"><strong>ROK 2017<\/strong><\/span><\/p>\n<p>&nbsp;<\/p>\n","protected":false},"excerpt":{"rendered":"<p>Evidence n\u00e1kup\u016f pro Klub NAMOLO! o.s. (od 1.kv\u011btna 2012 do 16.9.2013) ROK 2012 N\u00e1kup ze dne 8.kv\u011btna 2012 Provedl: Ivvo Materi\u00e1l: Sekundov\u00e9 lepidlo (ceny pro v\u00edt\u011bze do Buchlovic) &#8211; 18ks N\u00e1kup ze dne 9.kv\u011btna 2012 Provedl: Keba Materi\u00e1l: plastov\u00e1 odpadn\u00ed trubka, d\u00e9lka 100cm, pr\u016fm\u011br 4cm &#8211; 20ks plastov\u00e1 odpadn\u00ed trubka, d\u00e9lka 15cm, pr\u016fm\u011br 4cm &#8211; [&hellip;]<\/p>\n","protected":false},"author":2,"featured_media":0,"parent":52,"menu_order":5,"comment_status":"open","ping_status":"closed","template":"","meta":{"footnotes":""},"class_list":["post-2565","page","type-page","status-publish","hentry"],"_links":{"self":[{"href":"https:\/\/www.tugtowing.cz\/index.php?rest_route=\/wp\/v2\/pages\/2565","targetHints":{"allow":["GET"]}}],"collection":[{"href":"https:\/\/www.tugtowing.cz\/index.php?rest_route=\/wp\/v2\/pages"}],"about":[{"href":"https:\/\/www.tugtowing.cz\/index.php?rest_route=\/wp\/v2\/types\/page"}],"author":[{"embeddable":true,"href":"https:\/\/www.tugtowing.cz\/index.php?rest_route=\/wp\/v2\/users\/2"}],"replies":[{"embeddable":true,"href":"https:\/\/www.tugtowing.cz\/index.php?rest_route=%2Fwp%2Fv2%2Fcomments&post=2565"}],"version-history":[{"count":1,"href":"https:\/\/www.tugtowing.cz\/index.php?rest_route=\/wp\/v2\/pages\/2565\/revisions"}],"predecessor-version":[{"id":10840,"href":"https:\/\/www.tugtowing.cz\/index.php?rest_route=\/wp\/v2\/pages\/2565\/revisions\/10840"}],"up":[{"embeddable":true,"href":"https:\/\/www.tugtowing.cz\/index.php?rest_route=\/wp\/v2\/pages\/52"}],"wp:attachment":[{"href":"https:\/\/www.tugtowing.cz\/index.php?rest_route=%2Fwp%2Fv2%2Fmedia&parent=2565"}],"curies":[{"name":"wp","href":"https:\/\/api.w.org\/{rel}","templated":true}]}}