{"id":26,"date":"2010-10-18T14:40:37","date_gmt":"2010-10-18T12:40:37","guid":{"rendered":"http:\/\/www.tugtowing.cz\/?page_id=26"},"modified":"2013-10-10T12:03:28","modified_gmt":"2013-10-10T11:03:28","slug":"katalog-prekazek","status":"publish","type":"page","link":"https:\/\/www.tugtowing.cz\/?page_id=26","title":{"rendered":"Katalog p\u0159ek\u00e1\u017eek a man\u00e9vr\u016f"},"content":{"rendered":"<p>Katalog p\u0159ek\u00e1\u017eek a man\u00e9vr\u016f zachycuje z\u00e1kladn\u00ed p\u0159ek\u00e1\u017eky a jejih varianty. Kouzlo tug towingu spo\u010d\u00edv\u00e1 pr\u00e1v\u011b v tom, \u017ee obn\u011bma p\u0159ek\u00e1\u017eek je prakticky neomezan\u00e1, stejn\u011b tak jejich nov\u00e9 konstrukce. V\u0161echny p\u0159ek\u00e1\u017eky a man\u00e9vry mus\u00ed spl\u0148ovat jedin\u00e9. Jejich proplouv\u00e1n\u00ed soulod\u00edm nesm\u00ed odporovat platn\u00fdm pravidl\u016fm pro tug towing.<\/p>\n<p>Pou\u017eit\u00e9 zkratky:<br \/>\nDV &#8211; d\u00e9lka trupu nejdel\u0161\u00edho pou\u017eit\u00e9ho vleku<br \/>\n\u0160V &#8211; \u0161\u00ed\u0159ka trupu nej\u0161ir\u0161\u00edho pou\u017eit\u00e9ho vleku<\/p>\n<p><strong>Samostatn\u00e1 b\u00f3je<\/strong><\/p>\n<p><a class=\"shutterset_\" title=\"Sch\u00e9ma p\u0159ek\u00e1\u017eky - b\u00f3je\" href=\"https:\/\/www.tugtowing.cz\/wp-content\/uploads\/schema-prekazky\/schema-prekazky-boje.gif\" data-image-id=\"160\"><img decoding=\"async\" class=\"ngg-singlepic ngg-none\" alt=\"schema-prekazky-boje\" src=\"https:\/\/www.tugtowing.cz\/wp-content\/uploads\/schema-prekazky\/thumbs\/thumbs_schema-prekazky-boje.gif\" \/><\/a><\/p>\n<p>M\u016f\u017ee b\u00fdt tvo\u0159ena b\u00f3j\u00ed nebo skaliskem, p\u0159\u00edpadn\u011b maj\u00e1kem.<br \/>\nPovolen\u00e9 barvy: \u010derven\u00e1, zelen\u00e1, \u017elut\u00e1.<\/p>\n<p><strong>Branka<\/strong><\/p>\n<p><a class=\"shutterset_\" title=\"Sch\u00e9ma p\u0159ek\u00e1\u017eky - branka\" href=\"https:\/\/www.tugtowing.cz\/wp-content\/uploads\/schema-prekazky\/schema-prekazky-branka.gif\" data-image-id=\"161\"><img decoding=\"async\" class=\"ngg-singlepic ngg-none\" alt=\"schema-prekazky-branka\" src=\"https:\/\/www.tugtowing.cz\/wp-content\/uploads\/schema-prekazky\/thumbs\/thumbs_schema-prekazky-branka.gif\" \/><\/a><\/p>\n<p>Branku tvo\u0159\u00ed dv\u011b b\u00f3je (\u010derven\u00e1 a zelen\u00e1). B\u00f3je m\u016f\u017ee b\u00fdt nahrazena skaliskem, maj\u00e1kem a pod. Dv\u011b a v\u00edce branek m\u016f\u017ee m\u00edt spole\u010dnou jednu b\u00f3ji. Branka m\u016f\u017ee b\u00fdt rozd\u011blana na dv\u011b \u010d\u00e1sti \u017elutou b\u00f3j\u00ed.<\/p>\n<p>rozm\u011br min. max.<br \/>\n\u0161\u00ed\u0159ka branky 50cm neur\u010deno<br \/>\n\u0161\u00ed\u0159ka branek &#8211; doporu\u010den\u00e1 \u0160V+10cm DV+100cm<\/p>\n<p><strong>Plavebn\u00ed dr\u00e1ha<\/strong><\/p>\n<p><a class=\"shutterset_\" title=\"Sch\u00e9ma p\u0159ek\u00e1\u017eky - plavebn\u00ed dr\u00e1ha.\" href=\"https:\/\/www.tugtowing.cz\/wp-content\/uploads\/schema-prekazky\/schema-prekazky-plavebnidraha.gif\" data-image-id=\"168\"><img decoding=\"async\" class=\"ngg-singlepic ngg-none\" alt=\"schema-prekazky-plavebnidraha\" src=\"https:\/\/www.tugtowing.cz\/wp-content\/uploads\/schema-prekazky\/thumbs\/thumbs_schema-prekazky-plavebnidraha.gif\" \/><\/a><\/p>\n<p>Plavebn\u00ed dr\u00e1hu tvo\u0159\u00ed soustava branek, kter\u00e9 soulod\u00ed mus\u00ed postupn\u011b proplout a nesm\u00ed z n\u00ed vybo\u010dit. Dr\u00e1ha plavebn\u00ed dr\u00e1hy nemus\u00ed b\u00fdt p\u0159\u00edm\u00e1. \u0160\u00ed\u0159e branek v plavebn\u00ed dr\u00e1ze se m\u016f\u017ee postupn\u011b roz\u0161i\u0159ovat a nebo zu\u017eovat.<\/p>\n<p>rozm\u011br min. max.<br \/>\n\u0161\u00ed\u0159ka branek 50cm neur\u010deno<br \/>\n\u0161\u00ed\u0159ka branek &#8211; doporu\u010den\u00e1 \u0160V+20cm DV-20cm<br \/>\nrozestupy mezi brankami 50cm neur\u010deno<br \/>\nrozestupy mezi brankami &#8211; doporu\u010deno DV neur\u010deno<br \/>\nd\u00e9lka dr\u00e1hy 100cm neur\u010deno<br \/>\nd\u00e9lka dr\u00e1hy &#8211; doporu\u010deno 3xDV 5xDV<\/p>\n<p><strong>Plavebn\u00ed kan\u00e1l<\/strong><\/p>\n<p><a class=\"shutterset_\" title=\"Sch\u00e9ma p\u0159ek\u00e1\u017eky - plavebn\u00ed kan\u00e1l\" href=\"https:\/\/www.tugtowing.cz\/wp-content\/uploads\/schema-prekazky\/schema-prekazky-plavebnikanal.gif\" data-image-id=\"169\"><img decoding=\"async\" class=\"ngg-singlepic ngg-none\" alt=\"schema-prekazky-plavebnikanal\" src=\"https:\/\/www.tugtowing.cz\/wp-content\/uploads\/schema-prekazky\/thumbs\/thumbs_schema-prekazky-plavebnikanal.gif\" \/><\/a><\/p>\n<p>Plavebn\u00ed kan\u00e1l m\u016f\u017ee b\u00fdt p\u0159\u00edm\u00fd, esovit\u00fd, zalomen\u00fd, zato\u010den\u00fd, roz\u0161i\u0159uj\u00edc\u00ed se nebo naopak. \u0160\u00ed\u0159e plavebn\u00edho kan\u00e1lu m\u016f\u017ee b\u00fdt prom\u011bnliv\u00e1.<\/p>\n<p>rozm\u011br min. max.<br \/>\n\u0161\u00ed\u0159ka kan\u00e1lu 50cm neur\u010deno<br \/>\n\u0161\u00ed\u0159ka kan\u00e1lu &#8211; doporu\u010den\u00e1 \u0160V+20cm DV-20cm<br \/>\nd\u00e9lka kan\u00e1lu 100cm neur\u010deno<br \/>\nd\u00e9lka kan\u00e1lu &#8211; doporu\u010deno 3xDV 5xDV<\/p>\n<p><strong>Plavebn\u00ed kan\u00e1l pro plo\u0161inu<\/strong><\/p>\n<p><a class=\"shutterset_\" title=\"Sch\u00e9ma p\u0159ek\u00e1\u017eky - plavebn\u00ed kan\u00e1l pro plo\u0161inu\" href=\"https:\/\/www.tugtowing.cz\/wp-content\/uploads\/schema-prekazky\/schema-prekazky-plavebnikanalplosina.gif\" data-image-id=\"171\"><img loading=\"lazy\" decoding=\"async\" class=\"ngg-singlepic ngg-none alignnone\" alt=\"schema-prekazky-plavebnikanalplosina\" src=\"https:\/\/www.tugtowing.cz\/wp-content\/uploads\/schema-prekazky\/thumbs\/thumbs_schema-prekazky-plavebnikanalplosina.gif\" width=\"100\" height=\"75\" \/><\/a><\/p>\n<p>Plavebn\u00ed kan\u00e1l m\u016f\u017ee b\u00fdt p\u0159\u00edm\u00fd, zalomen\u00fd, zato\u010den\u00fd, roz\u0161i\u0159uj\u00edc\u00ed se nebo naopak.<\/p>\n<p>rozm\u011br min. max.<br \/>\n\u0161\u00ed\u0159ka kan\u00e1lu 50cm neur\u010deno<br \/>\n\u0161\u00ed\u0159ka kan\u00e1lu &#8211; doporu\u010den\u00e1 \u0160V+20cm DV-20cm<br \/>\nd\u00e9lka kan\u00e1lu 100cm neur\u010deno<br \/>\nd\u00e9lka kan\u00e1lu &#8211; doporu\u010deno 3xDV 5xDV<\/p>\n<p><strong> Plavebn\u00ed kan\u00e1l s couv\u00e1n\u00edm<\/strong><\/p>\n<p><a class=\"shutterset_\" title=\"Sch\u00e9ma p\u0159ek\u00e1\u017eky - plavebn\u00ed kan\u00e1l s couv\u00e1n\u00edm\" href=\"https:\/\/www.tugtowing.cz\/wp-content\/uploads\/schema-prekazky\/schema-prekazky-plavebnikanalcouvani.gif\" data-image-id=\"170\"><img decoding=\"async\" class=\"ngg-singlepic ngg-none\" alt=\"schema-prekazky-plavebnikanalcouvani\" src=\"https:\/\/www.tugtowing.cz\/wp-content\/uploads\/schema-prekazky\/thumbs\/thumbs_schema-prekazky-plavebnikanalcouvani.gif\" \/><\/a><\/p>\n<p>Plavebn\u00ed kan\u00e1l, ve kter\u00e9m mus\u00ed soulod\u00ed zm\u011bnit sm\u011br v\u0159ed na zp\u011btn\u00fd chod a na zp\u011btn\u00fd chod kan\u00e1l opustit.<\/p>\n<p>rozm\u011br min. max.<br \/>\n\u0161\u00ed\u0159ka kan\u00e1lu 50cm neur\u010deno<br \/>\n\u0161\u00ed\u0159ka kan\u00e1lu &#8211; doporu\u010den\u00e1 \u0160V+20cm DV-20cm<br \/>\nd\u00e9lka kan\u00e1lu 200cm neur\u010deno<br \/>\nd\u00e9lka kan\u00e1lu &#8211; doporu\u010deno 3xDV 5xDV<\/p>\n<p><strong> Obrati\u0161t\u011b<\/strong><\/p>\n<p><a class=\"shutterset_\" title=\"Sch\u00e9ma p\u0159ek\u00e1\u017eky - obrati\u0161t\u011b\" href=\"https:\/\/www.tugtowing.cz\/wp-content\/uploads\/schema-prekazky\/schema-prekazky-obratiste.gif\" data-image-id=\"167\"><img decoding=\"async\" class=\"ngg-singlepic ngg-none\" alt=\"schema-prekazky-obratiste\" src=\"https:\/\/www.tugtowing.cz\/wp-content\/uploads\/schema-prekazky\/thumbs\/thumbs_schema-prekazky-obratiste.gif\" \/><\/a><\/p>\n<p>Na hladin\u011b vyzna\u010den\u00fd prostor, kde soulod\u00ed mus\u00ed prov\u00e9st obrat min. o 180\u00b0. Za\u00fast\u011bn\u00ed a vy\u00fast\u011bn\u00ed m\u016f\u017ee b\u00fdt spole\u010dn\u00e9 nebo ka\u017ed\u00e9 zvl\u00e1\u0161\u0165. Na tvaru obrati\u0161t\u011b nez\u00e1le\u017e\u00ed. Rozm\u011bry obrati\u0161t\u011b mus\u00ed b\u00fdt takov\u00e9, aby v n\u011bm \u0161el prov\u00e9st obrat vleku minim\u00e1ln\u011b o 180\u00b0.<\/p>\n<p>rozm\u011br min. max.<br \/>\n\u0161\u00ed\u0159ka za\u00fast\u011bn\u00ed 50cm neur\u010deno<br \/>\n\u0161\u00ed\u0159ka za\u00fast\u011bn\u00ed &#8211; doporu\u010den\u00e1 \u0160V+20cm DV-20cm<br \/>\npr\u016fm\u011br obrati\u0161t\u011b DV+100cm neur\u010deno<br \/>\npr\u016fm\u011br obrati\u0161t\u011b &#8211; doporu\u010deno DV+50cm neur\u010deno<\/p>\n<p><strong> V\u00fdklopn\u00edk<\/strong><\/p>\n<p><a class=\"shutterset_\" title=\"Sch\u00e9ma p\u0159ek\u00e1\u017eky - v\u00fdklopn\u00edk\" href=\"https:\/\/www.tugtowing.cz\/wp-content\/uploads\/schema-prekazky\/schema-prekazky-vyklopnik.gif\" data-image-id=\"174\"><img decoding=\"async\" class=\"ngg-singlepic ngg-none\" alt=\"schema-prekazky-vyklopnik\" src=\"https:\/\/www.tugtowing.cz\/wp-content\/uploads\/schema-prekazky\/thumbs\/thumbs_schema-prekazky-vyklopnik.gif\" \/><\/a><strong><br \/>\n<\/strong><\/p>\n<p>Prostor, kde mus\u00ed tla\u010dn\u00fd remork\u00e9r s n\u00e1kladn\u00ed vanou p\u0159irazit ke dv\u011bma v\u00fdstupk\u016fm (n\u00e1razn\u00edk\u016fm).<\/p>\n<p>rozm\u011br min. max.<br \/>\nd\u00e9lka n\u00e1razn\u00edk\u016f 5cm 25cm<br \/>\nd\u00e9lka n\u00e1razn\u00edk\u016f &#8211; doporu\u010den\u00e1 10cm 15cm<br \/>\nrozte\u010d n\u00e1razn\u00edk\u016f 50cm DV-10cm<br \/>\nrozte\u010d n\u00e1razn\u00edk\u016f &#8211; doporu\u010deno 100cm DV-50cm<\/p>\n<p><strong> Dok<\/strong><\/p>\n<p><a class=\"shutterset_\" title=\"Sch\u00e9ma p\u0159ek\u00e1\u017eky - dok\" href=\"https:\/\/www.tugtowing.cz\/wp-content\/uploads\/schema-prekazky\/schema-prekazky-dok.gif\" data-image-id=\"162\"><img decoding=\"async\" class=\"ngg-singlepic ngg-none\" alt=\"schema-prekazky-dok\" src=\"https:\/\/www.tugtowing.cz\/wp-content\/uploads\/schema-prekazky\/thumbs\/thumbs_schema-prekazky-dok.gif\" \/><\/a><\/p>\n<p>P\u0159ek\u00e1\u017eka na trati, kter\u00e1 m\u00e1 za\u00fast\u011bn\u00ed a vy\u00fast\u011bn\u00ed a p\u0159edepsan\u00fd zp\u016fsob proplut\u00ed. Rozm\u011bry doku mus\u00ed b\u00fdt takov\u00e9, aby byl mo\u017en\u00fd p\u0159edepsan\u00fd zp\u016fsob proplut\u00ed nebo proveden\u00ed p\u0159edepsan\u00e9ho man\u00e9vru.<\/p>\n<p>rozm\u011br min. max.<br \/>\n\u0161\u00ed\u0159ka za\u00fast\u011bn\u00ed 50cm neur\u010deno<br \/>\n\u0161\u00ed\u0159ka za\u00fast\u011bn\u00ed &#8211; doporu\u010den\u00e1 \u0160V+20cm DV-20cm<\/p>\n<p><strong> Bo\u010dn\u00ed dok<\/strong><\/p>\n<p><a class=\"shutterset_\" title=\"Sch\u00e9ma p\u0159ek\u00e1\u017eky - bo\u010dn\u00ed dok\" href=\"https:\/\/www.tugtowing.cz\/wp-content\/uploads\/schema-prekazky\/schema-prekazky-dokbocni.gif\" data-image-id=\"163\"><img decoding=\"async\" class=\"ngg-singlepic ngg-none\" alt=\"schema-prekazky-dokbocni\" src=\"https:\/\/www.tugtowing.cz\/wp-content\/uploads\/schema-prekazky\/thumbs\/thumbs_schema-prekazky-dokbocni.gif\" \/><\/a><\/p>\n<p>Prostor, kam mus\u00ed remork\u00e9ry vlek p\u0159irazit bokem k ur\u010den\u00e9 stran\u011b doku. \u0160\u00ed\u0159ka doku je vzd\u00e1lenost mezi \u010derven\u00fdm a zelen\u00fdm vjezdov\u00fdm maj\u00e1kem. D\u00e9lka doku je vzd\u00e1lenost od vjezdov\u00e9ho maj\u00e1ku k nejvzd\u00e1len\u011bj\u0161\u00ed stran\u011b doku.<\/p>\n<p>rozm\u011br min. max.<br \/>\nd\u00e9lka doku 50cm neur\u010deno<br \/>\nd\u00e9lka doku &#8211; doporu\u010den\u00e1 \u0160V+20cm DV<br \/>\n\u0161\u00ed\u0159ka doku DV+20cm neur\u010deno<br \/>\n\u0161\u00ed\u0159ka doku &#8211; doporu\u010deno DV+50cm DV+200cm<\/p>\n<p><strong> \u010celn\u00ed dok<\/strong><\/p>\n<p><a class=\"shutterset_\" title=\"Sch\u00e9ma p\u0159ek\u00e1\u017eky - \u010deln\u00ed dok\" href=\"https:\/\/www.tugtowing.cz\/wp-content\/uploads\/schema-prekazky\/schema-prekazky-dokcelni.gif\" data-image-id=\"165\"><img decoding=\"async\" class=\"ngg-singlepic ngg-none\" alt=\"schema-prekazky-dokcelni\" src=\"https:\/\/www.tugtowing.cz\/wp-content\/uploads\/schema-prekazky\/thumbs\/thumbs_schema-prekazky-dokcelni.gif\" \/><\/a><\/p>\n<p>Prostor, kam mus\u00ed remork\u00e9ry vlek p\u0159irazit p\u0159\u00edd\u00ed. \u0160\u00ed\u0159ka doku je vzd\u00e1lenost mezi \u010derven\u00fdm a zelen\u00fdm vjezdov\u00fdm maj\u00e1kem. D\u00e9lka doku je vzd\u00e1lenost od vjezdov\u00e9ho maj\u00e1ku k nejvzd\u00e1len\u011bj\u0161\u00ed stran\u011b doku.<\/p>\n<p>rozm\u011br min. max.<br \/>\nd\u00e9lka doku 200cm neur\u010deno<br \/>\nd\u00e9lka doku &#8211; doporu\u010den\u00e1 DV+100cm 3xDV<br \/>\n\u0161\u00ed\u0159ka doku 50cm neur\u010deno<br \/>\n\u0161\u00ed\u0159ka doku &#8211; doporu\u010deno \u0160V+20cm \u0160V+100cm<\/p>\n<p><strong> Dok s vyvazovac\u00ed b\u00f3jkou<\/strong><\/p>\n<p><a class=\"shutterset_\" title=\"Sch\u00e9ma p\u0159ek\u00e1\u017eky - dok s vyvazovac\u00ed b\u00f3j\u00ed\" href=\"https:\/\/www.tugtowing.cz\/wp-content\/uploads\/schema-prekazky\/schema-prekazky-dokvyvazovaciboje.gif\" data-image-id=\"166\"><img decoding=\"async\" class=\"ngg-singlepic ngg-none\" alt=\"schema-prekazky-dokvyvazovaciboje\" src=\"https:\/\/www.tugtowing.cz\/wp-content\/uploads\/schema-prekazky\/thumbs\/thumbs_schema-prekazky-dokvyvazovaciboje.gif\" \/><\/a><\/p>\n<p>Prostor, kde je um\u00edst\u011bna samostatn\u00e1 b\u00f3je, kter\u00e9 se vlek mus\u00ed dotknout. \u0160\u00ed\u0159ka doku je vzd\u00e1lenost mezi \u010derven\u00fdm a zelen\u00fdm vjezdov\u00fdm maj\u00e1kem. D\u00e9lka doku je vzd\u00e1lenost od vjezdov\u00e9ho maj\u00e1ku k nejvzd\u00e1len\u011bj\u0161\u00ed stran\u011b doku.<\/p>\n<p>rozm\u011br min. max.<br \/>\nd\u00e9lka doku 200cm neur\u010deno<br \/>\nd\u00e9lka doku &#8211; doporu\u010den\u00e1 DV+100cm 3xDV<br \/>\n\u0161\u00ed\u0159ka doku 50cm neur\u010deno<br \/>\n\u0161\u00ed\u0159ka doku &#8211; doporu\u010deno \u0160V+20cm \u0160V+100cm<br \/>\nvzd\u00e1lenost b\u00f3je<br \/>\nod st\u011bny doku 5cm 20cm<\/p>\n<p><strong> Dok s bo\u010dn\u00edm proplut\u00edm<\/strong><\/p>\n<p><a class=\"shutterset_\" title=\"Sch\u00e9ma p\u0159ek\u00e1\u017eky - dok s bo\u010dn\u00edm proplut\u00edm\" href=\"https:\/\/www.tugtowing.cz\/wp-content\/uploads\/schema-prekazky\/schema-prekazky-dokbocnipropluti.gif\" data-image-id=\"164\"><img decoding=\"async\" class=\"ngg-singlepic ngg-none\" alt=\"schema-prekazky-dokbocnipropluti\" src=\"https:\/\/www.tugtowing.cz\/wp-content\/uploads\/schema-prekazky\/thumbs\/thumbs_schema-prekazky-dokbocnipropluti.gif\" \/><\/a><\/p>\n<p>Prostor, kde je prostor, kter\u00fd nejd\u0159\u00edve mus\u00ed proplout vlek a teprve potom remork\u00e9ry.<\/p>\n<p><em>PARAMETRY P\u0158EK\u00c1\u017dKY NEBYLY ZAT\u00cdM STANOVENY.<\/em><\/p>\n<p><strong> Rejda<\/strong><\/p>\n<p><a class=\"shutterset_\" title=\"Sch\u00e9ma p\u0159ek\u00e1\u017eky - rejda\" href=\"https:\/\/www.tugtowing.cz\/wp-content\/uploads\/schema-prekazky\/schema-prekazky-rejda.gif\" data-image-id=\"172\"><img decoding=\"async\" class=\"ngg-singlepic ngg-none\" alt=\"schema-prekazky-rejda\" src=\"https:\/\/www.tugtowing.cz\/wp-content\/uploads\/schema-prekazky\/thumbs\/thumbs_schema-prekazky-rejda.gif\" \/><\/a><\/p>\n<p>Jedna, dv\u011b po\u0159. t\u0159i samostan\u00e9 b\u00f3je, ke kter\u00fdm mus\u00ed remork\u00e9ry vlek p\u0159irazit a udr\u017eet v kontaktu s b\u00f3j\u00ed (b\u00f3jemi) po stanovenou dobu.<\/p>\n<p>rozm\u011br min. max.<br \/>\nvzd\u00e1lenost mezi b\u00f3jemi 50cm DV-20cm<\/p>\n<p><strong> Zdymadlo<\/strong><\/p>\n<p><a class=\"shutterset_\" title=\"Sch\u00e9ma p\u0159ek\u00e1\u017eky - zdymadlo\" href=\"https:\/\/www.tugtowing.cz\/wp-content\/uploads\/schema-prekazky\/schema-prekazky-zdymadlo.gif\" data-image-id=\"175\"><img decoding=\"async\" class=\"ngg-singlepic ngg-none\" alt=\"schema-prekazky-zdymadlo\" src=\"https:\/\/www.tugtowing.cz\/wp-content\/uploads\/schema-prekazky\/thumbs\/thumbs_schema-prekazky-zdymadlo.gif\" \/><\/a><\/p>\n<p>Podobn\u00e9 jako plavebn\u00ed kan\u00e1l, ale v\u017edy p\u0159\u00edm\u00e9. Ve zdymadle mus\u00ed soulod\u00ed zastavit po stanovenou dobu.<\/p>\n<p>rozm\u011br min. max.<br \/>\n\u0161\u00ed\u0159ka zdymadla 50cm neur\u010deno<br \/>\n\u0161\u00ed\u0159ka zdymadla &#8211; doporu\u010den\u00e1 \u0160V+20cm DV-20cm<br \/>\nd\u00e9lka zdymadla DV+50cm neur\u010deno<br \/>\nd\u00e9lka zdymadla &#8211; doporu\u010deno 2xDV 3xDV<\/p>\n<p><strong> Navigace<\/strong><\/p>\n<p>Soustava p\u0159ek\u00e1\u017eek (nap\u0159. skaliska), kterou je mo\u017en\u00e9 proplout n\u011bkolika zp\u016fsoby, kapit\u00e1n dru\u017estva si t\u011bsn\u011b p\u0159ed za\u010d\u00e1tkem proplouv\u00e1n\u00ed vylosuje kurs ve kter\u00e9m popluje.<\/p>\n","protected":false},"excerpt":{"rendered":"<p>Katalog p\u0159ek\u00e1\u017eek a man\u00e9vr\u016f zachycuje z\u00e1kladn\u00ed p\u0159ek\u00e1\u017eky a jejih varianty. Kouzlo tug towingu spo\u010d\u00edv\u00e1 pr\u00e1v\u011b v tom, \u017ee obn\u011bma p\u0159ek\u00e1\u017eek je prakticky neomezan\u00e1, stejn\u011b tak jejich nov\u00e9 konstrukce. V\u0161echny p\u0159ek\u00e1\u017eky a man\u00e9vry mus\u00ed spl\u0148ovat jedin\u00e9. Jejich proplouv\u00e1n\u00ed soulod\u00edm nesm\u00ed odporovat platn\u00fdm pravidl\u016fm pro tug towing. Pou\u017eit\u00e9 zkratky: DV &#8211; d\u00e9lka trupu nejdel\u0161\u00edho pou\u017eit\u00e9ho vleku \u0160V [&hellip;]<\/p>\n","protected":false},"author":1,"featured_media":0,"parent":22,"menu_order":3,"comment_status":"open","ping_status":"closed","template":"","meta":{"footnotes":""},"class_list":["post-26","page","type-page","status-publish","hentry"],"_links":{"self":[{"href":"https:\/\/www.tugtowing.cz\/index.php?rest_route=\/wp\/v2\/pages\/26","targetHints":{"allow":["GET"]}}],"collection":[{"href":"https:\/\/www.tugtowing.cz\/index.php?rest_route=\/wp\/v2\/pages"}],"about":[{"href":"https:\/\/www.tugtowing.cz\/index.php?rest_route=\/wp\/v2\/types\/page"}],"author":[{"embeddable":true,"href":"https:\/\/www.tugtowing.cz\/index.php?rest_route=\/wp\/v2\/users\/1"}],"replies":[{"embeddable":true,"href":"https:\/\/www.tugtowing.cz\/index.php?rest_route=%2Fwp%2Fv2%2Fcomments&post=26"}],"version-history":[{"count":0,"href":"https:\/\/www.tugtowing.cz\/index.php?rest_route=\/wp\/v2\/pages\/26\/revisions"}],"up":[{"embeddable":true,"href":"https:\/\/www.tugtowing.cz\/index.php?rest_route=\/wp\/v2\/pages\/22"}],"wp:attachment":[{"href":"https:\/\/www.tugtowing.cz\/index.php?rest_route=%2Fwp%2Fv2%2Fmedia&parent=26"}],"curies":[{"name":"wp","href":"https:\/\/api.w.org\/{rel}","templated":true}]}}