{"id":29,"date":"2010-10-18T14:43:16","date_gmt":"2010-10-18T12:43:16","guid":{"rendered":"http:\/\/www.tugtowing.cz\/?page_id=29"},"modified":"2013-10-10T09:08:07","modified_gmt":"2013-10-10T08:08:07","slug":"seznamy","status":"publish","type":"page","link":"https:\/\/www.tugtowing.cz\/?page_id=29","title":{"rendered":"Seznamy"},"content":{"rendered":"<p><a class=\"shutterset_\" title=\" \" href=\"https:\/\/www.tugtowing.cz\/wp-content\/uploads\/default\/seznamy.png\" data-image-id=\"250\"><img loading=\"lazy\" decoding=\"async\" class=\"ngg-singlepic ngg-left alignleft\" alt=\"seznamy\" src=\"https:\/\/www.tugtowing.cz\/wp-content\/uploads\/default\/thumbs\/thumbs_seznamy.png\" width=\"100\" height=\"75\" \/><\/a>Komplexn\u00ed p\u0159ehledy o remork\u00e9rech sout\u011b\u017e\u00edch a sout\u011b\u017e\u00edc\u00edch.<\/p>\n<p>&nbsp;<\/p>\n<p>&nbsp;<\/p>\n<p><strong>Dal\u0161\u00ed rubriky:<\/strong><\/p>\n<ul>\n<li><a title=\"Kapit\u00e1ni\" href=\"https:\/\/www.tugtowing.cz\/?page_id=31\">Kapit\u00e1ni<\/a><\/li>\n<li><a title=\"V\u00edt\u011bzov\u00e9 TTC\" href=\"https:\/\/www.tugtowing.cz\/?page_id=2922\">P\u0159ehled v\u00edt\u011bz\u016f Tug Towing Cupu<\/a><\/li>\n<li><a title=\"Remork\u00e9ry\" href=\"https:\/\/www.tugtowing.cz\/?page_id=33\">Remork\u00e9ry<\/a><\/li>\n<li><a title=\"Remork\u00e9ry - registrace\" href=\"https:\/\/www.tugtowing.cz\/?page_id=1969\">Remork\u00e9ry &#8211; registrace<\/a><\/li>\n<li><a title=\"Rozhod\u010d\u00ed\" href=\"https:\/\/www.tugtowing.cz\/?page_id=35\">Rozhod\u010d\u00ed<\/a><\/li>\n<li><a title=\"Vleky pro TT\" href=\"https:\/\/www.tugtowing.cz\/?page_id=37\">Vleky pro TT<\/a><\/li>\n<li><a title=\"T\u00fdmy\" href=\"https:\/\/www.tugtowing.cz\/?page_id=54\">T\u00fdmy<\/a><\/li>\n<li><a title=\"T\u00fdmov\u00e9 znaky\" href=\"https:\/\/www.tugtowing.cz\/?page_id=326\">T\u00fdmov\u00e9 znaky<\/a><\/li>\n<\/ul>\n","protected":false},"excerpt":{"rendered":"<p>Komplexn\u00ed p\u0159ehledy o remork\u00e9rech sout\u011b\u017e\u00edch a sout\u011b\u017e\u00edc\u00edch. &nbsp; &nbsp; Dal\u0161\u00ed rubriky: Kapit\u00e1ni P\u0159ehled v\u00edt\u011bz\u016f Tug Towing Cupu Remork\u00e9ry Remork\u00e9ry &#8211; registrace Rozhod\u010d\u00ed Vleky pro TT T\u00fdmy T\u00fdmov\u00e9 znaky<\/p>\n","protected":false},"author":1,"featured_media":0,"parent":0,"menu_order":7,"comment_status":"closed","ping_status":"closed","template":"","meta":{"footnotes":""},"class_list":["post-29","page","type-page","status-publish","hentry"],"_links":{"self":[{"href":"https:\/\/www.tugtowing.cz\/index.php?rest_route=\/wp\/v2\/pages\/29","targetHints":{"allow":["GET"]}}],"collection":[{"href":"https:\/\/www.tugtowing.cz\/index.php?rest_route=\/wp\/v2\/pages"}],"about":[{"href":"https:\/\/www.tugtowing.cz\/index.php?rest_route=\/wp\/v2\/types\/page"}],"author":[{"embeddable":true,"href":"https:\/\/www.tugtowing.cz\/index.php?rest_route=\/wp\/v2\/users\/1"}],"replies":[{"embeddable":true,"href":"https:\/\/www.tugtowing.cz\/index.php?rest_route=%2Fwp%2Fv2%2Fcomments&post=29"}],"version-history":[{"count":0,"href":"https:\/\/www.tugtowing.cz\/index.php?rest_route=\/wp\/v2\/pages\/29\/revisions"}],"wp:attachment":[{"href":"https:\/\/www.tugtowing.cz\/index.php?rest_route=%2Fwp%2Fv2%2Fmedia&parent=29"}],"curies":[{"name":"wp","href":"https:\/\/api.w.org\/{rel}","templated":true}]}}