{"id":2907,"date":"2012-10-27T19:12:27","date_gmt":"2012-10-27T18:12:27","guid":{"rendered":"http:\/\/www.tugtowing.cz\/?page_id=2907"},"modified":"2023-01-29T16:53:36","modified_gmt":"2023-01-29T15:53:36","slug":"zapis-z-clenske-schuze-ze-dne-15-9-2012","status":"publish","type":"page","link":"https:\/\/www.tugtowing.cz\/?page_id=2907","title":{"rendered":"Z\u00e1pis z \u010dlensk\u00e9 sch\u016fze 2012"},"content":{"rendered":"<p>Z\u00e1pis z \u010dlensk\u00e9 sch\u016fze Klubu NAMOLO! o.s.<\/p>\n<p>Na z\u00e1klad\u011b schv\u00e1len\u00fdch stanov ob\u010dansk\u00e9ho sdru\u017een\u00ed <a title=\"Klub NAMOLO!\" href=\"https:\/\/www.tugtowing.cz\/?page_id=52\">Klub NAMOLO! o.s.<\/a>&nbsp; byla na <strong>15.z\u00e1\u0159\u00ed 2012<\/strong> svol\u00e1na druh\u00e1, \u010dlensk\u00e1 sch\u016fze, kter\u00e1 se konala od 20.00 v ATC Panist\u00e1vka \u2013 \u017dirovnice.<\/p>\n<p><strong>Prvn\u00edm bodem<\/strong> jedn\u00e1n\u00ed byla zpr\u00e1va o \u010dinnosti a ekonomick\u00e9 situaci <a title=\"Klub NAMOLO!\" href=\"https:\/\/www.tugtowing.cz\/?page_id=52\">Klubu NAMOLO! o.s.<\/a> Klub NAMOLO! o.s. disponuje \u010d\u00e1stkou <strong>17.197,- K\u010d<\/strong>.<\/p>\n<p><em>(p\u0159ednesla p\u0159edsedkyn\u011b sdru\u017een\u00ed Monika Va\u0161kebov\u00e1)<\/em><\/p>\n<p>P\u0159\u00edtomn\u00ed \u010dlenov\u00e9 se radili, zda v&nbsp;roce 2013 pokra\u010dovat v&nbsp;po\u0159\u00e1d\u00e1n\u00ed sout\u011b\u017e\u00ed a dal\u0161\u00ed existence <a title=\"Klub NAMOLO!\" href=\"https:\/\/www.tugtowing.cz\/?page_id=52\">Klubu NAMOLO! o.s.<\/a> V\u0161ichni p\u0159\u00edtomn\u00ed si odsouhlasil pokra\u010dov\u00e1n\u00ed i v&nbsp;roce 2013 beze zm\u011bn.<\/p>\n<p>P\u0159\u00edtomn\u00ed \u010dlenov\u00e9 odhlasovali <strong>v\u00fd\u0161i \u010dlensk\u00fdch p\u0159\u00edsp\u011bvk\u016f<\/strong> na rok <strong>2013<\/strong> ve stejn\u00e9 v\u00fd\u0161i jako v roce 2012, tj. 1 200K\u010d za kalend\u00e1\u0159n\u00ed rok.<\/p>\n<p><strong><em>&nbsp;<\/em>V\u00edt Jel\u00ednek<\/strong> a<strong> Tom\u00e1\u0161 Jel\u00ednek<\/strong><em> &#8211; <\/em>&nbsp;p\u0159\u00edtomn\u00fdm ozn\u00e1mili, \u017ee podaj\u00ed p\u0159ihl\u00e1\u0161ku do <a title=\"Klub NAMOLO!\" href=\"https:\/\/www.tugtowing.cz\/?page_id=52\">Klubu NAMOLO!&nbsp; o.s.<\/a><\/p>\n<p>Byla diskutov\u00e1na mo\u017enost vyu\u017eit\u00ed finan\u010dn\u00edch prost\u0159edk\u016f pro dal\u0161\u00ed \u010dinnost Klubu NAMOLO! o.s. P\u0159\u00edtomn\u00ed \u010dlenov\u00e9 se usnesli, \u017ee finan\u010dn\u00ed prost\u0159edky budou vyu\u017eity n\u00e1sledovn\u011b:<\/p>\n<ul>\n<li>n\u00e1kup materi\u00e1lu pro lep\u0161\u00ed vybaven\u00ed prost\u0159edky, kter\u00e9 slou\u017e\u00ed pro stavbu sout\u011b\u017en\u00edch trat\u00ed<\/li>\n<li>n\u00e1kup materi\u00e1lu pro vybaven\u00ed rozhod\u010d\u00edch<\/li>\n<li>n\u00e1kup drobn\u00fdch cen pro sout\u011b\u017e\u00edc\u00ed<\/li>\n<li>postaven\u00ed <strong>nov\u00e9ho vleku<\/strong>, kter\u00fd postav\u00ed pro <a title=\"Klub NAMOLO!\" href=\"https:\/\/www.tugtowing.cz\/?page_id=52\">Klub NAMOLO!<\/a> &nbsp;Klub<strong> TF323 P\u0159\u00edbram<\/strong>.<\/li>\n<\/ul>\n<p><strong>Dal\u0161\u00edm bodem<\/strong> jedn\u00e1n\u00ed byl v\u00fdb\u011br m\u00edst, kde se uskute\u010dn\u00ed jednotliv\u00e1 sout\u011b\u017en\u00ed setk\u00e1n\u00ed v roce 2013. P\u0159\u00edtomn\u00ed \u010dlenov\u00e9 byli vyzv\u00e1ni, aby svoje n\u00e1vrhy zaslali na adresu: <em>tugtowing@seznam.cz<\/em><\/p>\n<p>Prob\u011bhla obecn\u00e1 diskuse zam\u011b\u0159en\u00e1 na organizaci a po\u0159\u00e1d\u00e1n\u00ed sout\u011b\u017en\u00edch setk\u00e1n\u00ed a dal\u0161\u00ed \u010dinnost ob\u010dansk\u00e9ho sdru\u017een\u00ed, kter\u00e9 se \u00fa\u010dastnili v\u0161ichni p\u0159\u00edtomn\u00ed \u010dlenov\u00e9 klubu a dal\u0161\u00ed sout\u011b\u017e\u00edc\u00ed.<\/p>\n<p><strong>\u010clensk\u00e1 sch\u016fze<\/strong> byla <strong>ukon\u010dena<\/strong> ve <strong>22:30<\/strong> hodin.<\/p>\n<p>P\u0159\u00edtomn\u00ed \u010dlenov\u00e9:<\/p>\n<p>Ing. Robert Jurka<br \/>\nJaroslav Jungman<br \/>\nJaroslav Va\u0161keba<br \/>\nMarek Sobaniec<br \/>\nMarek Sobaniec ml.<br \/>\nRoman Tyll<br \/>\nMichal Hermann<br \/>\nMonika Va\u0161kebov\u00e1<\/p>\n<p>Z\u00e1pis provedl dne 15.9.2012 v ATC Panist\u00e1vka<br \/>\nJaroslav Va\u0161keba<\/p>\n","protected":false},"excerpt":{"rendered":"<p>Z\u00e1pis z \u010dlensk\u00e9 sch\u016fze Klubu NAMOLO! o.s. Na z\u00e1klad\u011b schv\u00e1len\u00fdch stanov ob\u010dansk\u00e9ho sdru\u017een\u00ed Klub NAMOLO! o.s.&nbsp; byla na 15.z\u00e1\u0159\u00ed 2012 svol\u00e1na druh\u00e1, \u010dlensk\u00e1 sch\u016fze, kter\u00e1 se konala od 20.00 v ATC Panist\u00e1vka \u2013 \u017dirovnice. Prvn\u00edm bodem jedn\u00e1n\u00ed byla zpr\u00e1va o \u010dinnosti a ekonomick\u00e9 situaci Klubu NAMOLO! o.s. Klub NAMOLO! o.s. disponuje \u010d\u00e1stkou 17.197,- K\u010d. (p\u0159ednesla [&hellip;]<\/p>\n","protected":false},"author":2,"featured_media":0,"parent":52,"menu_order":7,"comment_status":"closed","ping_status":"closed","template":"","meta":{"footnotes":""},"class_list":["post-2907","page","type-page","status-publish","hentry"],"_links":{"self":[{"href":"https:\/\/www.tugtowing.cz\/index.php?rest_route=\/wp\/v2\/pages\/2907","targetHints":{"allow":["GET"]}}],"collection":[{"href":"https:\/\/www.tugtowing.cz\/index.php?rest_route=\/wp\/v2\/pages"}],"about":[{"href":"https:\/\/www.tugtowing.cz\/index.php?rest_route=\/wp\/v2\/types\/page"}],"author":[{"embeddable":true,"href":"https:\/\/www.tugtowing.cz\/index.php?rest_route=\/wp\/v2\/users\/2"}],"replies":[{"embeddable":true,"href":"https:\/\/www.tugtowing.cz\/index.php?rest_route=%2Fwp%2Fv2%2Fcomments&post=2907"}],"version-history":[{"count":1,"href":"https:\/\/www.tugtowing.cz\/index.php?rest_route=\/wp\/v2\/pages\/2907\/revisions"}],"predecessor-version":[{"id":10822,"href":"https:\/\/www.tugtowing.cz\/index.php?rest_route=\/wp\/v2\/pages\/2907\/revisions\/10822"}],"up":[{"embeddable":true,"href":"https:\/\/www.tugtowing.cz\/index.php?rest_route=\/wp\/v2\/pages\/52"}],"wp:attachment":[{"href":"https:\/\/www.tugtowing.cz\/index.php?rest_route=%2Fwp%2Fv2%2Fmedia&parent=2907"}],"curies":[{"name":"wp","href":"https:\/\/api.w.org\/{rel}","templated":true}]}}