{"id":2912,"date":"2012-10-27T19:37:36","date_gmt":"2012-10-27T18:37:36","guid":{"rendered":"http:\/\/www.tugtowing.cz\/?page_id=2912"},"modified":"2023-01-29T17:11:15","modified_gmt":"2023-01-29T16:11:15","slug":"vyuctovani-roku-2012","status":"publish","type":"page","link":"https:\/\/www.tugtowing.cz\/?page_id=2912","title":{"rendered":"Vy\u00fa\u010dtov\u00e1n\u00ed roku 2012"},"content":{"rendered":"<div>Klub NAMOLO o.s. kon\u010d\u00ed rok <strong>2012<\/strong> se ztr\u00e1tou <strong><span style=\"color: #ff0000;\">2 531,57<\/span> K\u010d<\/strong>.<\/div>\n<div><strong>P\u0159\u00edjmy<\/strong> byly <strong>25 103,43<\/strong>&nbsp; K\u010d.<\/div>\n<div><strong>V\u00fddaje<\/strong> (\u00fa\u010dtovan\u00e9) <strong>27 635,-<\/strong> K\u010d.<\/div>\n<div><strong>Pokladna<\/strong> m\u00e1 kone\u010dn\u00fd z\u016fstatek k 31.12.2012:<strong><span style=\"color: #000000;\"> 1472,<\/span>&#8211;<\/strong> K\u010d.<\/div>\n<div>Bankovn\u00ed \u00fa\u010det <strong>Komer\u010dn\u00ed banka<\/strong> m\u00e1 kone\u010dn\u00fd z\u016fstatek: <strong>241,13<\/strong> K\u010d<br \/>\nBankovn\u00ed \u00fa\u010det <strong>Air bank<\/strong> m\u00e1 kone\u010dn\u00fd z\u016fstatek: <strong>16300,- <\/strong>K\u010d<\/div>\n<div>V roce <strong>2012<\/strong> byly \u00fa\u010detn\u011b tyto akce.<\/div>\n<div><strong>Most:<\/strong><\/div>\n<div>n\u00e1klady: 11 982,-<\/div>\n<div>vybr\u00e1no: 4 100,-<\/div>\n<div>ztr\u00e1ta: 7 882,-<\/div>\n<div><strong>Protivanov:<\/strong><\/div>\n<div>n\u00e1klady: 1 182,-<\/div>\n<div>vybr\u00e1no: 2 850,-<\/div>\n<div>zisk : 968,-<\/div>\n<div><strong>Buchlovice:<\/strong><\/div>\n<div>n\u00e1klady: 1 031,-<\/div>\n<div>vybr\u00e1no: 2 950,-<\/div>\n<div>zisk : 1 919,-<\/div>\n<div><strong>Panist\u00e1vka<\/strong><\/div>\n<div>n\u00e1klady: 6 051,-<\/div>\n<div>vybr\u00e1no: 2 800,-<\/div>\n<div>ztr\u00e1ta: 3 251,-<\/div>\n<p>Bez \u010dlensk\u00fdch p\u0159\u00edsp\u011bvk\u016f: ztr\u00e1ta 8 246,-<\/p>\n<div>P\u0159\u00edsp\u011bvky: 11 200,-<\/div>\n<div>&nbsp;<\/div>\n<div>V roce<strong> 2013<\/strong> o\u010dek\u00e1v\u00e1me po zaplacen\u00ed \u010dlensk\u00fdch p\u0159\u00edsp\u011bvk\u016f 11 000,-K\u010d n\u00e1r\u016fst na bankovn\u00ed \u00fa\u010det \u2013 1200,-K\u010d (bankovn\u00ed poplatky).<\/div>\n<div>&nbsp;<\/div>\n<div><strong>Nejbli\u017e\u0161\u00ed p\u0159edpokl\u00e1dan\u00e9 n\u00e1klady:<\/strong><\/div>\n<ul>\n<li>V \u00fanoru budeme platit baz\u00e9n v Most\u011b, v lo\u0148sk\u00e9m roce to bylo 7 000,- K\u010d. O\u010dek\u00e1v\u00e1me v\u00fdb\u011br na startovn\u00e9m 3000,- K\u010d (pron\u00e1jem baz\u00e9nu budeme dopl\u00e1cet z klubov\u00fdch zdroj\u016f).<\/li>\n<li>N\u00e1kup materi\u00e1lu na stavbu nov\u00e9ho vleku pro tug towing cca 3 000,- K\u010d.<\/li>\n<li>N\u00e1kup cen pro v\u00edt\u011bze v jednotliv\u00fdch kategori\u00edch cca 3 000,- K\u010d.<\/li>\n<\/ul>\n<p><img decoding=\"async\" class=\"ngg-singlepic ngg-none\" src=\"https:\/\/www.tugtowing.cz\/wp-content\/uploads\/icons\/icopdf.gif\" alt=\"icopdf\"> Dokument: <a title=\"P\u0159\u00edjmy a v\u00fddaje dle p\u0159edkontace\" href=\"https:\/\/www.tugtowing.cz\/doc\/KlubNAMOLO\/KlubNAMOLO-Prijmy-vydaje-predkontace_2012.rar\">P\u0159\u00edjmy a v\u00fddaje dle p\u0159edkontace 2012<\/a><\/p>\n<div>Zpr\u00e1vu dne 24.9.2012 sestavila Monika Va\u0161kebov\u00e1<br \/>\nZpr\u00e1va aktualizov\u00e1na dne: 19.1.2013<\/div>\n","protected":false},"excerpt":{"rendered":"<p>Klub NAMOLO o.s. kon\u010d\u00ed rok 2012 se ztr\u00e1tou 2 531,57 K\u010d. P\u0159\u00edjmy byly 25 103,43&nbsp; K\u010d. V\u00fddaje (\u00fa\u010dtovan\u00e9) 27 635,- K\u010d. Pokladna m\u00e1 kone\u010dn\u00fd z\u016fstatek k 31.12.2012: 1472,&#8211; K\u010d. Bankovn\u00ed \u00fa\u010det Komer\u010dn\u00ed banka m\u00e1 kone\u010dn\u00fd z\u016fstatek: 241,13 K\u010d Bankovn\u00ed \u00fa\u010det Air bank m\u00e1 kone\u010dn\u00fd z\u016fstatek: 16300,- K\u010d V roce 2012 byly \u00fa\u010detn\u011b tyto akce. Most: [&hellip;]<\/p>\n","protected":false},"author":2,"featured_media":0,"parent":52,"menu_order":52,"comment_status":"closed","ping_status":"closed","template":"","meta":{"footnotes":""},"class_list":["post-2912","page","type-page","status-publish","hentry"],"_links":{"self":[{"href":"https:\/\/www.tugtowing.cz\/index.php?rest_route=\/wp\/v2\/pages\/2912","targetHints":{"allow":["GET"]}}],"collection":[{"href":"https:\/\/www.tugtowing.cz\/index.php?rest_route=\/wp\/v2\/pages"}],"about":[{"href":"https:\/\/www.tugtowing.cz\/index.php?rest_route=\/wp\/v2\/types\/page"}],"author":[{"embeddable":true,"href":"https:\/\/www.tugtowing.cz\/index.php?rest_route=\/wp\/v2\/users\/2"}],"replies":[{"embeddable":true,"href":"https:\/\/www.tugtowing.cz\/index.php?rest_route=%2Fwp%2Fv2%2Fcomments&post=2912"}],"version-history":[{"count":1,"href":"https:\/\/www.tugtowing.cz\/index.php?rest_route=\/wp\/v2\/pages\/2912\/revisions"}],"predecessor-version":[{"id":10842,"href":"https:\/\/www.tugtowing.cz\/index.php?rest_route=\/wp\/v2\/pages\/2912\/revisions\/10842"}],"up":[{"embeddable":true,"href":"https:\/\/www.tugtowing.cz\/index.php?rest_route=\/wp\/v2\/pages\/52"}],"wp:attachment":[{"href":"https:\/\/www.tugtowing.cz\/index.php?rest_route=%2Fwp%2Fv2%2Fmedia&parent=2912"}],"curies":[{"name":"wp","href":"https:\/\/api.w.org\/{rel}","templated":true}]}}