{"id":3033,"date":"2012-12-14T13:14:43","date_gmt":"2012-12-14T12:14:43","guid":{"rendered":"http:\/\/www.tugtowing.cz\/?page_id=3033"},"modified":"2013-10-09T20:42:16","modified_gmt":"2013-10-09T19:42:16","slug":"tug-towing-cup-2013","status":"publish","type":"page","link":"https:\/\/www.tugtowing.cz\/?page_id=3033","title":{"rendered":"Tug Towing Cup 2013"},"content":{"rendered":"<p><img loading=\"lazy\" decoding=\"async\" class=\"ngg-singlepic ngg-left alignleft\" alt=\"logottc2013\" src=\"https:\/\/www.tugtowing.cz\/wp-content\/uploads\/loga\/logottc2013.png\" width=\"120\" height=\"120\" \/>Tug Towing Cup je seri\u00e1l vybran\u00fdch sout\u011b\u017en\u00edch setk\u00e1n\u00ed v tug towingu. V\u00fdsledky t\u011bchto sout\u011b\u017en\u00edch setk\u00e1n\u00ed se zapo\u010d\u00edt\u00e1vaj\u00ed do tzv.<em> &#8222;poh\u00e1ru&#8220;<\/em>. T\u00fdm, kter\u00fd z t\u011bchto sout\u011b\u017e\u00ed z\u00edsk\u00e1 nejv\u00edce bod\u016f, z\u00edsk\u00e1v\u00e1 presti\u017en\u00ed titul <strong>&#8222;\u0161ampiona v Tug Towingu&#8220;<\/strong> a putovn\u00ed poh\u00e1r.<\/p>\n<p>&nbsp;<\/p>\n<p>&nbsp;<\/p>\n<p>&nbsp;<\/p>\n<p style=\"text-align: center;\"><strong>V\u00ddSLEDKY<\/strong><\/p>\n<p style=\"text-align: center;\">Kategorie: <strong>tla\u010dn\u00e9 remork\u00e9ry &#8211; jedno\u0161roub\u00e9<\/strong><\/p>\n<p style=\"text-align: center;\">Celkov\u00fdm v\u00edt\u011bzem t\u00e9to kategorie se stal t\u00fdm<\/p>\n<p style=\"text-align: center;\"><img loading=\"lazy\" decoding=\"async\" alt=\"poharobrazek\" src=\"https:\/\/www.tugtowing.cz\/wp-content\/uploads\/default\/poharobrazek.jpg\" width=\"73\" height=\"91\" \/><\/p>\n<p style=\"text-align: center;\"><strong>TF323 tla\u010dn\u00e1<\/strong><\/p>\n<p style=\"text-align: center;\">remork\u00e9r: \u010cerven\u00fd trpasl\u00edk<br \/>\nkapit\u00e1n: <strong>Lud\u011bk Rais<\/strong><\/p>\n<p style=\"text-align: center;\">2. m\u00edsto: t\u00fdm Tla\u010dmen<br \/>\n3.m\u00edsto: t\u00fdm S\u00f3lo<\/p>\n<p style=\"text-align: center;\">Kategorie: <strong>tla\u010dn\u00e9 remork\u00e9ry -v\u00edce\u0161roub\u00e9<\/strong><\/p>\n<p style=\"text-align: center;\">Celkov\u00fdm v\u00edt\u011bzem t\u00e9to kategorie se stal t\u00fdm<\/p>\n<p style=\"text-align: center;\"><img loading=\"lazy\" decoding=\"async\" alt=\"poharobrazek\" src=\"https:\/\/www.tugtowing.cz\/wp-content\/uploads\/default\/poharobrazek.jpg\" width=\"73\" height=\"91\" \/><\/p>\n<p style=\"text-align: center;\"><strong>\u010cSPLO II<br \/>\n<\/strong><\/p>\n<p style=\"text-align: center;\">remork\u00e9r: TR-8<br \/>\nkapit\u00e1n: <strong>Robert Jurka<br \/>\n<\/strong><\/p>\n<p style=\"text-align: center;\">2.m\u00edsto: t\u00fdm JaPaDo<br \/>\n3.m\u00edsto: t\u00fdm Bublina<\/p>\n<p style=\"text-align: center;\">Kategorie: <strong>lehk\u00fd tug towing<\/strong><\/p>\n<p style=\"text-align: center;\">Celkov\u00fdm v\u00edt\u011bzem t\u00e9to kategorie se stal t\u00fdm<\/p>\n<p style=\"text-align: center;\"><img loading=\"lazy\" decoding=\"async\" alt=\"poharobrazek\" src=\"https:\/\/www.tugtowing.cz\/wp-content\/uploads\/default\/poharobrazek.jpg\" width=\"73\" height=\"91\" \/><\/p>\n<p style=\"text-align: center;\"><strong>LoVe lite<\/strong><\/p>\n<p style=\"text-align: center;\">remork\u00e9ry: Abeille Flandre, B2<br \/>\nkapit\u00e1ni:<strong> Ji\u0159\u00ed Loren\u010d\u00edk (Godrik)<\/strong>, <strong>Marek Sobaniec (MSOB)<\/strong><\/p>\n<p style=\"text-align: center;\">2.m\u00edsto: t\u00fdm B\u00e9\u010dka<br \/>\n3.m\u00edsto: t\u00fdm F\u00f3gli<\/p>\n<p style=\"text-align: center;\">Kategorie: <strong>t\u011b\u017ek\u00fd tug towing<\/strong><\/p>\n<p style=\"text-align: center;\">Celkov\u00fdm v\u00edt\u011bzem t\u00e9to kategorie se stal t\u00fdm<\/p>\n<p style=\"text-align: center;\"><img loading=\"lazy\" decoding=\"async\" alt=\"poharobrazek\" src=\"https:\/\/www.tugtowing.cz\/wp-content\/uploads\/default\/poharobrazek.jpg\" width=\"73\" height=\"91\" \/><\/p>\n<p style=\"text-align: center;\"><strong>Parat<\/strong><\/p>\n<p style=\"text-align: center;\">remork\u00e9ry: Sysifos, Parat<br \/>\nkapit\u00e1ni: <strong>Lud\u011bk Rais<\/strong>, <strong>Milan Bure\u0161<\/strong><\/p>\n<p style=\"text-align: center;\">2.m\u00edsto: t\u00fdm TF323<br \/>\n3.m\u00edsto: LoVe<\/p>\n<h3 style=\"text-align: center;\">V\u0161em v\u00edt\u011bz\u016fm srde\u010dn\u011b blahop\u0159ejeme!<\/h3>\n<p>Titul a poh\u00e1r se ud\u011bluje za kategorie:<\/p>\n<ul>\n<li>lehk\u00fd tug towing<\/li>\n<li>t\u011b\u017ek\u00fd tug towing<\/li>\n<li>tla\u010dn\u00e9 remork\u00e9ry jedno\u0161roub\u00e9<\/li>\n<li>tla\u010dn\u00e9 remork\u00e9ry dvou\u0161roub\u00e9<\/li>\n<\/ul>\n<p><a title=\"Pravidla TTC 2013\" href=\"https:\/\/www.tugtowing.cz\/?page_id=3022\">Pravidla TTC 2013<\/a><\/p>\n<p><img decoding=\"async\" class=\"ngg-singlepic ngg-none\" alt=\"logottc2013\" src=\"https:\/\/www.tugtowing.cz\/wp-content\/uploads\/loga\/logottc2013.png\" \/><\/p>\n<p>Logo Tug Towing Cup 2013<\/p>\n<p>&nbsp;<\/p>\n<p><strong>Sout\u011b\u017en\u00ed setk\u00e1n\u00ed zapo\u010d\u00edt\u00e1van\u00e1 do poh\u00e1ru<\/strong><\/p>\n<p>23.02.2013 \u2013 24.02.2013 \u2013 <a title=\"Zimn\u00ed TT v Most\u011b 2013\" href=\"https:\/\/www.tugtowing.cz\/?page_id=3195\">Zimn\u00ed Tug Towing<\/a>, Most (term\u00edn potvrzen)<br \/>\n17.05.2013 \u2013 19.05.2013 \u2013<a title=\"V\u00edkend s Tug Towingem 2013\" href=\"https:\/\/www.tugtowing.cz\/?page_id=3392\"> V\u00edkend s Tug Towingem<\/a>, Jind\u0159ich\u016fv Hradec \u00a0 (m\u00edsto, term\u00edn a ubytov\u00e1n\u00ed potvrzeno)<br \/>\n14.06.2013 \u2013 16.06.2013 \u2013 <a title=\"Protivanov\" href=\"https:\/\/www.tugtowing.cz\/?page_id=3521\">Tug Towing v Protivanov\u011b<\/a>, Protivanov (term\u00edn a ubytov\u00e1n\u00ed potvrzeno)<br \/>\n13.09.2013 \u2013 15.09.2013 \u2013<a title=\"O soudek Panist\u00e1vky\" href=\"https:\/\/www.tugtowing.cz\/?page_id=3521\"> O soudek Panist\u00e1vky<\/a>, \u017dirovnice (term\u00edn a ubytov\u00e1n\u00ed potvrzeno)<\/p>\n<p>[nggallery id=13]<\/p>\n<p>&nbsp;<\/p>\n","protected":false},"excerpt":{"rendered":"<p>Tug Towing Cup je seri\u00e1l vybran\u00fdch sout\u011b\u017en\u00edch setk\u00e1n\u00ed v tug towingu. V\u00fdsledky t\u011bchto sout\u011b\u017en\u00edch setk\u00e1n\u00ed se zapo\u010d\u00edt\u00e1vaj\u00ed do tzv. &#8222;poh\u00e1ru&#8220;. T\u00fdm, kter\u00fd z t\u011bchto sout\u011b\u017e\u00ed z\u00edsk\u00e1 nejv\u00edce bod\u016f, z\u00edsk\u00e1v\u00e1 presti\u017en\u00ed titul &#8222;\u0161ampiona v Tug Towingu&#8220; a putovn\u00ed poh\u00e1r. &nbsp; &nbsp; &nbsp; V\u00ddSLEDKY Kategorie: tla\u010dn\u00e9 remork\u00e9ry &#8211; jedno\u0161roub\u00e9 Celkov\u00fdm v\u00edt\u011bzem t\u00e9to kategorie se stal t\u00fdm TF323 [&hellip;]<\/p>\n","protected":false},"author":2,"featured_media":0,"parent":2,"menu_order":13,"comment_status":"open","ping_status":"closed","template":"","meta":{"footnotes":""},"class_list":["post-3033","page","type-page","status-publish","hentry"],"_links":{"self":[{"href":"https:\/\/www.tugtowing.cz\/index.php?rest_route=\/wp\/v2\/pages\/3033","targetHints":{"allow":["GET"]}}],"collection":[{"href":"https:\/\/www.tugtowing.cz\/index.php?rest_route=\/wp\/v2\/pages"}],"about":[{"href":"https:\/\/www.tugtowing.cz\/index.php?rest_route=\/wp\/v2\/types\/page"}],"author":[{"embeddable":true,"href":"https:\/\/www.tugtowing.cz\/index.php?rest_route=\/wp\/v2\/users\/2"}],"replies":[{"embeddable":true,"href":"https:\/\/www.tugtowing.cz\/index.php?rest_route=%2Fwp%2Fv2%2Fcomments&post=3033"}],"version-history":[{"count":0,"href":"https:\/\/www.tugtowing.cz\/index.php?rest_route=\/wp\/v2\/pages\/3033\/revisions"}],"up":[{"embeddable":true,"href":"https:\/\/www.tugtowing.cz\/index.php?rest_route=\/wp\/v2\/pages\/2"}],"wp:attachment":[{"href":"https:\/\/www.tugtowing.cz\/index.php?rest_route=%2Fwp%2Fv2%2Fmedia&parent=3033"}],"curies":[{"name":"wp","href":"https:\/\/api.w.org\/{rel}","templated":true}]}}