{"id":31,"date":"2010-10-18T14:43:49","date_gmt":"2010-10-18T13:43:49","guid":{"rendered":"http:\/\/www.tugtowing.cz\/?page_id=31"},"modified":"2014-10-20T13:46:21","modified_gmt":"2014-10-20T12:46:21","slug":"kapitani","status":"publish","type":"page","link":"https:\/\/www.tugtowing.cz\/?page_id=31","title":{"rendered":"Kapit\u00e1ni"},"content":{"rendered":"<p><a class=\"shutterset_\" title=\"kapit\u00e1nsk\u00e1 \u010depice s v\u00fdlo\u017ekami\" href=\"https:\/\/www.tugtowing.cz\/wp-content\/uploads\/default\/kapitani.jpg\" data-image-id=\"248\"><img loading=\"lazy\" decoding=\"async\" class=\"ngg-singlepic ngg-left alignleft\" alt=\"kapitani\" src=\"https:\/\/www.tugtowing.cz\/wp-content\/uploads\/default\/thumbs\/thumbs_kapitani.jpg\" width=\"100\" height=\"75\" \/><\/a>Kompletn\u00ed p\u0159ehled v\u0161ech kapit\u00e1n\u016f remork\u00e9r\u016f, kte\u0159\u00ed se \u00fa\u010dastnily sout\u011b\u017en\u00edch setk\u00e1n\u00ed. Tato str\u00e1nka bude postupn\u011b dopl\u0148ov\u00e1na o podrobn\u011bj\u0161\u00ed profily kapit\u00e1n\u016f, prozat\u00edm obsahuje pouze abecedn\u00ed seznam kapit\u00e1n\u016f a odkaz na p\u0159ehledovou tabulku \u00fa\u010dasti kapit\u00e1n\u016f v jednotliv\u00fdch t\u00fdmech.<\/p>\n<p><strong>P\u0159ehled<\/strong><\/p>\n<p>v\u0161ech kapit\u00e1n\u016f, kte\u0159\u00ed se tug towingu \u00fa\u010dastnily a ve kter\u00fdch t\u00fdmech startovali.<br \/>\nV lev\u00e9m sloupci tabulky je abecedn\u00ed seznam v\u0161ech kapit\u00e1n\u016f (nen\u00ed my\u0161leno jako kapit\u00e1n t\u00fdmu\/dru\u017estva), ale jako kapit\u00e1n remork\u00e9ru. V horn\u00edm \u0159\u00e1dku je abecedn\u00ed seznam t\u00fdm\u016f a kategori\u00ed. Pokud kapit\u00e1n v n\u011bkter\u00e9m t\u00fdmu startoval jako st\u00e1l\u00fd \u010dlen, m\u00e1 v p\u0159\u00edslu\u0161n\u00e9m pol\u00ed\u010dku uvedeno p\u00edsmeno <em>&#8222;K&#8220;<\/em>. Pokud v t\u00fdmu hostoval za st\u00e1l\u00e9ho \u010dlena, m\u00e1 v p\u0159\u00edslu\u0161n\u00e9m pol\u00ed\u010dku uvedeno p\u00edsmneo <em>&#8222;H&#8220;<\/em>.<\/p>\n<p><img decoding=\"async\" class=\"ngg-singlepic ngg-left\" alt=\"icoexcel\" src=\"https:\/\/www.tugtowing.cz\/wp-content\/uploads\/icons\/icoexcel.gif\" \/> <a title=\"Seznam kapit\u00e1n\u016f a jejich starty v t\u00fdmech\" href=\"doc\/Tabulky\/KapitaniTymy1.xls\" target=\"_blank\">St\u00e1hn\u011btete si dokument<\/a>\u00a0(aktualizov\u00e1n do roku 2011)<\/p>\n<p><strong>ABECEDN\u00cd SEZNAM KAPIT\u00c1N\u016e<br \/>\nposledn\u00ed aktualizace: 20.10.2014<\/strong><\/p>\n<p><strong>B<\/strong><br \/>\nBart\u00e1k Karel<br \/>\nBure\u0161 Milan [33]<br \/>\nBurget Pavel [31]<br \/>\n<strong>C &#8211; \u010c<\/strong><br \/>\n\u010c\u00e1slavsk\u00fd Franti\u0161ek [22]<br \/>\n\u010c\u00e1slavsk\u00fd Tom\u00e1\u0161 [??]<br \/>\n\u010cerven\u00fd Ivan [20]<br \/>\n\u010cerven\u00fd Petr<br \/>\n\u010cerven\u00fd Pavel [21]<br \/>\n\u010cerv\u00ed\u010dek Jan [23]<br \/>\n\u010c\u00ed\u017eek Luk\u00e1\u0161 (\u0160\u00edlen\u00fd model\u00e1\u0159)<br \/>\n<strong> D<\/strong><br \/>\nDole\u010dek Jaroslav [45]<br \/>\nDolej\u0161ek Jan [29]<br \/>\nDou\u0161a Ladislav (ladous) [30]<br \/>\nDvo\u0159\u00e1k Pavel (Kejml)<br \/>\n<strong> F<\/strong><br \/>\nFil Tom\u00e1\u0161 [11]<br \/>\nFojt\u00edk Ond\u0159ej<br \/>\nFojt\u00edk Zdenek<br \/>\n<strong> H<\/strong><br \/>\nHam\u0159\u00edk Petr (P\u00ed\u010fa)<br \/>\nHanu\u0161ka Ladislav<br \/>\nHerman Michal (Liberk) [40]<br \/>\nHo\u0159ej\u0161\u00ed Ivan<\/p>\n<p>Hrom\u00e1dka Drahom\u00edr (Dada)<br \/>\nH\u00fdbek Petr [42]<strong><br \/>\nJ<\/strong><br \/>\nJel\u00ednek Jan [36]<br \/>\nJel\u00ednek Michal<br \/>\nJel\u00ednek Tom\u00e1\u0161 [??]<br \/>\nJel\u00ednek V\u00edt [37]<br \/>\nJungman Jaroslav [26]<br \/>\nJurka Robert [27]<br \/>\n<strong> K<\/strong><br \/>\nKarolus Juraj [43]<br \/>\nKo\u010d\u00ed Tom\u00e1\u0161<br \/>\nKohout Ladislav (Kato) [25]<br \/>\nKrej\u010d\u00ed V\u00ed\u0165a<br \/>\nK\u0159en Otakar [28]<br \/>\nK\u0159\u00edtek Zden\u011bk<br \/>\n<strong> L<\/strong><br \/>\nLetovanec Juraj<br \/>\nLoren\u010d\u00edk Ji\u0159\u00ed (Godrik) [9]<br \/>\nLuke\u0161 Petr (Bambinot) [??]<br \/>\nLuke\u0161 Jakub [??]<br \/>\n<strong> M<\/strong><br \/>\nMallat Jaroslav (Jaroj) [32]<br \/>\nMare\u010dek Luk\u00e1\u0161<br \/>\nMikulka Peter<br \/>\nMilet\u00edn Miroslav (Temel\u00edn)<br \/>\nMlejnek Ji\u0159\u00ed (Jambo)<br \/>\nMorovi\u010d Viktor<br \/>\nMr\u00e1z Libor (Mraz\u00edk)<br \/>\nMr\u00e1z Lubo\u0161<br \/>\n<strong> N<\/strong><br \/>\nNeubauer Michal (Nojby) [3]<br \/>\nN\u011bmec Eduard [35]<br \/>\nNov\u00e1k Radek [38]<br \/>\n<strong>P<\/strong><br \/>\nPle\u0161ek Tom\u00e1\u0161 (Bobo)<br \/>\nPlodek Vladim\u00edr [50]<br \/>\nPlodek Martin [51]<br \/>\nPodhorn\u00fd Martin<br \/>\nPodhorn\u00fd Peter (PeterP)<br \/>\nPodrazil Jon\u00e1\u0161 [41A]<br \/>\nPodrazi Milan (Nalim) [40A]<br \/>\nPol\u00e1k Michal (NuClear)<br \/>\nPompo\u0161 Alexander (Nex) [4]<br \/>\n<strong> R &#8211; \u0158<\/strong><br \/>\nRais Lud\u011bk [17]<br \/>\nRiglevicz Milan [??]<br \/>\n\u0158eh\u016f\u0159ek Martin (Mak) [15]<br \/>\n<strong> S &#8211; \u0160<\/strong><br \/>\nSedl\u00e1\u010dek Milan [14]<br \/>\nSchmidt Robert<br \/>\nSchmidt David<br \/>\nSlav\u00edk Ond\u0159ej [24]<br \/>\nSobaniec Marek (Msob) [8]<br \/>\nSobaniec Marek ml. (Maro\u0161) [16]<br \/>\nStan\u011bk Petr (\u0160nek) [44]<br \/>\nStehl\u00edk Luk\u00e1\u0161<br \/>\nStejskal Milan [12]<br \/>\nSz\u00e1raz Juraj<br \/>\nSz\u00e1raz Viktor<br \/>\n\u0160ablatura Petr (Cab)<br \/>\n\u0160ablatura Jakub<br \/>\n\u0160anda Radek [19]<br \/>\n\u0160mol\u00edk Jan<br \/>\n\u0160\u0165astn\u00fd Pavel<br \/>\n\u0160vehla Miroslav<br \/>\n<strong> T<\/strong><br \/>\nTenzer Andrej (Ante) [5]<br \/>\nTyll Roman (RomanT) [6]<br \/>\nTyll Marek [10]<br \/>\n<strong>V<\/strong><br \/>\nVa\u0161\u00ed\u010dek Ji\u0159\u00ed [34]<br \/>\nVa\u0161\u00ed\u010dek Karel [39]<br \/>\nVa\u0161keba Jaroslav (Keba) [1]<br \/>\nVesel\u00fd David [41]<br \/>\nVesel\u00fd P\u0159emysl (P\u0159ema) [18]<br \/>\nVina\u0159 Lubo\u0161<br \/>\nVor\u00e1\u010dek Ji\u0159\u00ed<br \/>\nVotava Michal (Ivvo) [2]<br \/>\nVym\u011btal V\u00edt (Severan)<\/p>\n","protected":false},"excerpt":{"rendered":"<p>Kompletn\u00ed p\u0159ehled v\u0161ech kapit\u00e1n\u016f remork\u00e9r\u016f, kte\u0159\u00ed se \u00fa\u010dastnily sout\u011b\u017en\u00edch setk\u00e1n\u00ed. Tato str\u00e1nka bude postupn\u011b dopl\u0148ov\u00e1na o podrobn\u011bj\u0161\u00ed profily kapit\u00e1n\u016f, prozat\u00edm obsahuje pouze abecedn\u00ed seznam kapit\u00e1n\u016f a odkaz na p\u0159ehledovou tabulku \u00fa\u010dasti kapit\u00e1n\u016f v jednotliv\u00fdch t\u00fdmech. P\u0159ehled v\u0161ech kapit\u00e1n\u016f, kte\u0159\u00ed se tug towingu \u00fa\u010dastnily a ve kter\u00fdch t\u00fdmech startovali. V lev\u00e9m sloupci tabulky je abecedn\u00ed seznam [&hellip;]<\/p>\n","protected":false},"author":1,"featured_media":0,"parent":29,"menu_order":0,"comment_status":"open","ping_status":"closed","template":"","meta":{"footnotes":""},"class_list":["post-31","page","type-page","status-publish","hentry"],"_links":{"self":[{"href":"https:\/\/www.tugtowing.cz\/index.php?rest_route=\/wp\/v2\/pages\/31","targetHints":{"allow":["GET"]}}],"collection":[{"href":"https:\/\/www.tugtowing.cz\/index.php?rest_route=\/wp\/v2\/pages"}],"about":[{"href":"https:\/\/www.tugtowing.cz\/index.php?rest_route=\/wp\/v2\/types\/page"}],"author":[{"embeddable":true,"href":"https:\/\/www.tugtowing.cz\/index.php?rest_route=\/wp\/v2\/users\/1"}],"replies":[{"embeddable":true,"href":"https:\/\/www.tugtowing.cz\/index.php?rest_route=%2Fwp%2Fv2%2Fcomments&post=31"}],"version-history":[{"count":0,"href":"https:\/\/www.tugtowing.cz\/index.php?rest_route=\/wp\/v2\/pages\/31\/revisions"}],"up":[{"embeddable":true,"href":"https:\/\/www.tugtowing.cz\/index.php?rest_route=\/wp\/v2\/pages\/29"}],"wp:attachment":[{"href":"https:\/\/www.tugtowing.cz\/index.php?rest_route=%2Fwp%2Fv2%2Fmedia&parent=31"}],"curies":[{"name":"wp","href":"https:\/\/api.w.org\/{rel}","templated":true}]}}