{"id":3195,"date":"2013-01-12T22:03:02","date_gmt":"2013-01-12T21:03:02","guid":{"rendered":"http:\/\/www.tugtowing.cz\/?page_id=3195"},"modified":"2013-04-04T21:19:51","modified_gmt":"2013-04-04T20:19:51","slug":"zimni-tug-towing-v-moste","status":"publish","type":"page","link":"https:\/\/www.tugtowing.cz\/?page_id=3195","title":{"rendered":"Zimn\u00ed Tug Towing v Most\u011b"},"content":{"rendered":"<p style=\"text-align: center;\"><img decoding=\"async\" class=\"ngg-singlepic ngg-center\" alt=\"bannmost2013\" src=\"https:\/\/www.tugtowing.cz\/wp-content\/uploads\/bannery\/bannmost2013.png\" \/><\/p>\n<p style=\"text-align: center;\"><a title=\"Zimn\u00ed Tug Towing v Most\u011b 2013\" href=\"https:\/\/www.tugtowing.cz\/?p=3188#more-3188\">Propozice<\/a><\/p>\n<p style=\"text-align: center;\"><a title=\"Pl\u00e1nky trat\u00ed\" href=\"https:\/\/www.tugtowing.cz\/?p=3313\">Pl\u00e1nky trat\u00ed<\/a><\/p>\n<p style=\"text-align: center;\"><a title=\"Anketa\" href=\"https:\/\/www.tugtowing.cz\/?p=3331\">Anketa<\/a><\/p>\n<p style=\"text-align: center;\"><a title=\"Report\u00e1\u017e\" href=\"https:\/\/www.tugtowing.cz\/?p=3341http:\/\/\">Report\u00e1\u017e<\/a><\/p>\n<p style=\"text-align: center;\"><a title=\"Fotogalerie\" href=\"https:\/\/www.tugtowing.cz\/?page_id=446#TT01\">Foto<\/a><\/p>\n<p style=\"text-align: center;\"><a title=\"Video\" href=\"https:\/\/www.tugtowing.cz\/?page_id=457#TT01\">Video<\/a><\/p>\n<p style=\"text-align: center;\"><a title=\"V\u00fdsledky 2013\" href=\"https:\/\/www.tugtowing.cz\/doc\/Tabulky\/TTC01-2013.htm\" target=\"_blank\">V\u00fdsledky<\/a><\/p>\n<p style=\"text-align: center;\">Z\u00e1pisy j\u00edzd <a title=\"z\u00e1pisy j\u00edzd LTT\" href=\"https:\/\/www.tugtowing.cz\/doc\/TTC2013\/TTC01-LTT.rar\" target=\"_blank\">LTT<\/a>, <a title=\"z\u00e1pisy j\u00edzd TTT\" href=\"https:\/\/www.tugtowing.cz\/doc\/TTC2013\/TTC01-TTT.rar\" target=\"_blank\">TTT<\/a>, <a title=\"z\u00e1pisy j\u00edzd TLR\" href=\"https:\/\/www.tugtowing.cz\/doc\/TTC2013\/TTC01-TLR.rar\" target=\"_blank\">TLR<\/a>, <a title=\"v\u00fdsledkov\u00e1 listina\" href=\"httphttps:\/\/www.tugtowing.cz\/doc\/TTC2013\/TTC01-1.rar\" target=\"_blank\">TTC01<\/a><\/p>\n","protected":false},"excerpt":{"rendered":"<p>Propozice Pl\u00e1nky trat\u00ed Anketa Report\u00e1\u017e Foto Video V\u00fdsledky Z\u00e1pisy j\u00edzd LTT, TTT, TLR, TTC01<\/p>\n","protected":false},"author":2,"featured_media":0,"parent":3033,"menu_order":2,"comment_status":"closed","ping_status":"closed","template":"","meta":{"footnotes":""},"class_list":["post-3195","page","type-page","status-publish","hentry"],"_links":{"self":[{"href":"https:\/\/www.tugtowing.cz\/index.php?rest_route=\/wp\/v2\/pages\/3195","targetHints":{"allow":["GET"]}}],"collection":[{"href":"https:\/\/www.tugtowing.cz\/index.php?rest_route=\/wp\/v2\/pages"}],"about":[{"href":"https:\/\/www.tugtowing.cz\/index.php?rest_route=\/wp\/v2\/types\/page"}],"author":[{"embeddable":true,"href":"https:\/\/www.tugtowing.cz\/index.php?rest_route=\/wp\/v2\/users\/2"}],"replies":[{"embeddable":true,"href":"https:\/\/www.tugtowing.cz\/index.php?rest_route=%2Fwp%2Fv2%2Fcomments&post=3195"}],"version-history":[{"count":0,"href":"https:\/\/www.tugtowing.cz\/index.php?rest_route=\/wp\/v2\/pages\/3195\/revisions"}],"up":[{"embeddable":true,"href":"https:\/\/www.tugtowing.cz\/index.php?rest_route=\/wp\/v2\/pages\/3033"}],"wp:attachment":[{"href":"https:\/\/www.tugtowing.cz\/index.php?rest_route=%2Fwp%2Fv2%2Fmedia&parent=3195"}],"curies":[{"name":"wp","href":"https:\/\/api.w.org\/{rel}","templated":true}]}}