{"id":326,"date":"2010-11-02T12:02:07","date_gmt":"2010-11-02T10:02:07","guid":{"rendered":"http:\/\/www.tugtowing.cz\/?page_id=326"},"modified":"2015-01-10T20:07:15","modified_gmt":"2015-01-10T19:07:15","slug":"tymove-znaky","status":"publish","type":"page","link":"https:\/\/www.tugtowing.cz\/?page_id=326","title":{"rendered":"T\u00fdmov\u00e9 znaky"},"content":{"rendered":"<p>T\u00fdmov\u00e9 znaky jsou &#8222;logem&#8220; sout\u011b\u017en\u00edho t\u00fdmu. T\u00fdmov\u00e9 znaky zde uveden\u00e9 mohou pou\u017e\u00edvat jen opr\u00e1vn\u011bn\u00ed kapit\u00e1ni, nebo s jejich souhlasem.<\/p>\n<p><strong>Last Minute<\/strong><br \/>\nKapit\u00e1ni, kte\u0159\u00ed maj\u00ed opr\u00e1vn\u011bn\u00ed pou\u017e\u00edvat tento znak:<br \/>\nAnte, Keba<\/p>\n<p><a class=\"shutterset_\" title=\"t\u00fdmov\u00fd znak Last Minute - sch\u00e9ma pozi\u010dn\u00ed sv\u011btla\" href=\"https:\/\/www.tugtowing.cz\/wp-content\/uploads\/tymove_znaky\/logolastminutesvetla.jpg\"><img decoding=\"async\" class=\"ngg-singlepic ngg-none\" alt=\"logolastminutesvetla\" src=\"https:\/\/www.tugtowing.cz\/wp-content\/uploads\/tymove_znaky\/thumbs\/thumbs_logolastminutesvetla.jpg\" \/><\/a> <a class=\"shutterset_\" title=\"t\u00fdmov\u00fd znak Last Minute - sch\u00e9ma trikolora\" href=\"https:\/\/www.tugtowing.cz\/wp-content\/uploads\/tymove_znaky\/lastminute-logo-trikolora.jpg\"><img decoding=\"async\" class=\"ngg-singlepic ngg-none\" alt=\"lastminute-logo-trikolora\" src=\"https:\/\/www.tugtowing.cz\/wp-content\/uploads\/tymove_znaky\/thumbs\/thumbs_lastminute-logo-trikolora.jpg\" \/><\/a><\/p>\n<p><strong>Nautilus<\/strong><br \/>\nKapit\u00e1ni, kte\u0159\u00ed maj\u00ed opr\u00e1vn\u011bn\u00ed pou\u017e\u00edvat tento znak:<br \/>\nPetr (Bambinot) Luke\u0161, Franta \u010c\u00e1slavsk\u00fd, Jan \u010cerv\u00ed\u010dek, Robert Jurka, La\u010fa Hanu\u0161ka, Jarda Jungman, Otakar K\u0159en<\/p>\n<p><a class=\"shutterset_\" title=\"t\u00fdmov\u00fd znak Nautilus\" href=\"https:\/\/www.tugtowing.cz\/wp-content\/uploads\/tymove_znaky\/logonautilus.jpg\"><img decoding=\"async\" class=\"ngg-singlepic ngg-none\" alt=\"logonautilus\" src=\"https:\/\/www.tugtowing.cz\/wp-content\/uploads\/tymove_znaky\/thumbs\/thumbs_logonautilus.jpg\" \/><\/a><\/p>\n<p><strong>NeJaToD<\/strong><br \/>\nKapit\u00e1ni, kte\u0159\u00ed maj\u00ed opr\u00e1vn\u011bn\u00ed pou\u017e\u00edvat tento znak:<br \/>\nIvvo, Nex<\/p>\n<p><a class=\"shutterset_\" title=\"t\u00fdmov\u00fd znak NeJaToD - sch\u00e9ma blue\" href=\"https:\/\/www.tugtowing.cz\/wp-content\/uploads\/tymove_znaky\/logonejatodblue.png\"><img decoding=\"async\" class=\"ngg-singlepic ngg-none\" alt=\"logonejatodblue\" src=\"https:\/\/www.tugtowing.cz\/wp-content\/uploads\/tymove_znaky\/thumbs\/thumbs_logonejatodblue.png\" \/><\/a> <a class=\"shutterset_\" title=\"t\u00fdmov\u00fd znak NeJaToD - sch\u00e9ma red\" href=\"https:\/\/www.tugtowing.cz\/wp-content\/uploads\/tymove_znaky\/logonejatodred.png\"><img decoding=\"async\" class=\"ngg-singlepic ngg-none\" alt=\"logonejatodred\" src=\"https:\/\/www.tugtowing.cz\/wp-content\/uploads\/tymove_znaky\/thumbs\/thumbs_logonejatodred.png\" \/><\/a><\/p>\n<p><strong>TF 323<\/strong><br \/>\nKapit\u00e1ni, kte\u0159\u00ed maj\u00ed opr\u00e1vn\u011bn\u00ed pou\u017e\u00edvat tento znak:<br \/>\nRadek \u0160anda, Lud\u011bk Rais<\/p>\n<p><a class=\"shutterset_\" title=\"t\u00fdmov\u00fd znak TF 323\" href=\"https:\/\/www.tugtowing.cz\/wp-content\/uploads\/tymove_znaky\/logotf323.png\"><img decoding=\"async\" class=\"ngg-singlepic ngg-none\" alt=\"logotf323\" src=\"https:\/\/www.tugtowing.cz\/wp-content\/uploads\/tymove_znaky\/thumbs\/thumbs_logotf323.png\" \/><\/a><\/p>\n<p>&nbsp;<\/p>\n<p><strong>Rychle a Zb\u011bsile<\/strong><br \/>\nKapit\u00e1ni, kte\u0159\u00ed maj\u00ed opr\u00e1vn\u011bn\u00ed pou\u017e\u00edvat tento znak:<br \/>\nRomanT, Keba<\/p>\n","protected":false},"excerpt":{"rendered":"<p>T\u00fdmov\u00e9 znaky jsou &#8222;logem&#8220; sout\u011b\u017en\u00edho t\u00fdmu. T\u00fdmov\u00e9 znaky zde uveden\u00e9 mohou pou\u017e\u00edvat jen opr\u00e1vn\u011bn\u00ed kapit\u00e1ni, nebo s jejich souhlasem. Last Minute Kapit\u00e1ni, kte\u0159\u00ed maj\u00ed opr\u00e1vn\u011bn\u00ed pou\u017e\u00edvat tento znak: Ante, Keba Nautilus Kapit\u00e1ni, kte\u0159\u00ed maj\u00ed opr\u00e1vn\u011bn\u00ed pou\u017e\u00edvat tento znak: Petr (Bambinot) Luke\u0161, Franta \u010c\u00e1slavsk\u00fd, Jan \u010cerv\u00ed\u010dek, Robert Jurka, La\u010fa Hanu\u0161ka, Jarda Jungman, Otakar K\u0159en NeJaToD Kapit\u00e1ni, [&hellip;]<\/p>\n","protected":false},"author":2,"featured_media":0,"parent":29,"menu_order":7,"comment_status":"open","ping_status":"open","template":"","meta":{"footnotes":""},"class_list":["post-326","page","type-page","status-publish","hentry"],"_links":{"self":[{"href":"https:\/\/www.tugtowing.cz\/index.php?rest_route=\/wp\/v2\/pages\/326","targetHints":{"allow":["GET"]}}],"collection":[{"href":"https:\/\/www.tugtowing.cz\/index.php?rest_route=\/wp\/v2\/pages"}],"about":[{"href":"https:\/\/www.tugtowing.cz\/index.php?rest_route=\/wp\/v2\/types\/page"}],"author":[{"embeddable":true,"href":"https:\/\/www.tugtowing.cz\/index.php?rest_route=\/wp\/v2\/users\/2"}],"replies":[{"embeddable":true,"href":"https:\/\/www.tugtowing.cz\/index.php?rest_route=%2Fwp%2Fv2%2Fcomments&post=326"}],"version-history":[{"count":0,"href":"https:\/\/www.tugtowing.cz\/index.php?rest_route=\/wp\/v2\/pages\/326\/revisions"}],"up":[{"embeddable":true,"href":"https:\/\/www.tugtowing.cz\/index.php?rest_route=\/wp\/v2\/pages\/29"}],"wp:attachment":[{"href":"https:\/\/www.tugtowing.cz\/index.php?rest_route=%2Fwp%2Fv2%2Fmedia&parent=326"}],"curies":[{"name":"wp","href":"https:\/\/api.w.org\/{rel}","templated":true}]}}