{"id":337,"date":"2010-11-02T12:44:17","date_gmt":"2010-11-02T10:44:17","guid":{"rendered":"http:\/\/www.tugtowing.cz\/?page_id=337"},"modified":"2013-10-10T10:11:45","modified_gmt":"2013-10-10T09:11:45","slug":"certifikat","status":"publish","type":"page","link":"https:\/\/www.tugtowing.cz\/?page_id=337","title":{"rendered":"Certifik\u00e1t"},"content":{"rendered":"<p><a class=\"shutterset_\" title=\"Certifik\u00e1t o prom\u011b\u0159en\u00ed modelu remork\u00e9ru.\" href=\"https:\/\/www.tugtowing.cz\/wp-content\/uploads\/certifikaty\/certificatetug.jpg\"><img loading=\"lazy\" decoding=\"async\" class=\"ngg-singlepic ngg-left alignleft\" alt=\"certificatetug\" src=\"https:\/\/www.tugtowing.cz\/wp-content\/uploads\/certifikaty\/thumbs\/thumbs_certificatetug.jpg\" width=\"100\" height=\"75\" \/><\/a>Tento certifik\u00e1t bude ud\u011blen ka\u017ed\u00e9mu remork\u00e9ru, kter\u00fd se \u00fa\u010dastn\u00ed alespo\u0148 jednoho sout\u011b\u017en\u00edho setk\u00e1n\u00ed v tug towingu na kter\u00e9m bude prom\u011b\u0159en rozhod\u010d\u00edm za pomoci ofici\u00e1ln\u00edho m\u011b\u0159idla. M\u011b\u0159en\u00ed mohou rozhod\u010d\u00ed kdykoliv opakovat z vlastn\u00edho rozhodnut\u00ed nebo na \u017e\u00e1dost sout\u011b\u017e\u00edc\u00edho kapit\u00e1na.<\/p>\n","protected":false},"excerpt":{"rendered":"<p>Tento certifik\u00e1t bude ud\u011blen ka\u017ed\u00e9mu remork\u00e9ru, kter\u00fd se \u00fa\u010dastn\u00ed alespo\u0148 jednoho sout\u011b\u017en\u00edho setk\u00e1n\u00ed v tug towingu na kter\u00e9m bude prom\u011b\u0159en rozhod\u010d\u00edm za pomoci ofici\u00e1ln\u00edho m\u011b\u0159idla. M\u011b\u0159en\u00ed mohou rozhod\u010d\u00ed kdykoliv opakovat z vlastn\u00edho rozhodnut\u00ed nebo na \u017e\u00e1dost sout\u011b\u017e\u00edc\u00edho kapit\u00e1na.<\/p>\n","protected":false},"author":2,"featured_media":0,"parent":132,"menu_order":5,"comment_status":"open","ping_status":"closed","template":"","meta":{"footnotes":""},"class_list":["post-337","page","type-page","status-publish","hentry"],"_links":{"self":[{"href":"https:\/\/www.tugtowing.cz\/index.php?rest_route=\/wp\/v2\/pages\/337","targetHints":{"allow":["GET"]}}],"collection":[{"href":"https:\/\/www.tugtowing.cz\/index.php?rest_route=\/wp\/v2\/pages"}],"about":[{"href":"https:\/\/www.tugtowing.cz\/index.php?rest_route=\/wp\/v2\/types\/page"}],"author":[{"embeddable":true,"href":"https:\/\/www.tugtowing.cz\/index.php?rest_route=\/wp\/v2\/users\/2"}],"replies":[{"embeddable":true,"href":"https:\/\/www.tugtowing.cz\/index.php?rest_route=%2Fwp%2Fv2%2Fcomments&post=337"}],"version-history":[{"count":0,"href":"https:\/\/www.tugtowing.cz\/index.php?rest_route=\/wp\/v2\/pages\/337\/revisions"}],"up":[{"embeddable":true,"href":"https:\/\/www.tugtowing.cz\/index.php?rest_route=\/wp\/v2\/pages\/132"}],"wp:attachment":[{"href":"https:\/\/www.tugtowing.cz\/index.php?rest_route=%2Fwp%2Fv2%2Fmedia&parent=337"}],"curies":[{"name":"wp","href":"https:\/\/api.w.org\/{rel}","templated":true}]}}