{"id":3392,"date":"2013-03-06T21:25:05","date_gmt":"2013-03-06T20:25:05","guid":{"rendered":"http:\/\/www.tugtowing.cz\/?page_id=3392"},"modified":"2013-07-30T20:13:00","modified_gmt":"2013-07-30T19:13:00","slug":"vikend-s-tug-towingem-2013-jindrichuv-hradec","status":"publish","type":"page","link":"https:\/\/www.tugtowing.cz\/?page_id=3392","title":{"rendered":"V\u00edkend s Tug Towingem 2013 &#8211; Jind\u0159ich\u016fv Hradec"},"content":{"rendered":"<p style=\"text-align: center;\"><img decoding=\"async\" class=\"ngg-singlepic ngg-center\" alt=\"ban_vikendtt2013\" src=\"https:\/\/www.tugtowing.cz\/wp-content\/uploads\/bannery\/ban_vikendtt2013.png\" \/><\/p>\n<p style=\"text-align: center;\"><a title=\"Propozice\" href=\"https:\/\/www.tugtowing.cz\/?p=3375\">Propozice<\/a><\/p>\n<p style=\"text-align: center;\"><a title=\"Pl\u00e1nky trat\u00ed\" href=\"https:\/\/www.tugtowing.cz\/?p=3495\">Pl\u00e1nky trat\u00ed<\/a><\/p>\n<p style=\"text-align: center;\"><a title=\"Anketa\" href=\"https:\/\/www.tugtowing.cz\/?p=3502\">Anketa<\/a><\/p>\n<p style=\"text-align: center;\"><a title=\"Report\u00e1\u017e\" href=\"https:\/\/www.tugtowing.cz\/?p=3567\">Report\u00e1\u017e<\/a><\/p>\n<p style=\"text-align: center;\">Foto<\/p>\n<p style=\"text-align: center;\"><a title=\"Video\" href=\"https:\/\/www.tugtowing.cz\/?p=3615\">Video<\/a><\/p>\n<p style=\"text-align: center;\"><a title=\"V\u00fdsledky\" href=\"https:\/\/www.tugtowing.cz\/doc\/Tabulky\/TTC02-2013.htm\" target=\"_blank\">V\u00fdsledky<\/a><\/p>\n<p style=\"text-align: center;\">Z\u00e1pisy j\u00edzd <a title=\"v\u00fdsledky LTT\" href=\"\/doc\/TTC2013\/TTC02-LTT.zip\">LTT<\/a>, <a title=\"v\u00fdsledky TTT\" href=\"\/doc\/TTC2013\/TTC02-TTT.zip\">TTT<\/a>, <a title=\"TLR1\" href=\"doc\/TTC2013\/TTC02-TLR1.zip\">TLR1<\/a>, <a title=\"TLR2\" href=\"\/doc\/TTC2013\/TTC02-TLR2.zip\">TLR2<\/a>, <a title=\"TTC02\" href=\"doc\/TTC2013\/TTC02.zip\">TTC02<\/a><\/p>\n","protected":false},"excerpt":{"rendered":"<p>Propozice Pl\u00e1nky trat\u00ed Anketa Report\u00e1\u017e Foto Video V\u00fdsledky Z\u00e1pisy j\u00edzd LTT, TTT, TLR1, TLR2, TTC02<\/p>\n","protected":false},"author":2,"featured_media":0,"parent":3033,"menu_order":3,"comment_status":"closed","ping_status":"closed","template":"","meta":{"footnotes":""},"class_list":["post-3392","page","type-page","status-publish","hentry"],"_links":{"self":[{"href":"https:\/\/www.tugtowing.cz\/index.php?rest_route=\/wp\/v2\/pages\/3392","targetHints":{"allow":["GET"]}}],"collection":[{"href":"https:\/\/www.tugtowing.cz\/index.php?rest_route=\/wp\/v2\/pages"}],"about":[{"href":"https:\/\/www.tugtowing.cz\/index.php?rest_route=\/wp\/v2\/types\/page"}],"author":[{"embeddable":true,"href":"https:\/\/www.tugtowing.cz\/index.php?rest_route=\/wp\/v2\/users\/2"}],"replies":[{"embeddable":true,"href":"https:\/\/www.tugtowing.cz\/index.php?rest_route=%2Fwp%2Fv2%2Fcomments&post=3392"}],"version-history":[{"count":0,"href":"https:\/\/www.tugtowing.cz\/index.php?rest_route=\/wp\/v2\/pages\/3392\/revisions"}],"up":[{"embeddable":true,"href":"https:\/\/www.tugtowing.cz\/index.php?rest_route=\/wp\/v2\/pages\/3033"}],"wp:attachment":[{"href":"https:\/\/www.tugtowing.cz\/index.php?rest_route=%2Fwp%2Fv2%2Fmedia&parent=3392"}],"curies":[{"name":"wp","href":"https:\/\/api.w.org\/{rel}","templated":true}]}}