{"id":3518,"date":"2013-05-22T20:17:08","date_gmt":"2013-05-22T19:17:08","guid":{"rendered":"http:\/\/www.tugtowing.cz\/?page_id=3518"},"modified":"2013-07-30T20:17:31","modified_gmt":"2013-07-30T19:17:31","slug":"tug-towing-v-protivanove","status":"publish","type":"page","link":"https:\/\/www.tugtowing.cz\/?page_id=3518","title":{"rendered":"Tug Towing v Protivanov\u011b"},"content":{"rendered":"<p style=\"text-align: center;\">\u00a0<img decoding=\"async\" class=\"ngg-singlepic ngg-center\" alt=\"bannttc03-2013-468x60\" src=\"https:\/\/www.tugtowing.cz\/wp-content\/uploads\/bannery\/bannttc03-2013-468x60.png\" \/><\/p>\n<p style=\"text-align: center;\"><a title=\"Propozice\" href=\"https:\/\/www.tugtowing.cz\/?p=3513\">Propozice<\/a><\/p>\n<p style=\"text-align: center;\"><a title=\"Pl\u00e1nky trat\u00ed\" href=\"https:\/\/www.tugtowing.cz\/?p=3580\">Pl\u00e1nky trat\u00ed<\/a><\/p>\n<p style=\"text-align: center;\"><a title=\"Report\u00e1\u017e\" href=\"https:\/\/www.tugtowing.cz\/?p=3662\">Report\u00e1\u017e<\/a><\/p>\n<p style=\"text-align: center;\">Foto<\/p>\n<p style=\"text-align: center;\"><a title=\"Video\" href=\"https:\/\/www.tugtowing.cz\/?page_id=457#TTPROTI\">Video<\/a><\/p>\n<p style=\"text-align: center;\"><a title=\"V\u00fdsledky\" href=\"https:\/\/www.tugtowing.cz\/doc\/Tabulky\/TTC03-2013.htm\" target=\"_blank\">V\u00fdsledky<\/a><\/p>\n<p style=\"text-align: center;\">Z\u00e1pisy j\u00edzd: <a title=\"v\u00fdsledky LTT\" href=\"\/doc\/TTC2013\/TTC03-LTT.rar\" target=\"_blank\">LTT<\/a>, <a title=\"v\u00fdsledky TTT\" href=\"\/doc\/TTC2013\/TTC03-TTT.rar\" target=\"_blank\">TTT<\/a>, <a title=\"v\u00fdsledky TLR1\" href=\"\/doc\/TTC2013\/TTC03-TLR1.rar\" target=\"_blank\">TLR1<\/a>, <a title=\"v\u00fdsledky TLR2\" href=\"\/doc\/TTC2013\/TTC03-TLR2.rar\" target=\"_blank\">TLR2<\/a>, <a title=\"v\u00fdsledky\" href=\"\/doc\/TTC2013\/TTC03.rar\" target=\"_blank\">TTC03<\/a><\/p>\n","protected":false},"excerpt":{"rendered":"<p>\u00a0 Propozice Pl\u00e1nky trat\u00ed Report\u00e1\u017e Foto Video V\u00fdsledky Z\u00e1pisy j\u00edzd: LTT, TTT, TLR1, TLR2, TTC03<\/p>\n","protected":false},"author":2,"featured_media":0,"parent":3033,"menu_order":30,"comment_status":"closed","ping_status":"closed","template":"","meta":{"footnotes":""},"class_list":["post-3518","page","type-page","status-publish","hentry"],"_links":{"self":[{"href":"https:\/\/www.tugtowing.cz\/index.php?rest_route=\/wp\/v2\/pages\/3518","targetHints":{"allow":["GET"]}}],"collection":[{"href":"https:\/\/www.tugtowing.cz\/index.php?rest_route=\/wp\/v2\/pages"}],"about":[{"href":"https:\/\/www.tugtowing.cz\/index.php?rest_route=\/wp\/v2\/types\/page"}],"author":[{"embeddable":true,"href":"https:\/\/www.tugtowing.cz\/index.php?rest_route=\/wp\/v2\/users\/2"}],"replies":[{"embeddable":true,"href":"https:\/\/www.tugtowing.cz\/index.php?rest_route=%2Fwp%2Fv2%2Fcomments&post=3518"}],"version-history":[{"count":0,"href":"https:\/\/www.tugtowing.cz\/index.php?rest_route=\/wp\/v2\/pages\/3518\/revisions"}],"up":[{"embeddable":true,"href":"https:\/\/www.tugtowing.cz\/index.php?rest_route=\/wp\/v2\/pages\/3033"}],"wp:attachment":[{"href":"https:\/\/www.tugtowing.cz\/index.php?rest_route=%2Fwp%2Fv2%2Fmedia&parent=3518"}],"curies":[{"name":"wp","href":"https:\/\/api.w.org\/{rel}","templated":true}]}}