{"id":3521,"date":"2013-05-22T20:18:48","date_gmt":"2013-05-22T19:18:48","guid":{"rendered":"http:\/\/www.tugtowing.cz\/?page_id=3521"},"modified":"2014-03-12T20:58:16","modified_gmt":"2014-03-12T19:58:16","slug":"o-soudek-panistavky-2013","status":"publish","type":"page","link":"https:\/\/www.tugtowing.cz\/?page_id=3521","title":{"rendered":"O soudek Panist\u00e1vky 2013"},"content":{"rendered":"<p style=\"text-align: center;\"><img decoding=\"async\" class=\"ngg-singlepic ngg-center\" alt=\"banttc042013-468x60px-png\" src=\"https:\/\/www.tugtowing.cz\/wp-content\/uploads\/bannery\/banttc042013-468x60px.png\" \/><\/p>\n<p style=\"text-align: center;\"><a title=\"Propozice\" href=\"https:\/\/www.tugtowing.cz\/?p=3757\">Propozice<\/a><\/p>\n<p style=\"text-align: center;\"><a title=\"Pl\u00e1nky trat\u00ed\" href=\"https:\/\/www.tugtowing.cz\/?p=3832\">Pl\u00e1nky trat\u00ed<\/a><\/p>\n<p style=\"text-align: center;\"><a title=\"Report\u00e1\u017e\" href=\"https:\/\/www.tugtowing.cz\/?p=4063\">Report\u00e1\u017e<\/a><\/p>\n<p style=\"text-align: center;\"><a title=\"Foto\" href=\"https:\/\/www.tugtowing.cz\/?page_id=446#TT09\">Foto<\/a><\/p>\n<p style=\"text-align: center;\"><a title=\"Video\" href=\"http:\/\/www.youtube.com\/watch?v=i1RN1AhEKZw\" target=\"_blank\">Video<\/a><\/p>\n<p style=\"text-align: center;\"><a title=\"V\u00fdsledky\" href=\"https:\/\/www.tugtowing.cz\/doc\/Tabulky\/TTC04-2013.htm\" target=\"_blank\">V\u00fdsledky<\/a><\/p>\n<p style=\"text-align: center;\">Z\u00e1pisy j\u00edzd: <a href=\"\/doc\/TTC2013\/TTC04-LTT.rar\">LTT<\/a>, <a href=\"\/doc\/TTC2013\/TTC04-LTT.rar\">TTT<\/a>, <a href=\"\/doc\/TTC2013\/TTC04-TLR1.rar\">TLR1<\/a>, <a href=\"\/doc\/TTC2013\/TTC04-TLR2.rar\">TLR2<\/a>, <a href=\"\/doc\/TTC2013\/TTC04.rar\">TTC04<\/a><\/p>\n","protected":false},"excerpt":{"rendered":"<p>Propozice Pl\u00e1nky trat\u00ed Report\u00e1\u017e Foto Video V\u00fdsledky Z\u00e1pisy j\u00edzd: LTT, TTT, TLR1, TLR2, TTC04<\/p>\n","protected":false},"author":2,"featured_media":0,"parent":3033,"menu_order":40,"comment_status":"closed","ping_status":"closed","template":"","meta":{"footnotes":""},"class_list":["post-3521","page","type-page","status-publish","hentry"],"_links":{"self":[{"href":"https:\/\/www.tugtowing.cz\/index.php?rest_route=\/wp\/v2\/pages\/3521","targetHints":{"allow":["GET"]}}],"collection":[{"href":"https:\/\/www.tugtowing.cz\/index.php?rest_route=\/wp\/v2\/pages"}],"about":[{"href":"https:\/\/www.tugtowing.cz\/index.php?rest_route=\/wp\/v2\/types\/page"}],"author":[{"embeddable":true,"href":"https:\/\/www.tugtowing.cz\/index.php?rest_route=\/wp\/v2\/users\/2"}],"replies":[{"embeddable":true,"href":"https:\/\/www.tugtowing.cz\/index.php?rest_route=%2Fwp%2Fv2%2Fcomments&post=3521"}],"version-history":[{"count":0,"href":"https:\/\/www.tugtowing.cz\/index.php?rest_route=\/wp\/v2\/pages\/3521\/revisions"}],"up":[{"embeddable":true,"href":"https:\/\/www.tugtowing.cz\/index.php?rest_route=\/wp\/v2\/pages\/3033"}],"wp:attachment":[{"href":"https:\/\/www.tugtowing.cz\/index.php?rest_route=%2Fwp%2Fv2%2Fmedia&parent=3521"}],"curies":[{"name":"wp","href":"https:\/\/api.w.org\/{rel}","templated":true}]}}