{"id":3927,"date":"2013-10-09T19:15:51","date_gmt":"2013-10-09T18:15:51","guid":{"rendered":"http:\/\/www.tugtowing.cz\/?page_id=3927"},"modified":"2023-01-29T17:14:34","modified_gmt":"2023-01-29T16:14:34","slug":"vyuctovani-roku-2013","status":"publish","type":"page","link":"https:\/\/www.tugtowing.cz\/?page_id=3927","title":{"rendered":"Vy\u00fa\u010dtov\u00e1n\u00ed roku 2013"},"content":{"rendered":"<div>Klub NAMOLO o.s. kon\u010d\u00ed k <strong>16.9.2013<\/strong> se ziskem <span style=\"color: #008000;\"><strong>4.707,00 K\u010d<\/strong><\/span>.<\/div>\n<div><strong>P\u0159\u00edjmy<\/strong> byly <span style=\"color: #008000;\"><strong>25.907,83<\/strong>&nbsp; K\u010d<\/span>.<\/div>\n<div><strong>V\u00fddaje<\/strong> (\u00fa\u010dtovan\u00e9) <span style=\"color: #ff0000;\"><strong>21.200,18 <\/strong>K\u010d<\/span>.<\/div>\n<div><strong>Pokladna<\/strong> m\u00e1 kone\u010dn\u00fd z\u016fstatek k 16.9.2013:<strong> 2.631,00<\/strong> K\u010d.<br \/>\nBankovn\u00ed \u00fa\u010det <strong>Air bank<\/strong> m\u00e1 kone\u010dn\u00fd z\u016fstatek k 16.9.2013: <strong>16.848,00 <\/strong>K\u010d<\/div>\n<div>V roce <strong>2013<\/strong> byly \u00fa\u010detn\u011b tyto akce:<\/div>\n<div><strong>Most:<\/strong><\/div>\n<div>n\u00e1klady: 6050,-<\/div>\n<div>vybr\u00e1no: 3050,-<\/div>\n<div><span style=\"color: #ff0000;\">ztr\u00e1ta: 3000,-<\/span><\/div>\n<div><strong>Protivanov:<\/strong><\/div>\n<div>n\u00e1klady: 900,-<\/div>\n<div>vybr\u00e1no: 1900,-<\/div>\n<div><span style=\"color: #008000;\">zisk : 1000,-<\/span><\/div>\n<div><strong>Jind\u0159ich\u016fv Hradec:<\/strong><\/div>\n<div>n\u00e1klady: 4345,-<\/div>\n<div>vybr\u00e1no: 3500,-<\/div>\n<div><span style=\"color: #ff0000;\">ztr\u00e1ta : 845,-<\/span><\/div>\n<div><strong>Panist\u00e1vka:<\/strong><\/div>\n<div>n\u00e1klady: 6801,-<\/div>\n<div>vybr\u00e1no: 2250,-<\/div>\n<div><span style=\"color: #ff0000;\">ztr\u00e1ta: 4551,-<\/span><\/div>\n<p>Bez \u010dlensk\u00fdch p\u0159\u00edsp\u011bvk\u016f: 11.908,- K\u010d<\/p>\n<div>P\u0159\u00edsp\u011bvky: 14.000,-K\u010d<\/div>\n<div>&nbsp;<\/div>\n<div>V roce<strong> 2014<\/strong> o\u010dek\u00e1v\u00e1me po zaplacen\u00ed \u010dlensk\u00fdch p\u0159\u00edsp\u011bvk\u016f 14.000,-K\u010d n\u00e1r\u016fst na bankovn\u00ed \u00fa\u010det \u2013 1200,-K\u010d (bankovn\u00ed poplatky).<\/div>\n<div>&nbsp;<\/div>\n<div><strong>Nejbli\u017e\u0161\u00ed p\u0159edpokl\u00e1dan\u00e9 n\u00e1klady:<\/strong><\/div>\n<ul>\n<li>V \u00fanoru budeme platit baz\u00e9n v Most\u011b, v lo\u0148sk\u00e9m roce to bylo cca 8 000,- K\u010d. O\u010dek\u00e1v\u00e1me v\u00fdb\u011br na startovn\u00e9m 3000,- K\u010d (pron\u00e1jem baz\u00e9nu budeme dopl\u00e1cet z klubov\u00fdch zdroj\u016f).<\/li>\n<li>N\u00e1kup materi\u00e1lu na stavbu nov\u00e9ho vleku pro tug towing cca 3 000,- K\u010d.<\/li>\n<li>N\u00e1kup materi\u00e1lu na stavbu trat\u011b cca 1000,-K\u010d.<\/li>\n<li>N\u00e1kup cen pro v\u00edt\u011bze v jednotliv\u00fdch kategori\u00edch cca 5 000,- K\u010d.<\/li>\n<\/ul>\n<p><img decoding=\"async\" src=\"https:\/\/www.tugtowing.cz\/wp-content\/uploads\/icons\/icopdf.gif\" alt=\"icopdf\"> Dokument: <a href=\"https:\/\/www.tugtowing.cz\/doc\/KlubNAMOLO\/Hospodareni-KlubNAMOLO-2013.pdf\" target=\"_blank\" rel=\"noopener\">P\u0159\u00edjmy a v\u00fddaje dle p\u0159edkontace 2013<\/a><\/p>\n<p><img decoding=\"async\" class=\"ngg-singlepic ngg-none\" src=\"https:\/\/www.tugtowing.cz\/wp-content\/uploads\/icons\/icoexcel.gif\" alt=\"icoexcel\">&nbsp;Dokument: <a title=\"Z\u00e1pis z \u010dlensk\u00e9 sch\u016fze ze dne 14.9.2013\" href=\"https:\/\/www.tugtowing.cz\/doc\/KlubNAMOLO\/KlubNAMOLO-Hospodareni2013.xls\" target=\"_blank\" rel=\"noopener\">Hospoda\u0159en\u00ed 2013<\/a><\/p>\n<div>Zpr\u00e1vu dne 17.9.2013 sestavila Monika Va\u0161kebov\u00e1<br \/>\nZpr\u00e1va aktualizov\u00e1na dne: 01.01.2017<\/div>\n","protected":false},"excerpt":{"rendered":"<p>Klub NAMOLO o.s. kon\u010d\u00ed k 16.9.2013 se ziskem 4.707,00 K\u010d. P\u0159\u00edjmy byly 25.907,83&nbsp; K\u010d. V\u00fddaje (\u00fa\u010dtovan\u00e9) 21.200,18 K\u010d. Pokladna m\u00e1 kone\u010dn\u00fd z\u016fstatek k 16.9.2013: 2.631,00 K\u010d. Bankovn\u00ed \u00fa\u010det Air bank m\u00e1 kone\u010dn\u00fd z\u016fstatek k 16.9.2013: 16.848,00 K\u010d V roce 2013 byly \u00fa\u010detn\u011b tyto akce: Most: n\u00e1klady: 6050,- vybr\u00e1no: 3050,- ztr\u00e1ta: 3000,- Protivanov: n\u00e1klady: 900,- vybr\u00e1no: [&hellip;]<\/p>\n","protected":false},"author":2,"featured_media":0,"parent":52,"menu_order":53,"comment_status":"closed","ping_status":"closed","template":"","meta":{"footnotes":""},"class_list":["post-3927","page","type-page","status-publish","hentry"],"_links":{"self":[{"href":"https:\/\/www.tugtowing.cz\/index.php?rest_route=\/wp\/v2\/pages\/3927","targetHints":{"allow":["GET"]}}],"collection":[{"href":"https:\/\/www.tugtowing.cz\/index.php?rest_route=\/wp\/v2\/pages"}],"about":[{"href":"https:\/\/www.tugtowing.cz\/index.php?rest_route=\/wp\/v2\/types\/page"}],"author":[{"embeddable":true,"href":"https:\/\/www.tugtowing.cz\/index.php?rest_route=\/wp\/v2\/users\/2"}],"replies":[{"embeddable":true,"href":"https:\/\/www.tugtowing.cz\/index.php?rest_route=%2Fwp%2Fv2%2Fcomments&post=3927"}],"version-history":[{"count":1,"href":"https:\/\/www.tugtowing.cz\/index.php?rest_route=\/wp\/v2\/pages\/3927\/revisions"}],"predecessor-version":[{"id":10843,"href":"https:\/\/www.tugtowing.cz\/index.php?rest_route=\/wp\/v2\/pages\/3927\/revisions\/10843"}],"up":[{"embeddable":true,"href":"https:\/\/www.tugtowing.cz\/index.php?rest_route=\/wp\/v2\/pages\/52"}],"wp:attachment":[{"href":"https:\/\/www.tugtowing.cz\/index.php?rest_route=%2Fwp%2Fv2%2Fmedia&parent=3927"}],"curies":[{"name":"wp","href":"https:\/\/api.w.org\/{rel}","templated":true}]}}